{"id":74057,"date":"2026-01-15T09:11:40","date_gmt":"2026-01-15T09:11:40","guid":{"rendered":"https:\/\/skinstudio.ee\/?post_type=product&#038;p=74057"},"modified":"2026-01-21T13:57:22","modified_gmt":"2026-01-21T13:57:22","slug":"c-vit-ax-advance-ampoules","status":"publish","type":"product","link":"https:\/\/skinstudio.ee\/lv\/catalog\/sesderma-lv\/c-vit-ax-advance-ampoules\/","title":{"rendered":"C-VIT AX+ Advance Ampoules"},"content":{"rendered":"<p data-start=\"176\" data-end=\"446\"><strong data-start=\"176\" data-end=\"218\">C-VIT AX+ Advance Ampoules no Sesderma<\/strong> ir intens\u012bvs ampulu kurss \u0101dai ar bl\u0101vu toni, noguruma paz\u012bm\u0113m un pirmaj\u0101m noveco\u0161an\u0101s paz\u012bm\u0113m. Formula ir v\u0113rsta uz \u0101das mirdzuma uzlabo\u0161anu, tekst\u016bras pilnveido\u0161anu un svaig\u0101ka, kopt\u0101ka un izsmalcin\u0101t\u0101ka izskata atbalst\u012b\u0161anu.<\/p>\n<p data-start=\"448\" data-end=\"635\">Viegl\u0101 seruma tekst\u016bra \u0101tri ies\u016bcas un vienm\u0113r\u012bgi izkl\u0101jas uz \u0101das. Regul\u0101ri lietojot, \u0101da izskat\u0101s glud\u0101ka, tvirt\u0101ka un elast\u012bg\u0101ka, bet sejas kr\u0101sa k\u013c\u016bst gai\u0161\u0101ka, t\u012br\u0101ka un vienm\u0113r\u012bg\u0101ka.<\/p>\n<p data-start=\"637\" data-end=\"670\"><strong data-start=\"637\" data-end=\"670\">Galveno komponentu iedarb\u012bba:<\/strong><\/p>\n<p data-start=\"672\" data-end=\"1003\"><strong data-start=\"672\" data-end=\"693\">Vitamin C Complex<\/strong> &#8211; pal\u012bdz uzlabot \u0101das mirdzumu, atbalsta vienm\u0113r\u012bg\u0101ku \u0101das toni un pie\u0161\u0137ir \u0101dai starojo\u0161\u0101ku izskatu.<br data-start=\"794\" data-end=\"797\" \/><strong data-start=\"797\" data-end=\"812\">Niacinamide<\/strong> &#8211; pal\u012bdz uzlabot \u0101das kop\u0113jo kvalit\u0101ti un veicina glud\u0101ku, izsmalcin\u0101t\u0101ku tekst\u016bru.<br data-start=\"896\" data-end=\"899\" \/><strong data-start=\"899\" data-end=\"921\">Sodium Hyaluronate<\/strong> &#8211; nodro\u0161ina intens\u012bvu mitrin\u0101\u0161anu un pal\u012bdz uztur\u0113t optim\u0101lu \u0101das mitruma l\u012bmeni.<\/p>\n<p data-start=\"1005\" data-end=\"1171\">Piem\u0113rots visiem \u0101das tipiem, tostarp \u0101dai ar bl\u0101vu toni, noguruma paz\u012bm\u0113m un pirmaj\u0101m noveco\u0161an\u0101s paz\u012bm\u0113m. Var lietot k\u0101 kursu vai k\u0101 da\u013cu no ikdienas \u0101das kop\u0161anas.<\/p>\n<p data-start=\"1173\" data-end=\"1201\"><strong data-start=\"1173\" data-end=\"1185\">Tilpums:<\/strong> <strong data-start=\"1186\" data-end=\"1201\">10 x 1.5 ml<\/strong><\/p>\n","protected":false},"excerpt":{"rendered":"<p data-start=\"1340\" data-end=\"1358\">C vitam\u012bna ampulas<\/p>\n<h2 data-start=\"1360\" data-end=\"1410\"><strong data-start=\"1360\" data-end=\"1410\">\u012apa\u0161\u012bbas Sesderma &#8211; C-VIT AX+ Advance Ampoules<\/strong><\/h2>\n<p data-start=\"1412\" data-end=\"1615\">\u2714\ufe0f Atjauno \u0101das mirdzumu un svaigumu<br data-start=\"1448\" data-end=\"1451\" \/>\u2714\ufe0f Padara \u0101du glud\u0101ku un izsmalcin\u0101t\u0101ku<br data-start=\"1490\" data-end=\"1493\" \/>\u2714\ufe0f Izl\u012bdzina \u0101das toni un uzlabo sejas kr\u0101su<br data-start=\"1537\" data-end=\"1540\" \/>\u2714\ufe0f Uzlabo \u0101das tvirtumu un bl\u012bvumu<br data-start=\"1574\" data-end=\"1577\" \/>\u2714\ufe0f Intens\u012bvi mitrina un m\u012bkstina \u0101du<\/p>\n","protected":false},"featured_media":74049,"template":"","meta":[],"pwb-brand":[1262],"product_brand":[],"product_cat":[729,749,751,723],"product_tag":[],"giftcard-category":[],"class_list":{"0":"post-74057","1":"product","2":"type-product","3":"status-publish","4":"has-post-thumbnail","6":"pwb-brand-sesderma-lv","7":"product_cat-c-vitamins","8":"product_cat-novecojosa-ada","9":"product_cat-pigmentacija-lv","10":"product_cat-serumi","12":"first","13":"instock","14":"sale","15":"taxable","16":"shipping-taxable","17":"purchasable","18":"product-type-simple"},"acf":[],"brands":[{"id":1262,"name":"Sesderma","slug":"sesderma-lv"}],"_links":{"self":[{"href":"https:\/\/skinstudio.ee\/lv\/wp-json\/wp\/v2\/product\/74057","targetHints":{"allow":["GET"]}}],"collection":[{"href":"https:\/\/skinstudio.ee\/lv\/wp-json\/wp\/v2\/product"}],"about":[{"href":"https:\/\/skinstudio.ee\/lv\/wp-json\/wp\/v2\/types\/product"}],"version-history":[{"count":1,"href":"https:\/\/skinstudio.ee\/lv\/wp-json\/wp\/v2\/product\/74057\/revisions"}],"predecessor-version":[{"id":74058,"href":"https:\/\/skinstudio.ee\/lv\/wp-json\/wp\/v2\/product\/74057\/revisions\/74058"}],"wp:featuredmedia":[{"embeddable":true,"href":"https:\/\/skinstudio.ee\/lv\/wp-json\/wp\/v2\/media\/74049"}],"wp:attachment":[{"href":"https:\/\/skinstudio.ee\/lv\/wp-json\/wp\/v2\/media?parent=74057"}],"wp:term":[{"taxonomy":"pwb-brand","embeddable":true,"href":"https:\/\/skinstudio.ee\/lv\/wp-json\/wp\/v2\/pwb-brand?post=74057"},{"taxonomy":"product_brand","embeddable":true,"href":"https:\/\/skinstudio.ee\/lv\/wp-json\/wp\/v2\/product_brand?post=74057"},{"taxonomy":"product_cat","embeddable":true,"href":"https:\/\/skinstudio.ee\/lv\/wp-json\/wp\/v2\/product_cat?post=74057"},{"taxonomy":"product_tag","embeddable":true,"href":"https:\/\/skinstudio.ee\/lv\/wp-json\/wp\/v2\/product_tag?post=74057"},{"taxonomy":"giftcard-category","embeddable":true,"href":"https:\/\/skinstudio.ee\/lv\/wp-json\/wp\/v2\/giftcard-category?post=74057"}],"curies":[{"name":"wp","href":"https:\/\/api.w.org\/{rel}","templated":true}]}}