{"id":74073,"date":"2026-01-15T09:20:06","date_gmt":"2026-01-15T09:20:06","guid":{"rendered":"https:\/\/skinstudio.ee\/?post_type=product&#038;p=74073"},"modified":"2026-01-21T13:57:22","modified_gmt":"2026-01-21T13:57:22","slug":"c-vit-ax-liposomal-serum","status":"publish","type":"product","link":"https:\/\/skinstudio.ee\/lv\/catalog\/sesderma-lv\/c-vit-ax-liposomal-serum\/","title":{"rendered":"C-VIT AX+ Liposomal Serum"},"content":{"rendered":"<p data-start=\"183\" data-end=\"472\"><strong data-start=\"183\" data-end=\"224\">C-VIT AX+ Liposomal Serum no Sesderma<\/strong> ir liposom\u0101ls serums regul\u0101rai \u0101das kop\u0161anai bl\u0101vam tonim, noguruma paz\u012bm\u0113m un pirmaj\u0101m noveco\u0161an\u0101s paz\u012bm\u0113m. Formula ir v\u0113rsta uz \u0101das kop\u0113j\u0101s kvalit\u0101tes uzlabo\u0161anu, mirdzuma pastiprin\u0101\u0161anu un svaig\u0101ka, starojo\u0161\u0101ka un kopt\u0101ka izskata atbalst\u012b\u0161anu.<\/p>\n<p data-start=\"474\" data-end=\"735\">Viegl\u0101 tekst\u016bra \u0101tri ies\u016bcas un vienm\u0113r\u012bgi izkl\u0101jas, padarot serumu piem\u0113rotu ikdienas lieto\u0161anai gan no r\u012bta, gan vakar\u0101. Regul\u0101ri lietojot, sejas kr\u0101sa k\u013c\u016bst vienm\u0113r\u012bg\u0101ka un t\u012br\u0101ka, \u0101da \u2013 glud\u0101ka un tvirt\u0101ka, bet kop\u0113jais izskats \u2013 svaig\u0101ks un izsmalcin\u0101t\u0101ks.<\/p>\n<p data-start=\"737\" data-end=\"770\"><strong data-start=\"737\" data-end=\"770\">Galveno komponentu iedarb\u012bba:<\/strong><\/p>\n<p data-start=\"772\" data-end=\"1072\"><strong data-start=\"772\" data-end=\"811\">Vitamin C (3-O-Ethyl Ascorbic Acid)<\/strong> &#8211; pal\u012bdz uzlabot \u0101das mirdzumu, atbalsta vienm\u0113r\u012bg\u0101ku \u0101das toni un pastiprina starojumu.<br data-start=\"900\" data-end=\"903\" \/><strong data-start=\"903\" data-end=\"918\">Resveratrol<\/strong> &#8211; nodro\u0161ina antioksidantu aizsardz\u012bbu un pal\u012bdz saglab\u0101t koptu izskatu.<br data-start=\"990\" data-end=\"993\" \/><strong data-start=\"993\" data-end=\"1015\">Sodium Hyaluronate<\/strong> &#8211; mitrina \u0101du un pal\u012bdz uztur\u0113t t\u0101s gludumu un komfortu.<\/p>\n<p data-start=\"1074\" data-end=\"1224\">Piem\u0113rots visiem \u0101das tipiem, tostarp bl\u0101vai \u0101dai, \u0101dai ar noguruma paz\u012bm\u0113m un pirmaj\u0101m noveco\u0161an\u0101s paz\u012bm\u0113m. Var lietot ikdienas \u0101das kop\u0161anas rut\u012bn\u0101.<\/p>\n<p data-start=\"1226\" data-end=\"1248\"><strong data-start=\"1226\" data-end=\"1238\">Tilpums:<\/strong> <strong data-start=\"1239\" data-end=\"1248\">30 ml<\/strong><\/p>\n","protected":false},"excerpt":{"rendered":"<p data-start=\"1421\" data-end=\"1441\">Serums ar C vitam\u012bnu<\/p>\n<h2 data-start=\"1443\" data-end=\"1492\"><strong data-start=\"1443\" data-end=\"1492\">\u012apa\u0161\u012bbas Sesderma &#8211; C-VIT AX+ Liposomal Serum<\/strong><\/h2>\n<p data-start=\"1494\" data-end=\"1717\">\u2714\ufe0f Izgaismo un izl\u012bdzina sejas toni<br data-start=\"1529\" data-end=\"1532\" \/>\u2714\ufe0f Atjauno mirdzumu un svaigu izskatu<br data-start=\"1569\" data-end=\"1572\" \/>\u2714\ufe0f Samazina bl\u0101vumu un nevienm\u0113r\u012bgu pigment\u0101ciju<br data-start=\"1620\" data-end=\"1623\" \/>\u2714\ufe0f Atbalsta \u0101das tvirtumu un gludumu<br data-start=\"1659\" data-end=\"1662\" \/>\u2714\ufe0f Nodro\u0161ina antioksidantu aizsardz\u012bbu un mitrin\u0101\u0161anu<\/p>\n","protected":false},"featured_media":74065,"template":"","meta":[],"pwb-brand":[1262],"product_brand":[],"product_cat":[729,749,751,723],"product_tag":[],"giftcard-category":[],"class_list":{"0":"post-74073","1":"product","2":"type-product","3":"status-publish","4":"has-post-thumbnail","6":"pwb-brand-sesderma-lv","7":"product_cat-c-vitamins","8":"product_cat-novecojosa-ada","9":"product_cat-pigmentacija-lv","10":"product_cat-serumi","12":"first","13":"instock","14":"sale","15":"taxable","16":"shipping-taxable","17":"purchasable","18":"product-type-simple"},"acf":[],"brands":[{"id":1262,"name":"Sesderma","slug":"sesderma-lv"}],"_links":{"self":[{"href":"https:\/\/skinstudio.ee\/lv\/wp-json\/wp\/v2\/product\/74073","targetHints":{"allow":["GET"]}}],"collection":[{"href":"https:\/\/skinstudio.ee\/lv\/wp-json\/wp\/v2\/product"}],"about":[{"href":"https:\/\/skinstudio.ee\/lv\/wp-json\/wp\/v2\/types\/product"}],"version-history":[{"count":1,"href":"https:\/\/skinstudio.ee\/lv\/wp-json\/wp\/v2\/product\/74073\/revisions"}],"predecessor-version":[{"id":74074,"href":"https:\/\/skinstudio.ee\/lv\/wp-json\/wp\/v2\/product\/74073\/revisions\/74074"}],"wp:featuredmedia":[{"embeddable":true,"href":"https:\/\/skinstudio.ee\/lv\/wp-json\/wp\/v2\/media\/74065"}],"wp:attachment":[{"href":"https:\/\/skinstudio.ee\/lv\/wp-json\/wp\/v2\/media?parent=74073"}],"wp:term":[{"taxonomy":"pwb-brand","embeddable":true,"href":"https:\/\/skinstudio.ee\/lv\/wp-json\/wp\/v2\/pwb-brand?post=74073"},{"taxonomy":"product_brand","embeddable":true,"href":"https:\/\/skinstudio.ee\/lv\/wp-json\/wp\/v2\/product_brand?post=74073"},{"taxonomy":"product_cat","embeddable":true,"href":"https:\/\/skinstudio.ee\/lv\/wp-json\/wp\/v2\/product_cat?post=74073"},{"taxonomy":"product_tag","embeddable":true,"href":"https:\/\/skinstudio.ee\/lv\/wp-json\/wp\/v2\/product_tag?post=74073"},{"taxonomy":"giftcard-category","embeddable":true,"href":"https:\/\/skinstudio.ee\/lv\/wp-json\/wp\/v2\/giftcard-category?post=74073"}],"curies":[{"name":"wp","href":"https:\/\/api.w.org\/{rel}","templated":true}]}}