{"id":74089,"date":"2026-01-15T09:27:36","date_gmt":"2026-01-15T09:27:36","guid":{"rendered":"https:\/\/skinstudio.ee\/?post_type=product&#038;p=74089"},"modified":"2026-01-21T13:57:22","modified_gmt":"2026-01-21T13:57:22","slug":"c-vit-ax-moisturizing-facial-cream","status":"publish","type":"product","link":"https:\/\/skinstudio.ee\/lv\/catalog\/sesderma-lv\/c-vit-ax-moisturizing-facial-cream\/","title":{"rendered":"C-VIT AX+ Moisturizing Facial Cream"},"content":{"rendered":"<p data-start=\"198\" data-end=\"522\"><strong data-start=\"198\" data-end=\"249\">C-VIT AX+ Moisturizing Facial Cream no Sesderma<\/strong> ir mitrino\u0161s kr\u0113ms ar antioksidantu iedarb\u012bbu ikdienas kop\u0161anai \u0101dai ar bl\u0101vu toni, noguruma paz\u012bm\u0113m un pirmaj\u0101m noveco\u0161an\u0101s paz\u012bm\u0113m. Formula ir v\u0113rsta uz \u0101das kop\u0113j\u0101s kvalit\u0101tes uzlabo\u0161anu, mirdzuma pastiprin\u0101\u0161anu un svaig\u0101ka, starojo\u0161\u0101ka un kopt\u0101ka izskata atbalst\u012b\u0161anu.<\/p>\n<p data-start=\"524\" data-end=\"745\">Kr\u0113mam ir pat\u012bkama tekst\u016bra, kas viegli kl\u0101jas un \u0101tri ies\u016bcas, nep\u0101rslogojot \u0101du. Regul\u0101ri lietojot, sejas kr\u0101sa k\u013c\u016bst vienm\u0113r\u012bg\u0101ka un t\u012br\u0101ka, \u0101da \u2013 glud\u0101ka un tvirt\u0101ka, bet kop\u0113jais izskats \u2013 svaig\u0101ks un izsmalcin\u0101t\u0101ks.<\/p>\n<p data-start=\"747\" data-end=\"780\"><strong data-start=\"747\" data-end=\"780\">Galveno komponentu iedarb\u012bba:<\/strong><\/p>\n<p data-start=\"782\" data-end=\"1127\"><strong data-start=\"782\" data-end=\"821\">Vitamin C (3-O-Ethyl Ascorbic Acid)<\/strong> &#8211; pal\u012bdz uzlabot \u0101das mirdzumu, atbalsta vienm\u0113r\u012bg\u0101ku \u0101das toni un pie\u0161\u0137ir \u0101dai starojo\u0161\u0101ku izskatu.<br data-start=\"922\" data-end=\"925\" \/><strong data-start=\"925\" data-end=\"951\">Palmitoyl Tripeptide-5<\/strong> &#8211; atbalsta \u0101das tvirtumu un pal\u012bdz veicin\u0101t bl\u012bv\u0101ku, glud\u0101ku izskatu.<br data-start=\"1021\" data-end=\"1024\" \/><strong data-start=\"1024\" data-end=\"1039\">Resveratrol<\/strong> &#8211; nodro\u0161ina antioksidantu aizsardz\u012bbu un pal\u012bdz saglab\u0101t koptu un vienm\u0113r\u012bg\u0101ku izskatu.<\/p>\n<p data-start=\"1129\" data-end=\"1285\">Piem\u0113rots visiem \u0101das tipiem, tostarp \u0101dai ar bl\u0101vu toni, noguruma paz\u012bm\u0113m un pirmaj\u0101m noveco\u0161an\u0101s paz\u012bm\u0113m. Ide\u0101li piem\u0113rots ikdienas lieto\u0161anai p\u0113c seruma.<\/p>\n<p data-start=\"1287\" data-end=\"1309\"><strong data-start=\"1287\" data-end=\"1299\">Tilpums:<\/strong> <strong data-start=\"1300\" data-end=\"1309\">50 ml<\/strong><\/p>\n","protected":false},"excerpt":{"rendered":"<p data-start=\"1392\" data-end=\"1421\">Mitrino\u0161s kr\u0113ms ar C vitam\u012bnu<\/p>\n<h2 data-start=\"1423\" data-end=\"1482\"><strong data-start=\"1423\" data-end=\"1482\">\u012apa\u0161\u012bbas Sesderma &#8211; C-VIT AX+ Moisturizing Facial Cream<\/strong><\/h2>\n<p data-start=\"1484\" data-end=\"1673\">\u2714\ufe0f Izgaismo un izl\u012bdzina sejas toni<br data-start=\"1519\" data-end=\"1522\" \/>\u2714\ufe0f Atjauno mirdzumu un svaigu izskatu<br data-start=\"1559\" data-end=\"1562\" \/>\u2714\ufe0f Atbalsta \u0101das tvirtumu un bl\u012bvumu<br data-start=\"1598\" data-end=\"1601\" \/>\u2714\ufe0f Aizsarg\u0101 pret oksidat\u012bvo stresu<br data-start=\"1635\" data-end=\"1638\" \/>\u2714\ufe0f Nodro\u0161ina ikdienas mitrin\u0101\u0161anu<\/p>\n","protected":false},"featured_media":74081,"template":"","meta":[],"pwb-brand":[1262],"product_brand":[],"product_cat":[729,737,749,751],"product_tag":[],"giftcard-category":[],"class_list":{"0":"post-74089","1":"product","2":"type-product","3":"status-publish","4":"has-post-thumbnail","6":"pwb-brand-sesderma-lv","7":"product_cat-c-vitamins","8":"product_cat-mitrinasana","9":"product_cat-novecojosa-ada","10":"product_cat-pigmentacija-lv","12":"first","13":"instock","14":"sale","15":"taxable","16":"shipping-taxable","17":"purchasable","18":"product-type-simple"},"acf":[],"brands":[{"id":1262,"name":"Sesderma","slug":"sesderma-lv"}],"_links":{"self":[{"href":"https:\/\/skinstudio.ee\/lv\/wp-json\/wp\/v2\/product\/74089","targetHints":{"allow":["GET"]}}],"collection":[{"href":"https:\/\/skinstudio.ee\/lv\/wp-json\/wp\/v2\/product"}],"about":[{"href":"https:\/\/skinstudio.ee\/lv\/wp-json\/wp\/v2\/types\/product"}],"version-history":[{"count":1,"href":"https:\/\/skinstudio.ee\/lv\/wp-json\/wp\/v2\/product\/74089\/revisions"}],"predecessor-version":[{"id":74090,"href":"https:\/\/skinstudio.ee\/lv\/wp-json\/wp\/v2\/product\/74089\/revisions\/74090"}],"wp:featuredmedia":[{"embeddable":true,"href":"https:\/\/skinstudio.ee\/lv\/wp-json\/wp\/v2\/media\/74081"}],"wp:attachment":[{"href":"https:\/\/skinstudio.ee\/lv\/wp-json\/wp\/v2\/media?parent=74089"}],"wp:term":[{"taxonomy":"pwb-brand","embeddable":true,"href":"https:\/\/skinstudio.ee\/lv\/wp-json\/wp\/v2\/pwb-brand?post=74089"},{"taxonomy":"product_brand","embeddable":true,"href":"https:\/\/skinstudio.ee\/lv\/wp-json\/wp\/v2\/product_brand?post=74089"},{"taxonomy":"product_cat","embeddable":true,"href":"https:\/\/skinstudio.ee\/lv\/wp-json\/wp\/v2\/product_cat?post=74089"},{"taxonomy":"product_tag","embeddable":true,"href":"https:\/\/skinstudio.ee\/lv\/wp-json\/wp\/v2\/product_tag?post=74089"},{"taxonomy":"giftcard-category","embeddable":true,"href":"https:\/\/skinstudio.ee\/lv\/wp-json\/wp\/v2\/giftcard-category?post=74089"}],"curies":[{"name":"wp","href":"https:\/\/api.w.org\/{rel}","templated":true}]}}