{"id":74122,"date":"2026-01-15T09:53:19","date_gmt":"2026-01-15T09:53:19","guid":{"rendered":"https:\/\/skinstudio.ee\/?post_type=product&#038;p=74122"},"modified":"2026-01-21T13:57:23","modified_gmt":"2026-01-21T13:57:23","slug":"c-vit-ax-radiance-glowing-fluid","status":"publish","type":"product","link":"https:\/\/skinstudio.ee\/lv\/catalog\/sesderma-lv\/c-vit-ax-radiance-glowing-fluid\/","title":{"rendered":"C-VIT AX+ Radiance Glowing Fluid"},"content":{"rendered":"<p data-start=\"183\" data-end=\"476\"><strong data-start=\"183\" data-end=\"231\">C-VIT AX+ Radiance Glowing Fluid no Sesderma<\/strong> ir viegls mirdzumu pie\u0161\u0137iro\u0161s flu\u012bds ar antioksidantu iedarb\u012bbu ikdienas kop\u0161anai bl\u0101vai un noguru\u0161ai \u0101dai. Formula ir v\u0113rsta uz \u0101das kop\u0113j\u0101s kvalit\u0101tes uzlabo\u0161anu, to\u0146a izl\u012bdzin\u0101\u0161anu un svaiga, kopt\u0101ka un dabiski starojo\u0161a izskata atjauno\u0161anu.<\/p>\n<p data-start=\"478\" data-end=\"719\">Pat\u012bkam\u0101 tekst\u016bra viegli kl\u0101jas un \u0101tri ies\u016bcas, atst\u0101jot \u0101du gludu un atsvaidzin\u0101tu. Regul\u0101ri lietojot, \u0101da izskat\u0101s vienm\u0113r\u012bg\u0101ka un izsmalcin\u0101t\u0101ka, bet gaismu atstarojo\u0161ie pigmenti pie\u0161\u0137ir sejai maigu, dabisku mirdzumu visas dienas garum\u0101.<\/p>\n<p data-start=\"721\" data-end=\"754\"><strong data-start=\"721\" data-end=\"754\">Galveno komponentu iedarb\u012bba:<\/strong><\/p>\n<p data-start=\"756\" data-end=\"1082\"><strong data-start=\"756\" data-end=\"795\">Vitamin C (3-O-Ethyl Ascorbic Acid)<\/strong> &#8211; pal\u012bdz uzlabot \u0101das mirdzumu, izl\u012bdzin\u0101t toni un pastiprin\u0101t dabisko starojumu.<br data-start=\"877\" data-end=\"880\" \/><strong data-start=\"880\" data-end=\"895\">Resveratrol<\/strong> &#8211; nodro\u0161ina antioksidantu aizsardz\u012bbu un pal\u012bdz saglab\u0101t koptu un vienm\u0113r\u012bgu izskatu.<br data-start=\"981\" data-end=\"984\" \/><strong data-start=\"984\" data-end=\"1010\">Palmitoyl Tripeptide-5<\/strong> &#8211; atbalsta \u0101das tvirtumu un pal\u012bdz veicin\u0101t glud\u0101ku un bl\u012bv\u0101ku izskatu.<\/p>\n<p data-start=\"1084\" data-end=\"1223\">Piem\u0113rots norm\u0101lai, kombin\u0113tai un taukainai \u0101dai, \u012bpa\u0161i ja \u0101da izskat\u0101s bl\u0101va un nogurusi. Ide\u0101li piem\u0113rots ikdienas lieto\u0161anai p\u0113c seruma.<\/p>\n<p data-start=\"1225\" data-end=\"1247\"><strong data-start=\"1225\" data-end=\"1237\">Tilpums:<\/strong> <strong data-start=\"1238\" data-end=\"1247\">50 ml<\/strong><\/p>\n","protected":false},"excerpt":{"rendered":"<p data-start=\"1379\" data-end=\"1410\">Sejas flu\u012bds ar mirdzuma efektu<\/p>\n<h2 data-start=\"1412\" data-end=\"1468\"><strong data-start=\"1412\" data-end=\"1468\">\u012apa\u0161\u012bbas Sesderma &#8211; C-VIT AX+ Radiance Glowing Fluid<\/strong><\/h2>\n<p data-start=\"1470\" data-end=\"1704\">\u2714\ufe0f Izgaismo un izl\u012bdzina kop\u0113jo sejas toni<br data-start=\"1512\" data-end=\"1515\" \/>\u2714\ufe0f Pie\u0161\u0137ir \u0101dai maigu dabisku mirdzumu<br data-start=\"1553\" data-end=\"1556\" \/>\u2714\ufe0f Samazina redzam\u0101s noguruma un bl\u0101vuma paz\u012bmes<br data-start=\"1604\" data-end=\"1607\" \/>\u2714\ufe0f Padara \u0101das virsmu glud\u0101ku un vienm\u0113r\u012bg\u0101ku<br data-start=\"1652\" data-end=\"1655\" \/>\u2714\ufe0f Nodro\u0161ina ikdienas antioksidantu aizsardz\u012bbu<\/p>\n","protected":false},"featured_media":74114,"template":"","meta":[],"pwb-brand":[1262],"product_brand":[],"product_cat":[729,749,751,723],"product_tag":[],"giftcard-category":[],"class_list":{"0":"post-74122","1":"product","2":"type-product","3":"status-publish","4":"has-post-thumbnail","6":"pwb-brand-sesderma-lv","7":"product_cat-c-vitamins","8":"product_cat-novecojosa-ada","9":"product_cat-pigmentacija-lv","10":"product_cat-serumi","12":"first","13":"instock","14":"sale","15":"taxable","16":"shipping-taxable","17":"purchasable","18":"product-type-simple"},"acf":[],"brands":[{"id":1262,"name":"Sesderma","slug":"sesderma-lv"}],"_links":{"self":[{"href":"https:\/\/skinstudio.ee\/lv\/wp-json\/wp\/v2\/product\/74122","targetHints":{"allow":["GET"]}}],"collection":[{"href":"https:\/\/skinstudio.ee\/lv\/wp-json\/wp\/v2\/product"}],"about":[{"href":"https:\/\/skinstudio.ee\/lv\/wp-json\/wp\/v2\/types\/product"}],"version-history":[{"count":1,"href":"https:\/\/skinstudio.ee\/lv\/wp-json\/wp\/v2\/product\/74122\/revisions"}],"predecessor-version":[{"id":74123,"href":"https:\/\/skinstudio.ee\/lv\/wp-json\/wp\/v2\/product\/74122\/revisions\/74123"}],"wp:featuredmedia":[{"embeddable":true,"href":"https:\/\/skinstudio.ee\/lv\/wp-json\/wp\/v2\/media\/74114"}],"wp:attachment":[{"href":"https:\/\/skinstudio.ee\/lv\/wp-json\/wp\/v2\/media?parent=74122"}],"wp:term":[{"taxonomy":"pwb-brand","embeddable":true,"href":"https:\/\/skinstudio.ee\/lv\/wp-json\/wp\/v2\/pwb-brand?post=74122"},{"taxonomy":"product_brand","embeddable":true,"href":"https:\/\/skinstudio.ee\/lv\/wp-json\/wp\/v2\/product_brand?post=74122"},{"taxonomy":"product_cat","embeddable":true,"href":"https:\/\/skinstudio.ee\/lv\/wp-json\/wp\/v2\/product_cat?post=74122"},{"taxonomy":"product_tag","embeddable":true,"href":"https:\/\/skinstudio.ee\/lv\/wp-json\/wp\/v2\/product_tag?post=74122"},{"taxonomy":"giftcard-category","embeddable":true,"href":"https:\/\/skinstudio.ee\/lv\/wp-json\/wp\/v2\/giftcard-category?post=74122"}],"curies":[{"name":"wp","href":"https:\/\/api.w.org\/{rel}","templated":true}]}}