{"id":74137,"date":"2026-01-15T10:07:53","date_gmt":"2026-01-15T10:07:53","guid":{"rendered":"https:\/\/skinstudio.ee\/?post_type=product&#038;p=74137"},"modified":"2026-01-21T13:57:23","modified_gmt":"2026-01-21T13:57:23","slug":"c-vit-eye-contour-cream-ceramic","status":"publish","type":"product","link":"https:\/\/skinstudio.ee\/lv\/catalog\/sesderma-lv\/c-vit-eye-contour-cream-ceramic\/","title":{"rendered":"C-VIT Eye Contour Cream Ceramic"},"content":{"rendered":"<p data-start=\"188\" data-end=\"543\"><strong data-start=\"188\" data-end=\"235\">C-VIT Eye Contour Cream Ceramic no Sesderma<\/strong> ir pretnoveco\u0161an\u0101s acu kont\u016bras kr\u0113ms ar antioksidantu iedarb\u012bbu ikdienas kop\u0161anai jut\u012bgajai acu zonas \u0101dai, kurai rakstur\u012bgas noguruma paz\u012bmes un pirm\u0101s noveco\u0161an\u0101s paz\u012bmes. Formula ir v\u0113rsta uz \u0101das kop\u0113j\u0101s kvalit\u0101tes uzlabo\u0161anu, mirdzuma pastiprin\u0101\u0161anu un svaig\u0101ka, kopt\u0101ka izskata atbalst\u012b\u0161anu acu zon\u0101.<\/p>\n<p data-start=\"545\" data-end=\"760\">Pat\u012bkam\u0101 tekst\u016bra viegli kl\u0101jas un \u0101tri ies\u016bcas, nep\u0101rslogojot \u0101du. Regul\u0101ri lietojot, acu zona izskat\u0101s glud\u0101ka un izsmalcin\u0101t\u0101ka, tum\u0161ie loki un piet\u016bkums k\u013c\u016bst maz\u0101k paman\u0101mi, bet skatiens \u2013 svaig\u0101ks un atp\u016bties.<\/p>\n<p data-start=\"762\" data-end=\"795\"><strong data-start=\"762\" data-end=\"795\">Galveno komponentu iedarb\u012bba:<\/strong><\/p>\n<p data-start=\"797\" data-end=\"1121\"><strong data-start=\"797\" data-end=\"836\">Vitamin C (3-O-Ethyl Ascorbic Acid)<\/strong> &#8211; pal\u012bdz uzlabot \u0101das mirdzumu un atbalsta vienm\u0113r\u012bg\u0101ku, starojo\u0161\u0101ku izskatu.<br data-start=\"914\" data-end=\"917\" \/><strong data-start=\"917\" data-end=\"932\">Resveratrol<\/strong> &#8211; nodro\u0161ina antioksidantu aizsardz\u012bbu un pal\u012bdz saglab\u0101t koptu un vienm\u0113r\u012bgu izskatu.<br data-start=\"1018\" data-end=\"1021\" \/><strong data-start=\"1021\" data-end=\"1049\">Palmitoyl Tetrapeptide-7<\/strong> &#8211; atbalsta \u0101das tvirtumu un pal\u012bdz veicin\u0101t glud\u0101ku un bl\u012bv\u0101ku izskatu.<\/p>\n<p data-start=\"1123\" data-end=\"1248\">Piem\u0113rots visiem \u0101das tipiem ikdienas lieto\u0161anai, \u012bpa\u0161i, ja acu zon\u0101 redzamas noguruma paz\u012bmes un pirm\u0101s noveco\u0161an\u0101s paz\u012bmes.<\/p>\n<p data-start=\"1250\" data-end=\"1272\"><strong data-start=\"1250\" data-end=\"1262\">Tilpums:<\/strong> <strong data-start=\"1263\" data-end=\"1272\">15 ml<\/strong><\/p>\n","protected":false},"excerpt":{"rendered":"<p data-start=\"1369\" data-end=\"1401\">Acu kont\u016bras kr\u0113ms ar C vitam\u012bnu<\/p>\n<h2 data-start=\"1403\" data-end=\"1458\"><strong data-start=\"1403\" data-end=\"1458\">\u012apa\u0161\u012bbas Sesderma &#8211; C-VIT Eye Contour Cream Ceramic<\/strong><\/h2>\n<p data-start=\"1460\" data-end=\"1678\">\u2714\ufe0f Izgaismo un izl\u012bdzina acu zonas \u0101das toni<br data-start=\"1504\" data-end=\"1507\" \/>\u2714\ufe0f Samazina tum\u0161o loku un piet\u016bkuma redzam\u012bbu<br data-start=\"1552\" data-end=\"1555\" \/>\u2714\ufe0f Padara \u0101du glud\u0101ku un kopt\u0101ku<br data-start=\"1587\" data-end=\"1590\" \/>\u2714\ufe0f Atbalsta \u0101das tvirtumu un bl\u012bvumu<br data-start=\"1626\" data-end=\"1629\" \/>\u2714\ufe0f Nodro\u0161ina ikdienas antioksidantu aizsardz\u012bbu<\/p>\n","protected":false},"featured_media":74130,"template":"","meta":[],"pwb-brand":[1262],"product_brand":[],"product_cat":[733,729],"product_tag":[],"giftcard-category":[],"class_list":{"0":"post-74137","1":"product","2":"type-product","3":"status-publish","4":"has-post-thumbnail","6":"pwb-brand-sesderma-lv","7":"product_cat-ada-ap-acim","8":"product_cat-c-vitamins","10":"first","11":"instock","12":"sale","13":"taxable","14":"shipping-taxable","15":"purchasable","16":"product-type-simple"},"acf":[],"brands":[{"id":1262,"name":"Sesderma","slug":"sesderma-lv"}],"_links":{"self":[{"href":"https:\/\/skinstudio.ee\/lv\/wp-json\/wp\/v2\/product\/74137","targetHints":{"allow":["GET"]}}],"collection":[{"href":"https:\/\/skinstudio.ee\/lv\/wp-json\/wp\/v2\/product"}],"about":[{"href":"https:\/\/skinstudio.ee\/lv\/wp-json\/wp\/v2\/types\/product"}],"version-history":[{"count":1,"href":"https:\/\/skinstudio.ee\/lv\/wp-json\/wp\/v2\/product\/74137\/revisions"}],"predecessor-version":[{"id":74138,"href":"https:\/\/skinstudio.ee\/lv\/wp-json\/wp\/v2\/product\/74137\/revisions\/74138"}],"wp:featuredmedia":[{"embeddable":true,"href":"https:\/\/skinstudio.ee\/lv\/wp-json\/wp\/v2\/media\/74130"}],"wp:attachment":[{"href":"https:\/\/skinstudio.ee\/lv\/wp-json\/wp\/v2\/media?parent=74137"}],"wp:term":[{"taxonomy":"pwb-brand","embeddable":true,"href":"https:\/\/skinstudio.ee\/lv\/wp-json\/wp\/v2\/pwb-brand?post=74137"},{"taxonomy":"product_brand","embeddable":true,"href":"https:\/\/skinstudio.ee\/lv\/wp-json\/wp\/v2\/product_brand?post=74137"},{"taxonomy":"product_cat","embeddable":true,"href":"https:\/\/skinstudio.ee\/lv\/wp-json\/wp\/v2\/product_cat?post=74137"},{"taxonomy":"product_tag","embeddable":true,"href":"https:\/\/skinstudio.ee\/lv\/wp-json\/wp\/v2\/product_tag?post=74137"},{"taxonomy":"giftcard-category","embeddable":true,"href":"https:\/\/skinstudio.ee\/lv\/wp-json\/wp\/v2\/giftcard-category?post=74137"}],"curies":[{"name":"wp","href":"https:\/\/api.w.org\/{rel}","templated":true}]}}