{"id":74153,"date":"2026-01-15T10:15:23","date_gmt":"2026-01-15T10:15:23","guid":{"rendered":"https:\/\/skinstudio.ee\/?post_type=product&#038;p=74153"},"modified":"2026-01-21T13:57:23","modified_gmt":"2026-01-21T13:57:23","slug":"c-vit-intensive-serum-flash-effect-ampoules","status":"publish","type":"product","link":"https:\/\/skinstudio.ee\/lv\/catalog\/sesderma-lv\/c-vit-intensive-serum-flash-effect-ampoules\/","title":{"rendered":"C-VIT Intensive Serum Flash Effect Ampoules"},"content":{"rendered":"<p data-start=\"205\" data-end=\"512\"><strong data-start=\"205\" data-end=\"264\">C-VIT Intensive Serum Flash Effect Ampoules no Sesderma<\/strong> ir intens\u012bvs ampulu kurss ar t\u012bru C vitam\u012bnu, kas paredz\u0113ts \u0101das t\u016bl\u012bt\u0113jai atsvaidzin\u0101\u0161anai un redzamam izskata uzlabojumam. Formula pal\u012bdz pie\u0161\u0137irt \u0101dai gai\u0161\u0101ku, starojo\u0161\u0101ku un kopt\u0101ku izskatu, k\u0101 ar\u012b atbalsta glud\u0101ku un vienm\u0113r\u012bg\u0101ku \u0101das virsmu.<\/p>\n<p data-start=\"514\" data-end=\"773\">Herm\u0113tiskais ampulu iepakojums pal\u012bdz saglab\u0101t C vitam\u012bnu optim\u0101l\u0101 st\u0101vokl\u012b l\u012bdz lieto\u0161anas br\u012bdim, pasarg\u0101jot to no gaismas un sk\u0101bek\u013ca iedarb\u012bbas. P\u0113c lieto\u0161anas \u0101da izskat\u0101s svaig\u0101ka, tvirt\u0101ka un mirdzo\u0161\u0101ka, bet kop\u0113jais izskats \u2013 atp\u016bties un izsmalcin\u0101ts.<\/p>\n<p data-start=\"775\" data-end=\"808\"><strong data-start=\"775\" data-end=\"808\">Galveno komponentu iedarb\u012bba:<\/strong><\/p>\n<p data-start=\"810\" data-end=\"1118\"><strong data-start=\"810\" data-end=\"844\">Pure Vitamin C (Ascorbic Acid)<\/strong> &#8211; pal\u012bdz uzlabot \u0101das mirdzumu, izl\u012bdzin\u0101t toni un pastiprin\u0101t redzamu starojumu.<br data-start=\"926\" data-end=\"929\" \/><strong data-start=\"929\" data-end=\"951\">Antioxidant Action<\/strong> &#8211; pal\u012bdz aizsarg\u0101t \u0101du no br\u012bvo radik\u0101\u013cu iedarb\u012bbas un atbalsta svaig\u0101ku izskatu.<br data-start=\"1033\" data-end=\"1036\" \/><strong data-start=\"1036\" data-end=\"1054\">Hydrating Base<\/strong> &#8211; pal\u012bdz uztur\u0113t \u0101das komfortu un atbalsta glud\u0101ku \u0101das virsmu.<\/p>\n<p data-start=\"1120\" data-end=\"1240\">Piem\u0113rots visiem \u0101das tipiem k\u0101 intens\u012bvs kop\u0161anas kurss vai ekspresskop\u0161ana, \u012bpa\u0161i, ja \u0101da izskat\u0101s bl\u0101va vai nogurusi.<\/p>\n<p data-start=\"1242\" data-end=\"1270\"><strong data-start=\"1242\" data-end=\"1254\">Tilpums:<\/strong> <strong data-start=\"1255\" data-end=\"1270\">10 x 1.5 ml<\/strong><\/p>\n","protected":false},"excerpt":{"rendered":"<p data-start=\"1394\" data-end=\"1412\">C vitam\u012bna ampulas<\/p>\n<h2 data-start=\"1414\" data-end=\"1481\"><strong data-start=\"1414\" data-end=\"1481\">\u012apa\u0161\u012bbas Sesderma &#8211; C-VIT Intensive Serum Flash Effect Ampoules<\/strong><\/h2>\n<p data-start=\"1483\" data-end=\"1741\">\u2714\ufe0f Uzreiz atsvaidzina un redzami atdz\u012bvina sejas toni<br data-start=\"1536\" data-end=\"1539\" \/>\u2714\ufe0f Pie\u0161\u0137ir \u0101dai gai\u0161\u0101ku un kopt\u0101ku izskatu<br data-start=\"1581\" data-end=\"1584\" \/>\u2714\ufe0f Pal\u012bdz padar\u012bt \u0101das virsmu glud\u0101ku un vienm\u0113r\u012bg\u0101ku<br data-start=\"1637\" data-end=\"1640\" \/>\u2714\ufe0f Atbalsta tvirt\u0101ku un izsmalcin\u0101t\u0101ku izskatu<br data-start=\"1686\" data-end=\"1689\" \/>\u2714\ufe0f Nodro\u0161ina antioksidantu aizsardz\u012bbu un komfortu<\/p>\n","protected":false},"featured_media":74145,"template":"","meta":[],"pwb-brand":[1262],"product_brand":[],"product_cat":[729,749,751,723],"product_tag":[],"giftcard-category":[],"class_list":{"0":"post-74153","1":"product","2":"type-product","3":"status-publish","4":"has-post-thumbnail","6":"pwb-brand-sesderma-lv","7":"product_cat-c-vitamins","8":"product_cat-novecojosa-ada","9":"product_cat-pigmentacija-lv","10":"product_cat-serumi","12":"first","13":"instock","14":"sale","15":"taxable","16":"shipping-taxable","17":"purchasable","18":"product-type-simple"},"acf":[],"brands":[{"id":1262,"name":"Sesderma","slug":"sesderma-lv"}],"_links":{"self":[{"href":"https:\/\/skinstudio.ee\/lv\/wp-json\/wp\/v2\/product\/74153","targetHints":{"allow":["GET"]}}],"collection":[{"href":"https:\/\/skinstudio.ee\/lv\/wp-json\/wp\/v2\/product"}],"about":[{"href":"https:\/\/skinstudio.ee\/lv\/wp-json\/wp\/v2\/types\/product"}],"version-history":[{"count":1,"href":"https:\/\/skinstudio.ee\/lv\/wp-json\/wp\/v2\/product\/74153\/revisions"}],"predecessor-version":[{"id":74154,"href":"https:\/\/skinstudio.ee\/lv\/wp-json\/wp\/v2\/product\/74153\/revisions\/74154"}],"wp:featuredmedia":[{"embeddable":true,"href":"https:\/\/skinstudio.ee\/lv\/wp-json\/wp\/v2\/media\/74145"}],"wp:attachment":[{"href":"https:\/\/skinstudio.ee\/lv\/wp-json\/wp\/v2\/media?parent=74153"}],"wp:term":[{"taxonomy":"pwb-brand","embeddable":true,"href":"https:\/\/skinstudio.ee\/lv\/wp-json\/wp\/v2\/pwb-brand?post=74153"},{"taxonomy":"product_brand","embeddable":true,"href":"https:\/\/skinstudio.ee\/lv\/wp-json\/wp\/v2\/product_brand?post=74153"},{"taxonomy":"product_cat","embeddable":true,"href":"https:\/\/skinstudio.ee\/lv\/wp-json\/wp\/v2\/product_cat?post=74153"},{"taxonomy":"product_tag","embeddable":true,"href":"https:\/\/skinstudio.ee\/lv\/wp-json\/wp\/v2\/product_tag?post=74153"},{"taxonomy":"giftcard-category","embeddable":true,"href":"https:\/\/skinstudio.ee\/lv\/wp-json\/wp\/v2\/giftcard-category?post=74153"}],"curies":[{"name":"wp","href":"https:\/\/api.w.org\/{rel}","templated":true}]}}