{"id":74170,"date":"2026-01-15T10:21:35","date_gmt":"2026-01-15T10:21:35","guid":{"rendered":"https:\/\/skinstudio.ee\/?post_type=product&#038;p=74170"},"modified":"2026-01-21T13:57:23","modified_gmt":"2026-01-21T13:57:23","slug":"cicases-wh-repair-cream","status":"publish","type":"product","link":"https:\/\/skinstudio.ee\/lv\/catalog\/sesderma-lv\/cicases-wh-repair-cream\/","title":{"rendered":"CICASES WH Repair Cream"},"content":{"rendered":"<p data-start=\"210\" data-end=\"516\"><strong data-start=\"210\" data-end=\"249\">CICASES WH Repair Cream no Sesderma<\/strong> ir atjaunojo\u0161s kr\u0113ms jut\u012bgas, nov\u0101jin\u0101tas un boj\u0101tas \u0101das kop\u0161anai, kurai nepiecie\u0161ams komforts, aizsardz\u012bba un atbalsts atjauno\u0161an\u0101s laik\u0101. Formula ir v\u0113rsta uz \u0101das nomierin\u0101\u0161anu, t\u0101s visp\u0101r\u0113j\u0101 st\u0101vok\u013ca uzlabo\u0161anu un vesel\u012bg\u0101ka, l\u012bdzsvarot\u0101ka izskata atbalst\u012b\u0161anu.<\/p>\n<p data-start=\"518\" data-end=\"806\">Viegl\u0101 un pat\u012bkam\u0101 tekst\u016bra viegli kl\u0101jas un \u0101tri ies\u016bcas, nep\u0101rslogojot \u0101du. Regul\u0101ri lietojot, \u0101da izskat\u0101s mier\u012bg\u0101ka, glud\u0101ka un vienm\u0113r\u012bg\u0101ka, bet aps\u0101rtums un diskomforts k\u013c\u016bst maz\u0101k paman\u0101mi. Piem\u0113rots lieto\u0161anai gan sejai, gan \u0137ermenim, ar\u012b \u0101das atjauno\u0161an\u0101s period\u0101 p\u0113c boj\u0101jumiem.<\/p>\n<p data-start=\"808\" data-end=\"841\"><strong data-start=\"808\" data-end=\"841\">Galveno komponentu iedarb\u012bba:<\/strong><\/p>\n<p data-start=\"843\" data-end=\"1138\"><strong data-start=\"843\" data-end=\"879\">Ceramides (Ceramide AP, NP, EOP)<\/strong> &#8211; pal\u012bdz stiprin\u0101t \u0101das dabisko aizsargfunkciju un uzlabot t\u0101s notur\u012bbu.<br data-start=\"952\" data-end=\"955\" \/><strong data-start=\"955\" data-end=\"977\">Sodium Hyaluronate<\/strong> &#8211; pal\u012bdz uztur\u0113t optim\u0101lu mitruma l\u012bmeni un \u0101das komfortu.<br data-start=\"1036\" data-end=\"1039\" \/><strong data-start=\"1039\" data-end=\"1068\">Ubiquinone (Coenzyme Q10)<\/strong> &#8211; nodro\u0161ina antioksidantu aizsardz\u012bbu un atbalsta vesel\u012bg\u0101ku izskatu.<\/p>\n<p data-start=\"1140\" data-end=\"1256\">Piem\u0113rots jut\u012bgai, sausai un nov\u0101jin\u0101tai \u0101dai, tostarp atjauno\u0161an\u0101s period\u0101 p\u0113c boj\u0101jumiem vai agres\u012bvas iedarb\u012bbas.<\/p>\n<p data-start=\"1258\" data-end=\"1280\"><strong data-start=\"1258\" data-end=\"1270\">Tilpums:<\/strong> <strong data-start=\"1271\" data-end=\"1280\">30 ml<\/strong><\/p>\n","protected":false},"excerpt":{"rendered":"<p data-start=\"1394\" data-end=\"1429\">Atjaunojo\u0161s kr\u0113ms sejai un \u0137ermenim<\/p>\n<h2 data-start=\"1431\" data-end=\"1478\"><strong data-start=\"1431\" data-end=\"1478\">\u012apa\u0161\u012bbas Sesderma &#8211; CICASES WH Repair Cream<\/strong><\/h2>\n<p data-start=\"1480\" data-end=\"1689\">\u2714\ufe0f Nomierina kairin\u0101tu un jut\u012bgu \u0101du<br data-start=\"1516\" data-end=\"1519\" \/>\u2714\ufe0f Pa\u0101trina \u0101das atjauno\u0161anos p\u0113c boj\u0101jumiem<br data-start=\"1563\" data-end=\"1566\" \/>\u2714\ufe0f Stiprina \u0101das dabisko aizsardz\u012bbu<br data-start=\"1602\" data-end=\"1605\" \/>\u2714\ufe0f Samazina aps\u0101rtumu un diskomforta saj\u016btu<br data-start=\"1648\" data-end=\"1651\" \/>\u2714\ufe0f Intens\u012bvi mitrina un m\u012bkstina \u0101du<\/p>\n","protected":false},"featured_media":74161,"template":"","meta":[],"pwb-brand":[1262],"product_brand":[],"product_cat":[745,737,739],"product_tag":[],"giftcard-category":[],"class_list":{"0":"post-74170","1":"product","2":"type-product","3":"status-publish","4":"has-post-thumbnail","6":"pwb-brand-sesderma-lv","7":"product_cat-jutigai-adai","8":"product_cat-mitrinasana","9":"product_cat-sausai-adai","11":"first","12":"instock","13":"sale","14":"taxable","15":"shipping-taxable","16":"purchasable","17":"product-type-simple"},"acf":[],"brands":[{"id":1262,"name":"Sesderma","slug":"sesderma-lv"}],"_links":{"self":[{"href":"https:\/\/skinstudio.ee\/lv\/wp-json\/wp\/v2\/product\/74170","targetHints":{"allow":["GET"]}}],"collection":[{"href":"https:\/\/skinstudio.ee\/lv\/wp-json\/wp\/v2\/product"}],"about":[{"href":"https:\/\/skinstudio.ee\/lv\/wp-json\/wp\/v2\/types\/product"}],"version-history":[{"count":1,"href":"https:\/\/skinstudio.ee\/lv\/wp-json\/wp\/v2\/product\/74170\/revisions"}],"predecessor-version":[{"id":74171,"href":"https:\/\/skinstudio.ee\/lv\/wp-json\/wp\/v2\/product\/74170\/revisions\/74171"}],"wp:featuredmedia":[{"embeddable":true,"href":"https:\/\/skinstudio.ee\/lv\/wp-json\/wp\/v2\/media\/74161"}],"wp:attachment":[{"href":"https:\/\/skinstudio.ee\/lv\/wp-json\/wp\/v2\/media?parent=74170"}],"wp:term":[{"taxonomy":"pwb-brand","embeddable":true,"href":"https:\/\/skinstudio.ee\/lv\/wp-json\/wp\/v2\/pwb-brand?post=74170"},{"taxonomy":"product_brand","embeddable":true,"href":"https:\/\/skinstudio.ee\/lv\/wp-json\/wp\/v2\/product_brand?post=74170"},{"taxonomy":"product_cat","embeddable":true,"href":"https:\/\/skinstudio.ee\/lv\/wp-json\/wp\/v2\/product_cat?post=74170"},{"taxonomy":"product_tag","embeddable":true,"href":"https:\/\/skinstudio.ee\/lv\/wp-json\/wp\/v2\/product_tag?post=74170"},{"taxonomy":"giftcard-category","embeddable":true,"href":"https:\/\/skinstudio.ee\/lv\/wp-json\/wp\/v2\/giftcard-category?post=74170"}],"curies":[{"name":"wp","href":"https:\/\/api.w.org\/{rel}","templated":true}]}}