{"id":74186,"date":"2026-01-15T10:26:37","date_gmt":"2026-01-15T10:26:37","guid":{"rendered":"https:\/\/skinstudio.ee\/?post_type=product&#038;p=74186"},"modified":"2026-01-21T13:57:23","modified_gmt":"2026-01-21T13:57:23","slug":"daeses-eye-and-lip-contour-ceramic","status":"publish","type":"product","link":"https:\/\/skinstudio.ee\/lv\/catalog\/sesderma-lv\/daeses-eye-and-lip-contour-ceramic\/","title":{"rendered":"DAESES Eye and Lip Contour Ceramic"},"content":{"rendered":"<p data-start=\"179\" data-end=\"447\"><strong data-start=\"179\" data-end=\"229\">DAESES Eye and Lip Contour Ceramic no Sesderma<\/strong> ir nostiprino\u0161s kr\u0113ms acu un l\u016bpu kont\u016bras zonai, kur noveco\u0161an\u0101s paz\u012bmes par\u0101d\u0101s vispirms. Formula ir v\u0113rsta uz \u0101das tvirtuma uzlabo\u0161anu, bl\u012bvuma palielin\u0101\u0161anu un \u0161o zonu izteiksm\u012bg\u0101ka un kopt\u0101ka izskata pie\u0161\u0137ir\u0161anu.<\/p>\n<p data-start=\"449\" data-end=\"663\">Kr\u0113mam ir pat\u012bkama tekst\u016bra, tas viegli kl\u0101jas un \u0101tri ies\u016bcas. Regul\u0101ri lietojot, acu zona izskat\u0101s pacelt\u0101ka un svaig\u0101ka, bet l\u016bpu kont\u016bra k\u013c\u016bst izteikt\u0101ka un glud\u0101ka. Kop\u0113jais izskats k\u013c\u016bst sakopt\u0101ks un kopt\u0101ks.<\/p>\n<p data-start=\"665\" data-end=\"698\"><strong data-start=\"665\" data-end=\"698\">Galveno komponentu iedarb\u012bba:<\/strong><\/p>\n<p data-start=\"700\" data-end=\"980\"><strong data-start=\"700\" data-end=\"723\">DMAE (Dimethyl MEA)<\/strong> &#8211; pal\u012bdz uzlabot \u0101das tvirtumu un atbalsta pacelt\u0101ku izskatu.<br data-start=\"785\" data-end=\"788\" \/><strong data-start=\"788\" data-end=\"835\">Organic Silicon (Methylsilanol Mannuronate)<\/strong> &#8211; pal\u012bdz saglab\u0101t \u0101das elast\u012bbu un bl\u012bv\u0101ku strukt\u016bru.<br data-start=\"889\" data-end=\"892\" \/><strong data-start=\"892\" data-end=\"914\">Sodium Hyaluronate<\/strong> &#8211; pal\u012bdz uztur\u0113t optim\u0101lu mitruma l\u012bmeni un uzlabo \u0101das komfortu.<\/p>\n<p data-start=\"982\" data-end=\"1114\">Piem\u0113rots visiem \u0101das tipiem, \u012bpa\u0161i, ja acu un l\u016bpu zon\u0101 k\u013c\u016bst paman\u0101mas smalkas l\u012bnijas, samazin\u0101s tvirtums un kont\u016bru izteiksm\u012bba.<\/p>\n<p data-start=\"1116\" data-end=\"1138\"><strong data-start=\"1116\" data-end=\"1128\">Tilpums:<\/strong> <strong data-start=\"1129\" data-end=\"1138\">15 ml<\/strong><\/p>\n","protected":false},"excerpt":{"rendered":"<p data-start=\"1230\" data-end=\"1256\">Acu un l\u016bpu kont\u016bras kr\u0113ms<\/p>\n<h2 data-start=\"1258\" data-end=\"1316\"><strong data-start=\"1258\" data-end=\"1316\">\u012apa\u0161\u012bbas Sesderma &#8211; DAESES Eye and Lip Contour Ceramic<\/strong><\/h2>\n<p data-start=\"1318\" data-end=\"1518\">\u2714\ufe0f Redzami nostiprina \u0101du ap ac\u012bm un l\u016bp\u0101m<br data-start=\"1360\" data-end=\"1363\" \/>\u2714\ufe0f Padara kont\u016bras izteikt\u0101kas un sakopt\u0101kas<br data-start=\"1407\" data-end=\"1410\" \/>\u2714\ufe0f Pal\u012bdz mazin\u0101t grumbu redzam\u012bbu<br data-start=\"1444\" data-end=\"1447\" \/>\u2714\ufe0f Uzlabo \u0101das bl\u012bvumu un tvirtumu<br data-start=\"1481\" data-end=\"1484\" \/>\u2714\ufe0f Padara \u0101du glud\u0101ku un kopt\u0101ku<\/p>\n","protected":false},"featured_media":74178,"template":"","meta":[],"pwb-brand":[1262],"product_brand":[],"product_cat":[733,749],"product_tag":[],"giftcard-category":[],"class_list":{"0":"post-74186","1":"product","2":"type-product","3":"status-publish","4":"has-post-thumbnail","6":"pwb-brand-sesderma-lv","7":"product_cat-ada-ap-acim","8":"product_cat-novecojosa-ada","10":"first","11":"instock","12":"sale","13":"taxable","14":"shipping-taxable","15":"purchasable","16":"product-type-simple"},"acf":[],"brands":[{"id":1262,"name":"Sesderma","slug":"sesderma-lv"}],"_links":{"self":[{"href":"https:\/\/skinstudio.ee\/lv\/wp-json\/wp\/v2\/product\/74186","targetHints":{"allow":["GET"]}}],"collection":[{"href":"https:\/\/skinstudio.ee\/lv\/wp-json\/wp\/v2\/product"}],"about":[{"href":"https:\/\/skinstudio.ee\/lv\/wp-json\/wp\/v2\/types\/product"}],"version-history":[{"count":1,"href":"https:\/\/skinstudio.ee\/lv\/wp-json\/wp\/v2\/product\/74186\/revisions"}],"predecessor-version":[{"id":74187,"href":"https:\/\/skinstudio.ee\/lv\/wp-json\/wp\/v2\/product\/74186\/revisions\/74187"}],"wp:featuredmedia":[{"embeddable":true,"href":"https:\/\/skinstudio.ee\/lv\/wp-json\/wp\/v2\/media\/74178"}],"wp:attachment":[{"href":"https:\/\/skinstudio.ee\/lv\/wp-json\/wp\/v2\/media?parent=74186"}],"wp:term":[{"taxonomy":"pwb-brand","embeddable":true,"href":"https:\/\/skinstudio.ee\/lv\/wp-json\/wp\/v2\/pwb-brand?post=74186"},{"taxonomy":"product_brand","embeddable":true,"href":"https:\/\/skinstudio.ee\/lv\/wp-json\/wp\/v2\/product_brand?post=74186"},{"taxonomy":"product_cat","embeddable":true,"href":"https:\/\/skinstudio.ee\/lv\/wp-json\/wp\/v2\/product_cat?post=74186"},{"taxonomy":"product_tag","embeddable":true,"href":"https:\/\/skinstudio.ee\/lv\/wp-json\/wp\/v2\/product_tag?post=74186"},{"taxonomy":"giftcard-category","embeddable":true,"href":"https:\/\/skinstudio.ee\/lv\/wp-json\/wp\/v2\/giftcard-category?post=74186"}],"curies":[{"name":"wp","href":"https:\/\/api.w.org\/{rel}","templated":true}]}}