{"id":74202,"date":"2026-01-15T10:39:11","date_gmt":"2026-01-15T10:39:11","guid":{"rendered":"https:\/\/skinstudio.ee\/?post_type=product&#038;p=74202"},"modified":"2026-01-21T13:57:23","modified_gmt":"2026-01-21T13:57:23","slug":"daeses-lifting-cream","status":"publish","type":"product","link":"https:\/\/skinstudio.ee\/lv\/catalog\/sesderma-lv\/daeses-lifting-cream\/","title":{"rendered":"DAESES Lifting Cream"},"content":{"rendered":"<p data-start=\"163\" data-end=\"407\"><strong data-start=\"163\" data-end=\"199\">DAESES Lifting Cream no Sesderma<\/strong> ir nostiprino\u0161s un barojo\u0161s sejas kr\u0113ms, kas paredz\u0113ts redzami uzlabot \u0101das bl\u012bvumu un tvirtumu. Formula ir v\u0113rsta uz \u0101das kop\u0113j\u0101s kvalit\u0101tes uzlabo\u0161anu, padarot to tvirt\u0101ku, glud\u0101ku un vizu\u0101li jaunekl\u012bg\u0101ku.<\/p>\n<p data-start=\"409\" data-end=\"597\">Kr\u0113ms kl\u0101jas \u0113rti un labi ies\u016bcas, atst\u0101jot \u0101du koptu un redzami pacelt\u0101ku. Regul\u0101ri lietojot, \u0101da izskat\u0101s bl\u012bv\u0101ka, sejas kont\u016bras k\u013c\u016bst izteikt\u0101kas, bet virsma \u2014 glud\u0101ka un vienm\u0113r\u012bg\u0101ka.<\/p>\n<p data-start=\"599\" data-end=\"623\"><strong data-start=\"599\" data-end=\"623\">Kl\u012bniskie rezult\u0101ti:<\/strong><\/p>\n<ul data-start=\"625\" data-end=\"980\">\n<li data-start=\"625\" data-end=\"677\">\n<p data-start=\"627\" data-end=\"677\">T\u016bl\u012bt\u0113js redzams liftinga efekts p\u0113c uzkl\u0101\u0161anas.<\/p>\n<\/li>\n<li data-start=\"678\" data-end=\"751\">\n<p data-start=\"680\" data-end=\"751\">\u0100das bl\u012bvums iev\u0113rojami palielin\u0101s jau <strong data-start=\"719\" data-end=\"733\">45 min\u016btes<\/strong> p\u0113c uzkl\u0101\u0161anas.<\/p>\n<\/li>\n<li data-start=\"752\" data-end=\"826\">\n<p data-start=\"754\" data-end=\"826\">Regul\u0101ri lietojot <strong data-start=\"772\" data-end=\"784\">1 m\u0113nesi<\/strong>, \u0101das tvirtums palielin\u0101s l\u012bdz <strong data-start=\"816\" data-end=\"823\">33%<\/strong>.<\/p>\n<\/li>\n<li data-start=\"827\" data-end=\"879\">\n<p data-start=\"829\" data-end=\"879\"><strong data-start=\"829\" data-end=\"836\">73%<\/strong> dal\u012bbnieku paman\u012bja nostiprino\u0161u efektu.<\/p>\n<\/li>\n<li data-start=\"880\" data-end=\"927\">\n<p data-start=\"882\" data-end=\"927\"><strong data-start=\"882\" data-end=\"889\">97%<\/strong> atz\u012bm\u0113ja uzlabotu \u0101das mitrin\u0101\u0161anu.<\/p>\n<\/li>\n<li data-start=\"928\" data-end=\"980\">\n<p data-start=\"930\" data-end=\"980\"><strong data-start=\"930\" data-end=\"937\">97%<\/strong> atz\u012bm\u0113ja, ka \u0101da k\u013cuva maig\u0101ka un glud\u0101ka.<\/p>\n<\/li>\n<\/ul>\n<p data-start=\"982\" data-end=\"1016\">Piem\u0113rots norm\u0101lai un sausai \u0101dai.<\/p>\n<p data-start=\"1018\" data-end=\"1040\"><strong data-start=\"1018\" data-end=\"1030\">Tilpums:<\/strong> <strong data-start=\"1031\" data-end=\"1040\">50 ml<\/strong><\/p>\n","protected":false},"excerpt":{"rendered":"<p data-start=\"1123\" data-end=\"1143\">Sejas liftinga kr\u0113ms<\/p>\n<h2 data-start=\"1145\" data-end=\"1189\"><strong data-start=\"1145\" data-end=\"1189\">\u012apa\u0161\u012bbas Sesderma &#8211; DAESES Lifting Cream<\/strong><\/h2>\n<p data-start=\"1191\" data-end=\"1411\">\u2714\ufe0f Nodro\u0161ina izteiktu liftinga un nostiprino\u0161u efektu<br data-start=\"1244\" data-end=\"1247\" \/>\u2714\ufe0f Iev\u0113rojami palielina \u0101das bl\u012bvumu un tvirtumu<br data-start=\"1295\" data-end=\"1298\" \/>\u2714\ufe0f Padara sejas kont\u016bras izteikt\u0101kas<br data-start=\"1334\" data-end=\"1337\" \/>\u2714\ufe0f Izl\u012bdzina grumbas un \u0101das krokas<br data-start=\"1372\" data-end=\"1375\" \/>\u2714\ufe0f Uzlabo \u0101das tonusu un strukt\u016bru<\/p>\n","protected":false},"featured_media":74194,"template":"","meta":[],"pwb-brand":[1262],"product_brand":[],"product_cat":[737,749,739],"product_tag":[],"giftcard-category":[],"class_list":{"0":"post-74202","1":"product","2":"type-product","3":"status-publish","4":"has-post-thumbnail","6":"pwb-brand-sesderma-lv","7":"product_cat-mitrinasana","8":"product_cat-novecojosa-ada","9":"product_cat-sausai-adai","11":"first","12":"instock","13":"sale","14":"taxable","15":"shipping-taxable","16":"purchasable","17":"product-type-simple"},"acf":[],"brands":[{"id":1262,"name":"Sesderma","slug":"sesderma-lv"}],"_links":{"self":[{"href":"https:\/\/skinstudio.ee\/lv\/wp-json\/wp\/v2\/product\/74202","targetHints":{"allow":["GET"]}}],"collection":[{"href":"https:\/\/skinstudio.ee\/lv\/wp-json\/wp\/v2\/product"}],"about":[{"href":"https:\/\/skinstudio.ee\/lv\/wp-json\/wp\/v2\/types\/product"}],"version-history":[{"count":1,"href":"https:\/\/skinstudio.ee\/lv\/wp-json\/wp\/v2\/product\/74202\/revisions"}],"predecessor-version":[{"id":74203,"href":"https:\/\/skinstudio.ee\/lv\/wp-json\/wp\/v2\/product\/74202\/revisions\/74203"}],"wp:featuredmedia":[{"embeddable":true,"href":"https:\/\/skinstudio.ee\/lv\/wp-json\/wp\/v2\/media\/74194"}],"wp:attachment":[{"href":"https:\/\/skinstudio.ee\/lv\/wp-json\/wp\/v2\/media?parent=74202"}],"wp:term":[{"taxonomy":"pwb-brand","embeddable":true,"href":"https:\/\/skinstudio.ee\/lv\/wp-json\/wp\/v2\/pwb-brand?post=74202"},{"taxonomy":"product_brand","embeddable":true,"href":"https:\/\/skinstudio.ee\/lv\/wp-json\/wp\/v2\/product_brand?post=74202"},{"taxonomy":"product_cat","embeddable":true,"href":"https:\/\/skinstudio.ee\/lv\/wp-json\/wp\/v2\/product_cat?post=74202"},{"taxonomy":"product_tag","embeddable":true,"href":"https:\/\/skinstudio.ee\/lv\/wp-json\/wp\/v2\/product_tag?post=74202"},{"taxonomy":"giftcard-category","embeddable":true,"href":"https:\/\/skinstudio.ee\/lv\/wp-json\/wp\/v2\/giftcard-category?post=74202"}],"curies":[{"name":"wp","href":"https:\/\/api.w.org\/{rel}","templated":true}]}}