{"id":74218,"date":"2026-01-15T10:50:15","date_gmt":"2026-01-15T10:50:15","guid":{"rendered":"https:\/\/skinstudio.ee\/?post_type=product&#038;p=74218"},"modified":"2026-01-21T13:57:23","modified_gmt":"2026-01-21T13:57:23","slug":"daeses-liposomal-serum","status":"publish","type":"product","link":"https:\/\/skinstudio.ee\/lv\/catalog\/sesderma-lv\/daeses-liposomal-serum\/","title":{"rendered":"DAESES Liposomal Serum"},"content":{"rendered":"<p data-start=\"141\" data-end=\"434\"><strong data-start=\"141\" data-end=\"179\">DAESES Liposomal Serum no Sesderma<\/strong> ir liftinga serums ar izteiktu nostiprino\u0161u un toniz\u0113jo\u0161u iedarb\u012bbu, kas paredz\u0113ts \u0101das bl\u012bvuma un tvirtuma \u0101trai uzlabo\u0161anai. Formula darbojas gan t\u016bl\u012bt\u0113ja vizu\u0101la efekta nodro\u0161in\u0101\u0161anai, gan pak\u0101peniskai \u0101das strukt\u016bras stiprin\u0101\u0161anai, regul\u0101ri lietojot.<\/p>\n<p data-start=\"436\" data-end=\"631\">Viegl\u0101 tekst\u016bra \u0101tri ies\u016bcas un ir pat\u012bkama uz \u0101das. Jau p\u0113c uzkl\u0101\u0161anas \u0101da izskat\u0101s pacelt\u0101ka un toniz\u0113t\u0101ka, bet, turpinot lieto\u0161anu, t\u0101 k\u013c\u016bst bl\u012bv\u0101ka, tvirt\u0101ka un iztur\u012bg\u0101ka pret tonusa zudumu.<\/p>\n<p data-start=\"633\" data-end=\"666\"><strong data-start=\"633\" data-end=\"666\">Galveno komponentu iedarb\u012bba:<\/strong><\/p>\n<p data-start=\"668\" data-end=\"969\"><strong data-start=\"668\" data-end=\"691\">DMAE (Dimethyl MEA)<\/strong> &#8211; pal\u012bdz uzlabot \u0101das tvirtumu un atbalsta pacelt\u0101ku sejas izskatu.<br data-start=\"759\" data-end=\"762\" \/><strong data-start=\"762\" data-end=\"809\">Organic Silicon (Methylsilanol Mannuronate)<\/strong> &#8211; pal\u012bdz saglab\u0101t \u0101das elast\u012bbu un atbalsta bl\u012bv\u0101ku strukt\u016bru.<br data-start=\"872\" data-end=\"875\" \/><strong data-start=\"875\" data-end=\"895\">Peptides Complex<\/strong> &#8211; atbalsta \u0101das atjauno\u0161anos un pal\u012bdz uzlabot kop\u0113jo tonusu un tvirtumu.<\/p>\n<p data-start=\"971\" data-end=\"1000\">Piem\u0113rots visiem \u0101das tipiem.<\/p>\n<p data-start=\"1002\" data-end=\"1024\"><strong data-start=\"1002\" data-end=\"1014\">Tilpums:<\/strong> <strong data-start=\"1015\" data-end=\"1024\">30 ml<\/strong><\/p>\n","protected":false},"excerpt":{"rendered":"<p data-start=\"1105\" data-end=\"1126\">Liftinga serums sejai<\/p>\n<h2 data-start=\"1128\" data-end=\"1174\"><strong data-start=\"1128\" data-end=\"1174\">\u012apa\u0161\u012bbas Sesderma &#8211; DAESES Liposomal Serum<\/strong><\/h2>\n<p data-start=\"1176\" data-end=\"1395\">\u2714\ufe0f Nodro\u0161ina redzamu liftinga un nostiprino\u0161u efektu<br data-start=\"1228\" data-end=\"1231\" \/>\u2714\ufe0f Iev\u0113rojami palielina \u0101das bl\u012bvumu un tvirtumu<br data-start=\"1279\" data-end=\"1282\" \/>\u2714\ufe0f Padara sejas kont\u016bras izteikt\u0101kas<br data-start=\"1318\" data-end=\"1321\" \/>\u2714\ufe0f Izl\u012bdzina grumbas un \u0101das krokas<br data-start=\"1356\" data-end=\"1359\" \/>\u2714\ufe0f Uzlabo \u0101das tonusu un strukt\u016bru<\/p>\n","protected":false},"featured_media":74210,"template":"","meta":[],"pwb-brand":[1262],"product_brand":[],"product_cat":[749,723],"product_tag":[],"giftcard-category":[],"class_list":{"0":"post-74218","1":"product","2":"type-product","3":"status-publish","4":"has-post-thumbnail","6":"pwb-brand-sesderma-lv","7":"product_cat-novecojosa-ada","8":"product_cat-serumi","10":"first","11":"instock","12":"sale","13":"taxable","14":"shipping-taxable","15":"purchasable","16":"product-type-simple"},"acf":[],"brands":[{"id":1262,"name":"Sesderma","slug":"sesderma-lv"}],"_links":{"self":[{"href":"https:\/\/skinstudio.ee\/lv\/wp-json\/wp\/v2\/product\/74218","targetHints":{"allow":["GET"]}}],"collection":[{"href":"https:\/\/skinstudio.ee\/lv\/wp-json\/wp\/v2\/product"}],"about":[{"href":"https:\/\/skinstudio.ee\/lv\/wp-json\/wp\/v2\/types\/product"}],"version-history":[{"count":1,"href":"https:\/\/skinstudio.ee\/lv\/wp-json\/wp\/v2\/product\/74218\/revisions"}],"predecessor-version":[{"id":74219,"href":"https:\/\/skinstudio.ee\/lv\/wp-json\/wp\/v2\/product\/74218\/revisions\/74219"}],"wp:featuredmedia":[{"embeddable":true,"href":"https:\/\/skinstudio.ee\/lv\/wp-json\/wp\/v2\/media\/74210"}],"wp:attachment":[{"href":"https:\/\/skinstudio.ee\/lv\/wp-json\/wp\/v2\/media?parent=74218"}],"wp:term":[{"taxonomy":"pwb-brand","embeddable":true,"href":"https:\/\/skinstudio.ee\/lv\/wp-json\/wp\/v2\/pwb-brand?post=74218"},{"taxonomy":"product_brand","embeddable":true,"href":"https:\/\/skinstudio.ee\/lv\/wp-json\/wp\/v2\/product_brand?post=74218"},{"taxonomy":"product_cat","embeddable":true,"href":"https:\/\/skinstudio.ee\/lv\/wp-json\/wp\/v2\/product_cat?post=74218"},{"taxonomy":"product_tag","embeddable":true,"href":"https:\/\/skinstudio.ee\/lv\/wp-json\/wp\/v2\/product_tag?post=74218"},{"taxonomy":"giftcard-category","embeddable":true,"href":"https:\/\/skinstudio.ee\/lv\/wp-json\/wp\/v2\/giftcard-category?post=74218"}],"curies":[{"name":"wp","href":"https:\/\/api.w.org\/{rel}","templated":true}]}}