{"id":74234,"date":"2026-01-15T10:58:18","date_gmt":"2026-01-15T10:58:18","guid":{"rendered":"https:\/\/skinstudio.ee\/?post_type=product&#038;p=74234"},"modified":"2026-01-21T13:57:23","modified_gmt":"2026-01-21T13:57:23","slug":"exoses-cream","status":"publish","type":"product","link":"https:\/\/skinstudio.ee\/lv\/catalog\/sesderma-lv\/exoses-cream\/","title":{"rendered":"EXOSES Cream"},"content":{"rendered":"<p data-start=\"129\" data-end=\"440\"><strong data-start=\"129\" data-end=\"157\">EXOSES Cream no Sesderma<\/strong> ir intens\u012bvs atjaunojo\u0161s kr\u0113ms, kas paredz\u0113ts vispus\u0113jai \u0101das kvalit\u0101tes uzlabo\u0161anai, redzamu noveco\u0161an\u0101s paz\u012bmju mazin\u0101\u0161anai un vienm\u0113r\u012bg\u0101ka, kopt\u0101ka sejas to\u0146a atbalstam. Formula ir v\u0113rsta uz vesel\u012bg\u0101ka \u0101das izskata atjauno\u0161anu, bl\u012bvuma uzlabo\u0161anu un komforta saj\u016btas saglab\u0101\u0161anu.<\/p>\n<p data-start=\"442\" data-end=\"657\">Kr\u0113mam ir pat\u012bkama tekst\u016bra, tas viegli kl\u0101jas un ir piem\u0113rots ikdienas lieto\u0161anai. Regul\u0101ri lietojot, \u0101da izskat\u0101s glud\u0101ka, iztur\u012bg\u0101ka un lab\u0101k mitrin\u0101ta, bet tonis un tekst\u016bra k\u013c\u016bst vienm\u0113r\u012bg\u0101ki un izsmalcin\u0101t\u0101ki.<\/p>\n<p data-start=\"659\" data-end=\"692\"><strong data-start=\"659\" data-end=\"692\">Galveno komponentu iedarb\u012bba:<\/strong><\/p>\n<p data-start=\"694\" data-end=\"997\"><strong data-start=\"694\" data-end=\"729\">Exosomes (Lactobacillus brevis)<\/strong> &#8211; atbalsta \u0101das atjauno\u0161an\u0101s procesus un pal\u012bdz uzlabot t\u0101s kop\u0113jo kvalit\u0101ti.<br data-start=\"807\" data-end=\"810\" \/><strong data-start=\"810\" data-end=\"825\">Niacinamide<\/strong> &#8211; pal\u012bdz izl\u012bdzin\u0101t \u0101das toni un uzlabot \u0101das tekst\u016bras izskatu.<br data-start=\"890\" data-end=\"893\" \/><strong data-start=\"893\" data-end=\"924\">Ceramides + Hyaluronic Acid<\/strong> &#8211; pal\u012bdz uztur\u0113t \u0101das mitruma l\u012bdzsvaru un atbalsta t\u0101s aizsargfunkciju.<\/p>\n<p data-start=\"999\" data-end=\"1097\">Piem\u0113rots \u0101dai ar redzam\u0101m noveco\u0161an\u0101s paz\u012bm\u0113m, nevienm\u0113r\u012bgu toni, samazin\u0101tu elast\u012bbu un sausumu.<\/p>\n<p data-start=\"1099\" data-end=\"1121\"><strong data-start=\"1099\" data-end=\"1111\">Tilpums:<\/strong> <strong data-start=\"1112\" data-end=\"1121\">50 ml<\/strong><\/p>\n","protected":false},"excerpt":{"rendered":"<p data-start=\"1204\" data-end=\"1237\">Intens\u012bvs atjaunojo\u0161s sejas kr\u0113ms<\/p>\n<h2 data-start=\"1239\" data-end=\"1275\"><strong data-start=\"1239\" data-end=\"1275\">\u012apa\u0161\u012bbas Sesderma &#8211; EXOSES Cream<\/strong><\/h2>\n<p data-start=\"1277\" data-end=\"1496\">\u2714\ufe0f Akt\u012bvi atbalsta \u0101das atjauno\u0161an\u0101s procesus<br data-start=\"1322\" data-end=\"1325\" \/>\u2714\ufe0f Redzami uzlabo \u0101das bl\u012bvumu un kvalit\u0101ti<br data-start=\"1368\" data-end=\"1371\" \/>\u2714\ufe0f Pal\u012bdz rad\u012bt vienm\u0113r\u012bg\u0101ku sejas toni<br data-start=\"1410\" data-end=\"1413\" \/>\u2714\ufe0f Stiprina \u0101das dabisko aizsardz\u012bbu<br data-start=\"1449\" data-end=\"1452\" \/>\u2714\ufe0f Nodro\u0161ina dzi\u013cu atjauno\u0161anu un komfortu<\/p>\n","protected":false},"featured_media":74226,"template":"","meta":[],"pwb-brand":[1262],"product_brand":[],"product_cat":[737,749,739],"product_tag":[],"giftcard-category":[],"class_list":{"0":"post-74234","1":"product","2":"type-product","3":"status-publish","4":"has-post-thumbnail","6":"pwb-brand-sesderma-lv","7":"product_cat-mitrinasana","8":"product_cat-novecojosa-ada","9":"product_cat-sausai-adai","11":"first","12":"instock","13":"sale","14":"taxable","15":"shipping-taxable","16":"purchasable","17":"product-type-simple"},"acf":[],"brands":[{"id":1262,"name":"Sesderma","slug":"sesderma-lv"}],"_links":{"self":[{"href":"https:\/\/skinstudio.ee\/lv\/wp-json\/wp\/v2\/product\/74234","targetHints":{"allow":["GET"]}}],"collection":[{"href":"https:\/\/skinstudio.ee\/lv\/wp-json\/wp\/v2\/product"}],"about":[{"href":"https:\/\/skinstudio.ee\/lv\/wp-json\/wp\/v2\/types\/product"}],"version-history":[{"count":1,"href":"https:\/\/skinstudio.ee\/lv\/wp-json\/wp\/v2\/product\/74234\/revisions"}],"predecessor-version":[{"id":74235,"href":"https:\/\/skinstudio.ee\/lv\/wp-json\/wp\/v2\/product\/74234\/revisions\/74235"}],"wp:featuredmedia":[{"embeddable":true,"href":"https:\/\/skinstudio.ee\/lv\/wp-json\/wp\/v2\/media\/74226"}],"wp:attachment":[{"href":"https:\/\/skinstudio.ee\/lv\/wp-json\/wp\/v2\/media?parent=74234"}],"wp:term":[{"taxonomy":"pwb-brand","embeddable":true,"href":"https:\/\/skinstudio.ee\/lv\/wp-json\/wp\/v2\/pwb-brand?post=74234"},{"taxonomy":"product_brand","embeddable":true,"href":"https:\/\/skinstudio.ee\/lv\/wp-json\/wp\/v2\/product_brand?post=74234"},{"taxonomy":"product_cat","embeddable":true,"href":"https:\/\/skinstudio.ee\/lv\/wp-json\/wp\/v2\/product_cat?post=74234"},{"taxonomy":"product_tag","embeddable":true,"href":"https:\/\/skinstudio.ee\/lv\/wp-json\/wp\/v2\/product_tag?post=74234"},{"taxonomy":"giftcard-category","embeddable":true,"href":"https:\/\/skinstudio.ee\/lv\/wp-json\/wp\/v2\/giftcard-category?post=74234"}],"curies":[{"name":"wp","href":"https:\/\/api.w.org\/{rel}","templated":true}]}}