{"id":74249,"date":"2026-01-15T11:09:00","date_gmt":"2026-01-15T11:09:00","guid":{"rendered":"https:\/\/skinstudio.ee\/?post_type=product&#038;p=74249"},"modified":"2026-01-21T13:57:23","modified_gmt":"2026-01-21T13:57:23","slug":"exoses-elixir","status":"publish","type":"product","link":"https:\/\/skinstudio.ee\/lv\/catalog\/sesderma-lv\/exoses-elixir\/","title":{"rendered":"EXOSES Elixir"},"content":{"rendered":"<p data-start=\"130\" data-end=\"409\"><strong data-start=\"130\" data-end=\"159\">EXOSES Elixir no Sesderma<\/strong> ir intens\u012bvs eliks\u012brs vispus\u0113jai \u0101das atjauno\u0161anai un redzamai t\u0101s kvalit\u0101tes uzlabo\u0161anai. Formula ir izstr\u0101d\u0101ta, lai mazin\u0101tu noveco\u0161an\u0101s paz\u012bmes, nevienm\u0113r\u012bgu toni un bl\u012bvuma zudumu, pal\u012bdzot atjaunot vesel\u012bg\u0101ku, izsmalcin\u0101t\u0101ku un kopt\u0101ku izskatu.<\/p>\n<p data-start=\"411\" data-end=\"597\">Viegl\u0101 un koncentr\u0113t\u0101 tekst\u016bra \u0101tri ies\u016bcas un ir pat\u012bkama uz \u0101das. Regul\u0101ri lietojot, \u0101da izskat\u0101s bl\u012bv\u0101ka, glud\u0101ka un starojo\u0161\u0101ka, bet sejas tonis k\u013c\u016bst vienm\u0113r\u012bg\u0101ks un izsmalcin\u0101t\u0101ks.<\/p>\n<p data-start=\"599\" data-end=\"632\"><strong data-start=\"599\" data-end=\"632\">Galveno komponentu iedarb\u012bba:<\/strong><\/p>\n<p data-start=\"634\" data-end=\"954\"><strong data-start=\"634\" data-end=\"669\">Exosomes (Lactobacillus brevis)<\/strong> &#8211; atbalsta \u0101das atjauno\u0161an\u0101s procesus un pal\u012bdz uzlabot t\u0101s kop\u0113jo kvalit\u0101ti un bl\u012bvumu.<br data-start=\"758\" data-end=\"761\" \/><strong data-start=\"761\" data-end=\"776\">Niacinamide<\/strong> &#8211; pal\u012bdz izl\u012bdzin\u0101t \u0101das toni un uzlabot \u0101das tekst\u016bras izskatu.<br data-start=\"841\" data-end=\"844\" \/><strong data-start=\"844\" data-end=\"875\">Ceramides + Hyaluronic Acid<\/strong> &#8211; pal\u012bdz uztur\u0113t optim\u0101lu \u0101das mitruma l\u012bmeni un atbalsta t\u0101s aizsargfunkciju.<\/p>\n<p data-start=\"956\" data-end=\"1054\">Piem\u0113rots \u0101dai ar redzam\u0101m noveco\u0161an\u0101s paz\u012bm\u0113m, nevienm\u0113r\u012bgu toni, samazin\u0101tu tvirtumu un sausumu.<\/p>\n<p data-start=\"1056\" data-end=\"1078\"><strong data-start=\"1056\" data-end=\"1068\">Tilpums:<\/strong> <strong data-start=\"1069\" data-end=\"1078\">30 ml<\/strong><\/p>\n","protected":false},"excerpt":{"rendered":"<p data-start=\"1164\" data-end=\"1200\">Intens\u012bvs atjaunojo\u0161s sejas eliks\u012brs<\/p>\n<h2 data-start=\"1202\" data-end=\"1239\"><strong data-start=\"1202\" data-end=\"1239\">\u012apa\u0161\u012bbas Sesderma &#8211; EXOSES Elixir<\/strong><\/h2>\n<p data-start=\"1241\" data-end=\"1460\">\u2714\ufe0f Akt\u012bvi atbalsta \u0101das atjauno\u0161an\u0101s procesus<br data-start=\"1286\" data-end=\"1289\" \/>\u2714\ufe0f Redzami uzlabo \u0101das bl\u012bvumu ja kvalit\u0101ti<br data-start=\"1332\" data-end=\"1335\" \/>\u2714\ufe0f Pal\u012bdz rad\u012bt vienm\u0113r\u012bg\u0101ku sejas toni<br data-start=\"1374\" data-end=\"1377\" \/>\u2714\ufe0f Stiprina \u0101das dabisko aizsardz\u012bbu<br data-start=\"1413\" data-end=\"1416\" \/>\u2714\ufe0f Nodro\u0161ina dzi\u013cu atjauno\u0161anu un komfortu<\/p>\n","protected":false},"featured_media":74242,"template":"","meta":[],"pwb-brand":[1262],"product_brand":[],"product_cat":[749,739,723],"product_tag":[],"giftcard-category":[],"class_list":{"0":"post-74249","1":"product","2":"type-product","3":"status-publish","4":"has-post-thumbnail","6":"pwb-brand-sesderma-lv","7":"product_cat-novecojosa-ada","8":"product_cat-sausai-adai","9":"product_cat-serumi","11":"first","12":"instock","13":"sale","14":"taxable","15":"shipping-taxable","16":"purchasable","17":"product-type-simple"},"acf":[],"brands":[{"id":1262,"name":"Sesderma","slug":"sesderma-lv"}],"_links":{"self":[{"href":"https:\/\/skinstudio.ee\/lv\/wp-json\/wp\/v2\/product\/74249","targetHints":{"allow":["GET"]}}],"collection":[{"href":"https:\/\/skinstudio.ee\/lv\/wp-json\/wp\/v2\/product"}],"about":[{"href":"https:\/\/skinstudio.ee\/lv\/wp-json\/wp\/v2\/types\/product"}],"version-history":[{"count":1,"href":"https:\/\/skinstudio.ee\/lv\/wp-json\/wp\/v2\/product\/74249\/revisions"}],"predecessor-version":[{"id":74250,"href":"https:\/\/skinstudio.ee\/lv\/wp-json\/wp\/v2\/product\/74249\/revisions\/74250"}],"wp:featuredmedia":[{"embeddable":true,"href":"https:\/\/skinstudio.ee\/lv\/wp-json\/wp\/v2\/media\/74242"}],"wp:attachment":[{"href":"https:\/\/skinstudio.ee\/lv\/wp-json\/wp\/v2\/media?parent=74249"}],"wp:term":[{"taxonomy":"pwb-brand","embeddable":true,"href":"https:\/\/skinstudio.ee\/lv\/wp-json\/wp\/v2\/pwb-brand?post=74249"},{"taxonomy":"product_brand","embeddable":true,"href":"https:\/\/skinstudio.ee\/lv\/wp-json\/wp\/v2\/product_brand?post=74249"},{"taxonomy":"product_cat","embeddable":true,"href":"https:\/\/skinstudio.ee\/lv\/wp-json\/wp\/v2\/product_cat?post=74249"},{"taxonomy":"product_tag","embeddable":true,"href":"https:\/\/skinstudio.ee\/lv\/wp-json\/wp\/v2\/product_tag?post=74249"},{"taxonomy":"giftcard-category","embeddable":true,"href":"https:\/\/skinstudio.ee\/lv\/wp-json\/wp\/v2\/giftcard-category?post=74249"}],"curies":[{"name":"wp","href":"https:\/\/api.w.org\/{rel}","templated":true}]}}