{"id":74265,"date":"2026-01-15T11:17:42","date_gmt":"2026-01-15T11:17:42","guid":{"rendered":"https:\/\/skinstudio.ee\/?post_type=product&#038;p=74265"},"modified":"2026-01-21T13:57:23","modified_gmt":"2026-01-21T13:57:23","slug":"factor-g-renew-biostimulating-ampoules","status":"publish","type":"product","link":"https:\/\/skinstudio.ee\/lv\/catalog\/sesderma-lv\/factor-g-renew-biostimulating-ampoules\/","title":{"rendered":"FACTOR G Renew Biostimulating Ampoules"},"content":{"rendered":"<p data-start=\"174\" data-end=\"513\"><strong data-start=\"174\" data-end=\"228\">FACTOR G Renew Biostimulating Ampoules no Sesderma<\/strong> ir intens\u012bvs 7 dienu biostimul\u0113jo\u0161s kop\u0161anas kurss, kas rad\u012bts redzamai \u0101das atjauno\u0161anai, mitrin\u0101\u0161anas uzlabo\u0161anai un tvirtuma palielin\u0101\u0161anai. Uz augu izcelsmes aug\u0161anas faktoriem balst\u012bt\u0101 formula darbojas gan t\u016bl\u012bt\u0113jam vizu\u0101lam efektam, gan pak\u0101peniskai \u0101das kvalit\u0101tes uzlabo\u0161anai.<\/p>\n<p data-start=\"515\" data-end=\"770\">Katra kursa diena ir v\u0113rsta uz konkr\u0113tu \u0101das vajadz\u012bbu &#8211; no stiprin\u0101\u0161anas un atjauno\u0161anas l\u012bdz aizsardz\u012bbai un atjauno\u0161anai. Rezult\u0101t\u0101 \u0101da izskat\u0101s bl\u012bv\u0101ka, glud\u0101ka, mitrin\u0101t\u0101ka un kopt\u0101ka, bet sejas tonis un tekst\u016bra k\u013c\u016bst vienm\u0113r\u012bg\u0101ki un izsmalcin\u0101t\u0101ki.<\/p>\n<p data-start=\"772\" data-end=\"802\"><strong data-start=\"772\" data-end=\"802\">K\u0101 darbojas 7 dienu kurss:<\/strong><\/p>\n<p data-start=\"804\" data-end=\"1329\"><strong data-start=\"804\" data-end=\"829\">1. diena &#8211; Stiprino\u0161s<\/strong> &#8211; atbalsta \u0101das strukt\u016bru un bl\u012bvumu.<br data-start=\"867\" data-end=\"870\" \/><strong data-start=\"870\" data-end=\"896\">2. diena &#8211; Atjaunojo\u0161s<\/strong> &#8211; pal\u012bdz uzlabot \u0101das komfortu un atjauno\u0161anos.<br data-start=\"944\" data-end=\"947\" \/><strong data-start=\"947\" data-end=\"970\">3. diena &#8211; Barojo\u0161s<\/strong> &#8211; atbalsta \u0101das kop\u0113jo st\u0101vokli un izskatu.<br data-start=\"1014\" data-end=\"1017\" \/><strong data-start=\"1017\" data-end=\"1049\">4. diena &#8211; Tonis izl\u012bdzino\u0161s<\/strong> &#8211; pal\u012bdz veidot vienm\u0113r\u012bg\u0101ku un svaig\u0101ku sejas toni.<br data-start=\"1102\" data-end=\"1105\" \/><strong data-start=\"1105\" data-end=\"1141\">5. diena &#8211; Strukt\u016bru atjaunojo\u0161s<\/strong> &#8211; pal\u012bdz uzlabot \u0101das bl\u012bvumu un kvalit\u0101ti.<br data-start=\"1185\" data-end=\"1188\" \/><strong data-start=\"1188\" data-end=\"1215\">6. diena &#8211; Aizsarg\u0101jo\u0161s<\/strong> &#8211; atbalsta \u0101das dabisk\u0101s aizsargfunkcijas.<br data-start=\"1258\" data-end=\"1261\" \/><strong data-start=\"1261\" data-end=\"1287\">7. diena &#8211; Atjaunojo\u0161s<\/strong> &#8211; veicina glud\u0101ku un atjaunot\u0101ku izskatu.<\/p>\n<p data-start=\"1331\" data-end=\"1404\">Piem\u0113rots visiem \u0101das tipiem k\u0101 intens\u012bvs kop\u0161anas kurss. Bez parab\u0113niem.<\/p>\n<p data-start=\"1406\" data-end=\"1433\"><strong data-start=\"1406\" data-end=\"1418\">Tilpums:<\/strong> <strong data-start=\"1419\" data-end=\"1433\">7 x 1,5 ml<\/strong><\/p>\n","protected":false},"excerpt":{"rendered":"<p data-start=\"1529\" data-end=\"1569\">Intens\u012bvs \u0101das atjauno\u0161anas ampulu kurss<\/p>\n<h2 data-start=\"1571\" data-end=\"1633\"><strong data-start=\"1571\" data-end=\"1633\">\u012apa\u0161\u012bbas Sesderma &#8211; FACTOR G Renew Biostimulating Ampoules<\/strong><\/h2>\n<p data-start=\"1635\" data-end=\"1858\">\u2714\ufe0f Nodro\u0161ina redzamu \u0101das atjauno\u0161anu un mitrin\u0101\u0161anu<br data-start=\"1687\" data-end=\"1690\" \/>\u2714\ufe0f Pal\u012bdz uzlabot \u0101das bl\u012bvumu un tvirtumu<br data-start=\"1732\" data-end=\"1735\" \/>\u2714\ufe0f Uzlabo \u0101das kop\u0113jo kvalit\u0101ti un izskatu<br data-start=\"1777\" data-end=\"1780\" \/>\u2714\ufe0f Padara \u0101du glud\u0101ku un kopt\u0101ku<br data-start=\"1812\" data-end=\"1815\" \/>\u2714\ufe0f Atbalsta \u0101du intens\u012bvas kop\u0161anas laik\u0101<\/p>\n","protected":false},"featured_media":74257,"template":"","meta":[],"pwb-brand":[1262],"product_brand":[],"product_cat":[749,723],"product_tag":[],"giftcard-category":[],"class_list":{"0":"post-74265","1":"product","2":"type-product","3":"status-publish","4":"has-post-thumbnail","6":"pwb-brand-sesderma-lv","7":"product_cat-novecojosa-ada","8":"product_cat-serumi","10":"first","11":"instock","12":"sale","13":"taxable","14":"shipping-taxable","15":"purchasable","16":"product-type-simple"},"acf":[],"brands":[{"id":1262,"name":"Sesderma","slug":"sesderma-lv"}],"_links":{"self":[{"href":"https:\/\/skinstudio.ee\/lv\/wp-json\/wp\/v2\/product\/74265","targetHints":{"allow":["GET"]}}],"collection":[{"href":"https:\/\/skinstudio.ee\/lv\/wp-json\/wp\/v2\/product"}],"about":[{"href":"https:\/\/skinstudio.ee\/lv\/wp-json\/wp\/v2\/types\/product"}],"version-history":[{"count":1,"href":"https:\/\/skinstudio.ee\/lv\/wp-json\/wp\/v2\/product\/74265\/revisions"}],"predecessor-version":[{"id":74266,"href":"https:\/\/skinstudio.ee\/lv\/wp-json\/wp\/v2\/product\/74265\/revisions\/74266"}],"wp:featuredmedia":[{"embeddable":true,"href":"https:\/\/skinstudio.ee\/lv\/wp-json\/wp\/v2\/media\/74257"}],"wp:attachment":[{"href":"https:\/\/skinstudio.ee\/lv\/wp-json\/wp\/v2\/media?parent=74265"}],"wp:term":[{"taxonomy":"pwb-brand","embeddable":true,"href":"https:\/\/skinstudio.ee\/lv\/wp-json\/wp\/v2\/pwb-brand?post=74265"},{"taxonomy":"product_brand","embeddable":true,"href":"https:\/\/skinstudio.ee\/lv\/wp-json\/wp\/v2\/product_brand?post=74265"},{"taxonomy":"product_cat","embeddable":true,"href":"https:\/\/skinstudio.ee\/lv\/wp-json\/wp\/v2\/product_cat?post=74265"},{"taxonomy":"product_tag","embeddable":true,"href":"https:\/\/skinstudio.ee\/lv\/wp-json\/wp\/v2\/product_tag?post=74265"},{"taxonomy":"giftcard-category","embeddable":true,"href":"https:\/\/skinstudio.ee\/lv\/wp-json\/wp\/v2\/giftcard-category?post=74265"}],"curies":[{"name":"wp","href":"https:\/\/api.w.org\/{rel}","templated":true}]}}