{"id":74281,"date":"2026-01-15T11:24:45","date_gmt":"2026-01-15T11:24:45","guid":{"rendered":"https:\/\/skinstudio.ee\/?post_type=product&#038;p=74281"},"modified":"2026-01-21T13:57:23","modified_gmt":"2026-01-21T13:57:23","slug":"factor-g-renew-chin-neck","status":"publish","type":"product","link":"https:\/\/skinstudio.ee\/lv\/catalog\/sesderma\/factor-g-renew-chin-neck\/","title":{"rendered":"FACTOR G Renew Chin &#038; Neck"},"content":{"rendered":"<p data-start=\"174\" data-end=\"408\"><strong data-start=\"174\" data-end=\"216\">FACTOR G Renew Chin &amp; Neck no Sesderma<\/strong> ir nostiprino\u0161s g\u0113la-kr\u0113ms, kas rad\u012bts tie\u0161i zoda, kakla un dekolt\u0113 zonai. Formula pal\u012bdz uzlabot \u0101das bl\u012bvumu un tonusu, padara kont\u016bras izteiksm\u012bg\u0101kas un veicina kopt\u0101ku, pacelt\u0101ku izskatu.<\/p>\n<p data-start=\"410\" data-end=\"625\">Regul\u0101ri lietojot, \u0101da kakla un zoda zon\u0101 izskat\u0101s tvirt\u0101ka un kompakt\u0101ka, bet kop\u0113jais siluets k\u013c\u016bst glud\u0101ks un skaidr\u0101k izteikts. Viegl\u0101 g\u0113la-kr\u0113ma tekst\u016bra viegli kl\u0101jas un \u0101tri ies\u016bcas, neatst\u0101jot lip\u012bgu saj\u016btu.<\/p>\n<p data-start=\"627\" data-end=\"660\"><strong data-start=\"627\" data-end=\"660\">Galveno komponentu iedarb\u012bba:<\/strong><\/p>\n<p data-start=\"662\" data-end=\"968\"><strong data-start=\"662\" data-end=\"712\">Aug\u0161anas faktori (biotehnolo\u0123iskais komplekss)<\/strong> &#8211; atbalsta \u0101das atjauno\u0161an\u0101s procesus un pal\u012bdz uzlabot t\u0101s tvirtumu un bl\u012bvumu.<br data-start=\"793\" data-end=\"796\" \/><strong data-start=\"796\" data-end=\"828\">Retino\u012bdi (Retinol, Retinal)<\/strong> &#8211; pal\u012bdz uzlabot \u0101das tekst\u016bru un atbalsta t\u0101s atjauno\u0161anos.<br data-start=\"889\" data-end=\"892\" \/><strong data-start=\"892\" data-end=\"909\">Hialuronsk\u0101be<\/strong> &#8211; pal\u012bdz uztur\u0113t optim\u0101lu \u0101das mitruma l\u012bmeni un komfortu.<\/p>\n<p data-start=\"970\" data-end=\"1079\">Piem\u0113rots \u0101dai ar tvirtuma zudumu, samazin\u0101tu tonusu un maz\u0101k izteikt\u0101m kont\u016br\u0101m zoda, kakla un dekolt\u0113 zon\u0101.<\/p>\n<p data-start=\"1081\" data-end=\"1103\"><strong data-start=\"1081\" data-end=\"1093\">Tilpums:<\/strong> <strong data-start=\"1094\" data-end=\"1103\">50 ml<\/strong><\/p>\n","protected":false},"excerpt":{"rendered":"<p data-start=\"1151\" data-end=\"1190\">Nostiprino\u0161s g\u0113la-kr\u0113ms zodam un kaklam<\/p>\n<h2 data-start=\"1192\" data-end=\"1242\"><strong data-start=\"1192\" data-end=\"1242\">\u012apa\u0161\u012bbas Sesderma &#8211; FACTOR G Renew Chin &amp; Neck<\/strong><\/h2>\n<p data-start=\"1244\" data-end=\"1436\">\u2714\ufe0f Nostiprina \u0101du zoda un kakla zon\u0101<br data-start=\"1280\" data-end=\"1283\" \/>\u2714\ufe0f Pal\u012bdz stiprin\u0101t un bl\u012bv\u0113t audus<br data-start=\"1318\" data-end=\"1321\" \/>\u2714\ufe0f Padara sejas kont\u016bras izteiksm\u012bg\u0101kas<br data-start=\"1360\" data-end=\"1363\" \/>\u2714\ufe0f Uzlabo \u013cenganas \u0101das izskatu<br data-start=\"1394\" data-end=\"1397\" \/>\u2714\ufe0f Veicina jaunekl\u012bg\u0101ku kakla siluetu<\/p>\n","protected":false},"featured_media":74273,"template":"","meta":[],"pwb-brand":[1262],"product_brand":[],"product_cat":[727,735,749],"product_tag":[],"giftcard-category":[],"class_list":{"0":"post-74281","1":"product","2":"type-product","3":"status-publish","4":"has-post-thumbnail","6":"pwb-brand-sesderma","7":"product_cat-a-vitamins-retinols","8":"product_cat-dekolte-zona","9":"product_cat-novecojosa-ada","11":"first","12":"instock","13":"sale","14":"taxable","15":"shipping-taxable","16":"purchasable","17":"product-type-simple"},"acf":[],"brands":[{"id":1262,"name":"Sesderma","slug":"sesderma"}],"_links":{"self":[{"href":"https:\/\/skinstudio.ee\/lv\/wp-json\/wp\/v2\/product\/74281","targetHints":{"allow":["GET"]}}],"collection":[{"href":"https:\/\/skinstudio.ee\/lv\/wp-json\/wp\/v2\/product"}],"about":[{"href":"https:\/\/skinstudio.ee\/lv\/wp-json\/wp\/v2\/types\/product"}],"version-history":[{"count":1,"href":"https:\/\/skinstudio.ee\/lv\/wp-json\/wp\/v2\/product\/74281\/revisions"}],"predecessor-version":[{"id":74282,"href":"https:\/\/skinstudio.ee\/lv\/wp-json\/wp\/v2\/product\/74281\/revisions\/74282"}],"wp:featuredmedia":[{"embeddable":true,"href":"https:\/\/skinstudio.ee\/lv\/wp-json\/wp\/v2\/media\/74273"}],"wp:attachment":[{"href":"https:\/\/skinstudio.ee\/lv\/wp-json\/wp\/v2\/media?parent=74281"}],"wp:term":[{"taxonomy":"pwb-brand","embeddable":true,"href":"https:\/\/skinstudio.ee\/lv\/wp-json\/wp\/v2\/pwb-brand?post=74281"},{"taxonomy":"product_brand","embeddable":true,"href":"https:\/\/skinstudio.ee\/lv\/wp-json\/wp\/v2\/product_brand?post=74281"},{"taxonomy":"product_cat","embeddable":true,"href":"https:\/\/skinstudio.ee\/lv\/wp-json\/wp\/v2\/product_cat?post=74281"},{"taxonomy":"product_tag","embeddable":true,"href":"https:\/\/skinstudio.ee\/lv\/wp-json\/wp\/v2\/product_tag?post=74281"},{"taxonomy":"giftcard-category","embeddable":true,"href":"https:\/\/skinstudio.ee\/lv\/wp-json\/wp\/v2\/giftcard-category?post=74281"}],"curies":[{"name":"wp","href":"https:\/\/api.w.org\/{rel}","templated":true}]}}