{"id":74297,"date":"2026-01-15T11:32:26","date_gmt":"2026-01-15T11:32:26","guid":{"rendered":"https:\/\/skinstudio.ee\/?post_type=product&#038;p=74297"},"modified":"2026-01-21T13:57:23","modified_gmt":"2026-01-21T13:57:23","slug":"factor-g-renew-eye-contour-cream-ceramic","status":"publish","type":"product","link":"https:\/\/skinstudio.ee\/lv\/catalog\/sesderma-lv\/factor-g-renew-eye-contour-cream-ceramic\/","title":{"rendered":"FACTOR G Renew Eye Contour Cream Ceramic"},"content":{"rendered":"<p data-start=\"222\" data-end=\"550\"><strong data-start=\"222\" data-end=\"278\">FACTOR G Renew Eye Contour Cream Ceramic no Sesderma<\/strong> ir nostiprino\u0161s acu kont\u016bras kr\u0113ms, kas izstr\u0101d\u0101ts, lai redzami uzlabotu maig\u0101s \u0101das ap ac\u012bm kvalit\u0101ti un mazin\u0101tu noveco\u0161an\u0101s paz\u012bmes. Formulas efektivit\u0101te ir apstiprin\u0101ta kl\u012bniskajos p\u0113t\u012bjumos, kas v\u0113rsti uz grumbu samazin\u0101\u0161anu un acu zonas kop\u0113j\u0101 st\u0101vok\u013ca uzlabo\u0161anu.<\/p>\n<p data-start=\"552\" data-end=\"861\">Kl\u012bniskaj\u0101 nov\u0113rt\u0113jum\u0101 tika konstat\u0113ts <strong data-start=\"591\" data-end=\"631\">grumbu skaita samazin\u0101jums par 16,1%<\/strong> un <strong data-start=\"635\" data-end=\"680\">to kop\u0113j\u0101s virsmas samazin\u0101jums par 10,5%<\/strong>. Regul\u0101ri lietojot, \u0101da ap ac\u012bm izskat\u0101s glud\u0101ka, tvirt\u0101ka un kopt\u0101ka, bet skatiens \u2013 svaig\u0101ks un atp\u016bties. Komfortabl\u0101 tekst\u016bra ir piem\u0113rota ikdienas lieto\u0161anai, ar\u012b jut\u012bgai \u0101dai.<\/p>\n<p data-start=\"863\" data-end=\"896\"><strong data-start=\"863\" data-end=\"896\">Galveno komponentu iedarb\u012bba:<\/strong><\/p>\n<p data-start=\"898\" data-end=\"1192\"><strong data-start=\"898\" data-end=\"933\">Augu izcelsmes aug\u0161anas faktori<\/strong> \u2013 atbalsta \u0101das atjauno\u0161an\u0101s procesus un pal\u012bdz uzlabot \u0101das bl\u012bvumu un tvirtumu.<br data-start=\"1015\" data-end=\"1018\" \/><strong data-start=\"1018\" data-end=\"1039\">Pept\u012bdu komplekss<\/strong> \u2013 pal\u012bdz uzlabot \u0101das kvalit\u0101ti un mazin\u0101t smalko l\u012bniju izskatu.<br data-start=\"1105\" data-end=\"1108\" \/><strong data-start=\"1108\" data-end=\"1133\">Mitrino\u0161ie komponenti<\/strong> \u2013 pal\u012bdz uztur\u0113t optim\u0101lu mitruma l\u012bmeni un \u0101das komfortu.<\/p>\n<p data-start=\"1194\" data-end=\"1288\">Piem\u0113rots \u0101dai ar redzam\u0101m noguruma paz\u012bm\u0113m, samazin\u0101tu tvirtumu un grumb\u0101m acu kont\u016bras zon\u0101.<\/p>\n<p data-start=\"1290\" data-end=\"1312\"><strong data-start=\"1290\" data-end=\"1302\">Tilpums:<\/strong> <strong data-start=\"1303\" data-end=\"1312\">15 ml<\/strong><\/p>\n","protected":false},"excerpt":{"rendered":"<p data-start=\"1351\" data-end=\"1382\">Nostiprino\u0161s acu kont\u016bras kr\u0113ms<\/p>\n<h2 data-start=\"1384\" data-end=\"1448\"><strong data-start=\"1384\" data-end=\"1448\">\u012apa\u0161\u012bbas Sesderma &#8211; FACTOR G Renew Eye Contour Cream Ceramic<\/strong><\/h2>\n<p data-start=\"1450\" data-end=\"1652\">\u2714\ufe0f Samazina grumbu redzam\u012bbu ap ac\u012bm<br data-start=\"1486\" data-end=\"1489\" \/>\u2714\ufe0f Padara skatienu svaig\u0101ku un atp\u016btu\u0161os<br data-start=\"1529\" data-end=\"1532\" \/>\u2714\ufe0f Uzlabo \u0101das bl\u012bvumu acu kont\u016bras zon\u0101<br data-start=\"1572\" data-end=\"1575\" \/>\u2714\ufe0f Pal\u012bdz mazin\u0101t redzam\u0101s noguruma paz\u012bmes<br data-start=\"1618\" data-end=\"1621\" \/>\u2714\ufe0f Padara acu kont\u016bru kopt\u0101ku<\/p>\n","protected":false},"featured_media":74289,"template":"","meta":[],"pwb-brand":[1262],"product_brand":[],"product_cat":[733,749],"product_tag":[],"giftcard-category":[],"class_list":{"0":"post-74297","1":"product","2":"type-product","3":"status-publish","4":"has-post-thumbnail","6":"pwb-brand-sesderma-lv","7":"product_cat-ada-ap-acim","8":"product_cat-novecojosa-ada","10":"first","11":"instock","12":"sale","13":"taxable","14":"shipping-taxable","15":"purchasable","16":"product-type-simple"},"acf":[],"brands":[{"id":1262,"name":"Sesderma","slug":"sesderma-lv"}],"_links":{"self":[{"href":"https:\/\/skinstudio.ee\/lv\/wp-json\/wp\/v2\/product\/74297","targetHints":{"allow":["GET"]}}],"collection":[{"href":"https:\/\/skinstudio.ee\/lv\/wp-json\/wp\/v2\/product"}],"about":[{"href":"https:\/\/skinstudio.ee\/lv\/wp-json\/wp\/v2\/types\/product"}],"version-history":[{"count":1,"href":"https:\/\/skinstudio.ee\/lv\/wp-json\/wp\/v2\/product\/74297\/revisions"}],"predecessor-version":[{"id":74298,"href":"https:\/\/skinstudio.ee\/lv\/wp-json\/wp\/v2\/product\/74297\/revisions\/74298"}],"wp:featuredmedia":[{"embeddable":true,"href":"https:\/\/skinstudio.ee\/lv\/wp-json\/wp\/v2\/media\/74289"}],"wp:attachment":[{"href":"https:\/\/skinstudio.ee\/lv\/wp-json\/wp\/v2\/media?parent=74297"}],"wp:term":[{"taxonomy":"pwb-brand","embeddable":true,"href":"https:\/\/skinstudio.ee\/lv\/wp-json\/wp\/v2\/pwb-brand?post=74297"},{"taxonomy":"product_brand","embeddable":true,"href":"https:\/\/skinstudio.ee\/lv\/wp-json\/wp\/v2\/product_brand?post=74297"},{"taxonomy":"product_cat","embeddable":true,"href":"https:\/\/skinstudio.ee\/lv\/wp-json\/wp\/v2\/product_cat?post=74297"},{"taxonomy":"product_tag","embeddable":true,"href":"https:\/\/skinstudio.ee\/lv\/wp-json\/wp\/v2\/product_tag?post=74297"},{"taxonomy":"giftcard-category","embeddable":true,"href":"https:\/\/skinstudio.ee\/lv\/wp-json\/wp\/v2\/giftcard-category?post=74297"}],"curies":[{"name":"wp","href":"https:\/\/api.w.org\/{rel}","templated":true}]}}