{"id":74313,"date":"2026-01-15T11:39:48","date_gmt":"2026-01-15T11:39:48","guid":{"rendered":"https:\/\/skinstudio.ee\/?post_type=product&#038;p=74313"},"modified":"2026-01-21T13:57:23","modified_gmt":"2026-01-21T13:57:23","slug":"factor-g-renew-rejuvenating-serum","status":"publish","type":"product","link":"https:\/\/skinstudio.ee\/lv\/catalog\/sesderma-lv\/factor-g-renew-rejuvenating-serum\/","title":{"rendered":"FACTOR G Renew Rejuvenating Serum"},"content":{"rendered":"<p data-start=\"167\" data-end=\"491\"><strong data-start=\"167\" data-end=\"216\">FACTOR G Renew Rejuvenating Serum no Sesderma<\/strong> ir intens\u012bvs pretnoveco\u0161an\u0101s serums, kas rad\u012bts redzamai \u0101das atjauno\u0161anai un t\u0101s kop\u0113j\u0101s kvalit\u0101tes uzlabo\u0161anai. Formula ar biotehnolo\u0123isku aug\u0161anas faktoru kompleksu pal\u012bdz palielin\u0101t \u0101das bl\u012bvumu un tvirtumu, stiprina \u0101das strukt\u016bru un atbalsta svaig\u0101ku, kopt\u0101ku izskatu.<\/p>\n<p data-start=\"493\" data-end=\"769\">Regul\u0101ri lietojot \u0101da k\u013c\u016bst glud\u0101ka, bl\u012bv\u0101ka un elast\u012bg\u0101ka, izskat\u0101s pild\u012bt\u0101ka un lab\u0101k mitrin\u0101ta. Jau p\u0113c <strong data-start=\"600\" data-end=\"613\">28 dien\u0101m<\/strong> \u0101da \u0161\u0137iet m\u012bkst\u0101ka, tvirt\u0101ka un iev\u0113rojami kopt\u0101ka. Viegl\u0101 tekst\u016bra ir piem\u0113rota ikdienas lieto\u0161anai un visiem \u0101das tipiem, tostarp pl\u0101nai un jut\u012bgai \u0101dai.<\/p>\n<p data-start=\"771\" data-end=\"804\"><strong data-start=\"771\" data-end=\"804\">Galveno komponentu iedarb\u012bba:<\/strong><\/p>\n<p data-start=\"806\" data-end=\"1168\"><strong data-start=\"806\" data-end=\"851\">Augu izcelsmes aug\u0161anas faktoru komplekss<\/strong> \u2013 atbalsta \u0101das atjauno\u0161an\u0101s procesus un pal\u012bdz uzlabot \u0101das bl\u012bvumu un tvirtumu.<br data-start=\"933\" data-end=\"936\" \/><strong data-start=\"936\" data-end=\"957\">Pept\u012bdu komplekss<\/strong> \u2013 pal\u012bdz uzlabot \u0101das kop\u0113jo kvalit\u0101ti un padar\u012bt tekst\u016bru vienm\u0113r\u012bg\u0101ku.<br data-start=\"1030\" data-end=\"1033\" \/><strong data-start=\"1033\" data-end=\"1087\">Antioksidantu komplekss (resveratrols, kvercet\u012bns)<\/strong> \u2013 pal\u012bdz aizsarg\u0101t \u0101du no \u0101r\u0113jiem stresa faktoriem un saglab\u0101t svaig\u0101ku izskatu.<\/p>\n<p data-start=\"1170\" data-end=\"1256\">Piem\u0113rots \u0101dai ar tvirtuma zudumu, samazin\u0101tu bl\u012bvumu un pirmaj\u0101m noveco\u0161an\u0101s paz\u012bm\u0113m.<\/p>\n<p data-start=\"1258\" data-end=\"1280\"><strong data-start=\"1258\" data-end=\"1270\">Tilpums:<\/strong> <strong data-start=\"1271\" data-end=\"1280\">30 ml<\/strong><\/p>\n","protected":false},"excerpt":{"rendered":"<p data-start=\"1347\" data-end=\"1381\">Intens\u012bvs atjaunojo\u0161s sejas serums<\/p>\n<h2 data-start=\"1383\" data-end=\"1440\"><strong data-start=\"1383\" data-end=\"1440\">\u012apa\u0161\u012bbas Sesderma &#8211; FACTOR G Renew Rejuvenating Serum<\/strong><\/h2>\n<p data-start=\"1442\" data-end=\"1652\">\u2714\ufe0f Redzami uzlabo \u0101das bl\u012bvumu un tvirtumu<br data-start=\"1484\" data-end=\"1487\" \/>\u2714\ufe0f Padara \u0101du glud\u0101ku un pild\u012bt\u0101ku<br data-start=\"1521\" data-end=\"1524\" \/>\u2714\ufe0f Pal\u012bdz samazin\u0101t grumbu redzam\u012bbu<br data-start=\"1560\" data-end=\"1563\" \/>\u2714\ufe0f Uzlabo \u0101das kop\u0113jo kvalit\u0101ti un izskatu<br data-start=\"1605\" data-end=\"1608\" \/>\u2714\ufe0f Atbalsta \u0101du akt\u012bv\u0101s atjauno\u0161anas laik\u0101<\/p>\n","protected":false},"featured_media":74305,"template":"","meta":[],"pwb-brand":[1262],"product_brand":[],"product_cat":[749,723],"product_tag":[],"giftcard-category":[],"class_list":{"0":"post-74313","1":"product","2":"type-product","3":"status-publish","4":"has-post-thumbnail","6":"pwb-brand-sesderma-lv","7":"product_cat-novecojosa-ada","8":"product_cat-serumi","10":"first","11":"instock","12":"sale","13":"taxable","14":"shipping-taxable","15":"purchasable","16":"product-type-simple"},"acf":[],"brands":[{"id":1262,"name":"Sesderma","slug":"sesderma-lv"}],"_links":{"self":[{"href":"https:\/\/skinstudio.ee\/lv\/wp-json\/wp\/v2\/product\/74313","targetHints":{"allow":["GET"]}}],"collection":[{"href":"https:\/\/skinstudio.ee\/lv\/wp-json\/wp\/v2\/product"}],"about":[{"href":"https:\/\/skinstudio.ee\/lv\/wp-json\/wp\/v2\/types\/product"}],"version-history":[{"count":1,"href":"https:\/\/skinstudio.ee\/lv\/wp-json\/wp\/v2\/product\/74313\/revisions"}],"predecessor-version":[{"id":74314,"href":"https:\/\/skinstudio.ee\/lv\/wp-json\/wp\/v2\/product\/74313\/revisions\/74314"}],"wp:featuredmedia":[{"embeddable":true,"href":"https:\/\/skinstudio.ee\/lv\/wp-json\/wp\/v2\/media\/74305"}],"wp:attachment":[{"href":"https:\/\/skinstudio.ee\/lv\/wp-json\/wp\/v2\/media?parent=74313"}],"wp:term":[{"taxonomy":"pwb-brand","embeddable":true,"href":"https:\/\/skinstudio.ee\/lv\/wp-json\/wp\/v2\/pwb-brand?post=74313"},{"taxonomy":"product_brand","embeddable":true,"href":"https:\/\/skinstudio.ee\/lv\/wp-json\/wp\/v2\/product_brand?post=74313"},{"taxonomy":"product_cat","embeddable":true,"href":"https:\/\/skinstudio.ee\/lv\/wp-json\/wp\/v2\/product_cat?post=74313"},{"taxonomy":"product_tag","embeddable":true,"href":"https:\/\/skinstudio.ee\/lv\/wp-json\/wp\/v2\/product_tag?post=74313"},{"taxonomy":"giftcard-category","embeddable":true,"href":"https:\/\/skinstudio.ee\/lv\/wp-json\/wp\/v2\/giftcard-category?post=74313"}],"curies":[{"name":"wp","href":"https:\/\/api.w.org\/{rel}","templated":true}]}}