{"id":74328,"date":"2026-01-15T11:53:57","date_gmt":"2026-01-15T11:53:57","guid":{"rendered":"https:\/\/skinstudio.ee\/?post_type=product&#038;p=74328"},"modified":"2026-01-21T13:57:23","modified_gmt":"2026-01-21T13:57:23","slug":"ferulac-antioxidant-facial-cream","status":"publish","type":"product","link":"https:\/\/skinstudio.ee\/lv\/catalog\/sesderma-lv\/ferulac-antioxidant-facial-cream\/","title":{"rendered":"FERULAC Antioxidant Facial Cream"},"content":{"rendered":"<p data-start=\"164\" data-end=\"446\"><strong data-start=\"164\" data-end=\"212\">FERULAC Antioxidant Facial Cream no Sesderma<\/strong> ir antioksidants sejas kr\u0113ms, kas izstr\u0101d\u0101ts, lai aizsarg\u0101tu \u0101du no fotonoveco\u0161an\u0101s un ikdienas apk\u0101rt\u0113j\u0101s vides stresa faktoriem. Formula pal\u012bdz saglab\u0101t vienm\u0113r\u012bg\u0101ku \u0101das toni, glud\u0101ku tekst\u016bru un koptu, vesel\u012bga izskata sejas \u0101du.<\/p>\n<p data-start=\"448\" data-end=\"700\">Regul\u0101ri lietojot \u0101da izskat\u0101s svaig\u0101ka un lab\u0101k mitrin\u0101ta, k\u013c\u016bst glud\u0101ka un elast\u012bg\u0101ka, savuk\u0101rt fotoboj\u0101jumu paz\u012bmes ar laiku k\u013c\u016bst maz\u0101k paman\u0101mas. Kr\u0113ms ir \u0113rts lieto\u0161an\u0101, piem\u0113rots ikdienas kop\u0161anai un viegli iek\u013caujas gan r\u012bta, gan vakara rut\u012bn\u0101.<\/p>\n<p data-start=\"702\" data-end=\"735\"><strong data-start=\"702\" data-end=\"735\">Galveno komponentu iedarb\u012bba:<\/strong><\/p>\n<p data-start=\"737\" data-end=\"1025\"><strong data-start=\"737\" data-end=\"753\">Ferulic Acid<\/strong> \u2013 nodro\u0161ina sp\u0113c\u012bgu antioksidantu aizsardz\u012bbu un pal\u012bdz mazin\u0101t fotostresa ietekmi uz \u0101du.<br data-start=\"844\" data-end=\"847\" \/><strong data-start=\"847\" data-end=\"862\">Tannic Acid<\/strong> \u2013 pal\u012bdz uztur\u0113t vienm\u0113r\u012bg\u0101ku \u0101das toni un koptu izskatu.<br data-start=\"920\" data-end=\"923\" \/><strong data-start=\"923\" data-end=\"936\">Phloretin<\/strong> \u2013 pastiprina formulas aizsarg\u0101jo\u0161o iedarb\u012bbu un atbalsta glud\u0101ku, svaig\u0101ku \u0101das izskatu.<\/p>\n<p data-start=\"1027\" data-end=\"1120\">Piem\u0113rots \u0101dai ar fotonoveco\u0161an\u0101s paz\u012bm\u0113m, nevienm\u0113r\u012bgu toni, samazin\u0101tu elast\u012bbu un sausumu.<\/p>\n<p data-start=\"1122\" data-end=\"1144\"><strong data-start=\"1122\" data-end=\"1134\">Tilpums:<\/strong> <strong data-start=\"1135\" data-end=\"1144\">50 ml<\/strong><\/p>\n","protected":false},"excerpt":{"rendered":"<p data-start=\"1291\" data-end=\"1316\">Antioksidants sejas kr\u0113ms<\/p>\n<h2 data-start=\"1318\" data-end=\"1374\"><strong data-start=\"1318\" data-end=\"1374\">\u012apa\u0161\u012bbas Sesderma &#8211; FERULAC Antioxidant Facial Cream<\/strong><\/h2>\n<p data-start=\"1376\" data-end=\"1595\">\u2714\ufe0f Aizsarg\u0101 \u0101du no fotostresa un oksid\u0101cijas<br data-start=\"1420\" data-end=\"1423\" \/>\u2714\ufe0f Pal\u012bdz saglab\u0101t vienm\u0113r\u012bg\u0101ku \u0101das toni<br data-start=\"1464\" data-end=\"1467\" \/>\u2714\ufe0f Padara \u0101du glud\u0101ku un kopt\u0101ku<br data-start=\"1499\" data-end=\"1502\" \/>\u2714\ufe0f Atbalsta \u0101das elast\u012bbu un svaigu izskatu<br data-start=\"1545\" data-end=\"1548\" \/>\u2714\ufe0f Nodro\u0161ina komfortu un ikdienas mitrin\u0101\u0161anu<\/p>\n","protected":false},"featured_media":74321,"template":"","meta":[],"pwb-brand":[1262],"product_brand":[],"product_cat":[737,749],"product_tag":[],"giftcard-category":[],"class_list":{"0":"post-74328","1":"product","2":"type-product","3":"status-publish","4":"has-post-thumbnail","6":"pwb-brand-sesderma-lv","7":"product_cat-mitrinasana","8":"product_cat-novecojosa-ada","10":"first","11":"instock","12":"sale","13":"taxable","14":"shipping-taxable","15":"purchasable","16":"product-type-simple"},"acf":[],"brands":[{"id":1262,"name":"Sesderma","slug":"sesderma-lv"}],"_links":{"self":[{"href":"https:\/\/skinstudio.ee\/lv\/wp-json\/wp\/v2\/product\/74328","targetHints":{"allow":["GET"]}}],"collection":[{"href":"https:\/\/skinstudio.ee\/lv\/wp-json\/wp\/v2\/product"}],"about":[{"href":"https:\/\/skinstudio.ee\/lv\/wp-json\/wp\/v2\/types\/product"}],"version-history":[{"count":1,"href":"https:\/\/skinstudio.ee\/lv\/wp-json\/wp\/v2\/product\/74328\/revisions"}],"predecessor-version":[{"id":74329,"href":"https:\/\/skinstudio.ee\/lv\/wp-json\/wp\/v2\/product\/74328\/revisions\/74329"}],"wp:featuredmedia":[{"embeddable":true,"href":"https:\/\/skinstudio.ee\/lv\/wp-json\/wp\/v2\/media\/74321"}],"wp:attachment":[{"href":"https:\/\/skinstudio.ee\/lv\/wp-json\/wp\/v2\/media?parent=74328"}],"wp:term":[{"taxonomy":"pwb-brand","embeddable":true,"href":"https:\/\/skinstudio.ee\/lv\/wp-json\/wp\/v2\/pwb-brand?post=74328"},{"taxonomy":"product_brand","embeddable":true,"href":"https:\/\/skinstudio.ee\/lv\/wp-json\/wp\/v2\/product_brand?post=74328"},{"taxonomy":"product_cat","embeddable":true,"href":"https:\/\/skinstudio.ee\/lv\/wp-json\/wp\/v2\/product_cat?post=74328"},{"taxonomy":"product_tag","embeddable":true,"href":"https:\/\/skinstudio.ee\/lv\/wp-json\/wp\/v2\/product_tag?post=74328"},{"taxonomy":"giftcard-category","embeddable":true,"href":"https:\/\/skinstudio.ee\/lv\/wp-json\/wp\/v2\/giftcard-category?post=74328"}],"curies":[{"name":"wp","href":"https:\/\/api.w.org\/{rel}","templated":true}]}}