{"id":74345,"date":"2026-01-15T12:44:58","date_gmt":"2026-01-15T12:44:58","guid":{"rendered":"https:\/\/skinstudio.ee\/?post_type=product&#038;p=74345"},"modified":"2026-01-21T13:57:23","modified_gmt":"2026-01-21T13:57:23","slug":"ferulac-antioxidant-gel-cream","status":"publish","type":"product","link":"https:\/\/skinstudio.ee\/lv\/catalog\/sesderma-lv\/ferulac-antioxidant-gel-cream\/","title":{"rendered":"FERULAC Antioxidant Gel Cream"},"content":{"rendered":"<p data-start=\"180\" data-end=\"453\"><strong data-start=\"180\" data-end=\"225\">FERULAC Antioxidant Gel Cream no Sesderma<\/strong> ir viegls antioksidantu g\u0113la-kr\u0113ms, kas paredz\u0113ts \u0101das aizsardz\u012bbai pret fotonoveco\u0161anos un ikdienas vides ietekmi. Formula pal\u012bdz saglab\u0101t vienm\u0113r\u012bg\u0101ku \u0101das toni, glud\u0101ku tekst\u016bru un svaigu, koptu izskatu, nepadarot \u0101du smagu.<\/p>\n<p data-start=\"455\" data-end=\"680\">Regul\u0101ri lietojot, \u0101da izskat\u0101s vair\u0101k mitrin\u0101ta un svaig\u0101ka, k\u013c\u016bst glud\u0101ka un elast\u012bg\u0101ka, bet fotoboj\u0101jumu paz\u012bmes laika gait\u0101 k\u013c\u016bst maz\u0101k paman\u0101mas. Viegl\u0101 g\u0113la-kr\u0113ma tekst\u016bra \u0101tri ies\u016bcas un ir \u012bpa\u0161i \u0113rta ikdienas kop\u0161an\u0101.<\/p>\n<p data-start=\"682\" data-end=\"720\"><strong data-start=\"682\" data-end=\"720\">Darb\u012bba galveno komponentu l\u012bmen\u012b:<\/strong><\/p>\n<p data-start=\"722\" data-end=\"1007\"><strong data-start=\"722\" data-end=\"736\">Ferulsk\u0101be<\/strong> &#8211; nodro\u0161ina sp\u0113c\u012bgu antioksidantu aizsardz\u012bbu un pal\u012bdz mazin\u0101t fotostresa ietekmi uz \u0101du.<br data-start=\"827\" data-end=\"830\" \/><strong data-start=\"830\" data-end=\"844\">Tan\u012bnsk\u0101be<\/strong> &#8211; pal\u012bdz uztur\u0113t vienm\u0113r\u012bg\u0101ku \u0101das toni un koptu izskatu.<br data-start=\"902\" data-end=\"905\" \/><strong data-start=\"905\" data-end=\"918\">Floret\u012bns<\/strong> &#8211; pastiprina formulas aizsarg\u0101jo\u0161o iedarb\u012bbu un atbalsta glud\u0101ku, svaig\u0101ku \u0101das izskatu.<\/p>\n<p data-start=\"1009\" data-end=\"1102\">Piem\u0113rots \u0101dai ar fotonoveco\u0161an\u0101s paz\u012bm\u0113m, nevienm\u0113r\u012bgu toni, samazin\u0101tu elast\u012bbu un sausumu.<\/p>\n<p data-start=\"1104\" data-end=\"1126\"><strong data-start=\"1104\" data-end=\"1116\">Tilpums:<\/strong> <strong data-start=\"1117\" data-end=\"1126\">50 ml<\/strong><\/p>\n","protected":false},"excerpt":{"rendered":"<p data-start=\"1279\" data-end=\"1316\">Viegls antioksidantu g\u0113la-kr\u0113ms sejai<\/p>\n<h2 data-start=\"1318\" data-end=\"1371\"><strong data-start=\"1318\" data-end=\"1371\">\u012apa\u0161\u012bbas Sesderma &#8211; FERULAC Antioxidant Gel Cream<\/strong><\/h2>\n<p data-start=\"1373\" data-end=\"1602\">\u2714\ufe0f Aizsarg\u0101 \u0101du no fotostresa un oksid\u0101cijas<br data-start=\"1417\" data-end=\"1420\" \/>\u2714\ufe0f Pal\u012bdz saglab\u0101t vienm\u0113r\u012bg\u0101ku \u0101das toni<br data-start=\"1461\" data-end=\"1464\" \/>\u2714\ufe0f Padara \u0101das tekst\u016bru glud\u0101ku un kopt\u0101ku<br data-start=\"1506\" data-end=\"1509\" \/>\u2714\ufe0f Atbalsta \u0101das elast\u012bbu un svaigu izskatu<br data-start=\"1552\" data-end=\"1555\" \/>\u2714\ufe0f Nodro\u0161ina komfortu un ikdienas mitrin\u0101\u0161anu<\/p>\n","protected":false},"featured_media":74337,"template":"","meta":[],"pwb-brand":[1262],"product_brand":[],"product_cat":[737,749,739],"product_tag":[],"giftcard-category":[],"class_list":{"0":"post-74345","1":"product","2":"type-product","3":"status-publish","4":"has-post-thumbnail","6":"pwb-brand-sesderma-lv","7":"product_cat-mitrinasana","8":"product_cat-novecojosa-ada","9":"product_cat-sausai-adai","11":"first","12":"instock","13":"sale","14":"taxable","15":"shipping-taxable","16":"purchasable","17":"product-type-simple"},"acf":[],"brands":[{"id":1262,"name":"Sesderma","slug":"sesderma-lv"}],"_links":{"self":[{"href":"https:\/\/skinstudio.ee\/lv\/wp-json\/wp\/v2\/product\/74345","targetHints":{"allow":["GET"]}}],"collection":[{"href":"https:\/\/skinstudio.ee\/lv\/wp-json\/wp\/v2\/product"}],"about":[{"href":"https:\/\/skinstudio.ee\/lv\/wp-json\/wp\/v2\/types\/product"}],"version-history":[{"count":1,"href":"https:\/\/skinstudio.ee\/lv\/wp-json\/wp\/v2\/product\/74345\/revisions"}],"predecessor-version":[{"id":74346,"href":"https:\/\/skinstudio.ee\/lv\/wp-json\/wp\/v2\/product\/74345\/revisions\/74346"}],"wp:featuredmedia":[{"embeddable":true,"href":"https:\/\/skinstudio.ee\/lv\/wp-json\/wp\/v2\/media\/74337"}],"wp:attachment":[{"href":"https:\/\/skinstudio.ee\/lv\/wp-json\/wp\/v2\/media?parent=74345"}],"wp:term":[{"taxonomy":"pwb-brand","embeddable":true,"href":"https:\/\/skinstudio.ee\/lv\/wp-json\/wp\/v2\/pwb-brand?post=74345"},{"taxonomy":"product_brand","embeddable":true,"href":"https:\/\/skinstudio.ee\/lv\/wp-json\/wp\/v2\/product_brand?post=74345"},{"taxonomy":"product_cat","embeddable":true,"href":"https:\/\/skinstudio.ee\/lv\/wp-json\/wp\/v2\/product_cat?post=74345"},{"taxonomy":"product_tag","embeddable":true,"href":"https:\/\/skinstudio.ee\/lv\/wp-json\/wp\/v2\/product_tag?post=74345"},{"taxonomy":"giftcard-category","embeddable":true,"href":"https:\/\/skinstudio.ee\/lv\/wp-json\/wp\/v2\/giftcard-category?post=74345"}],"curies":[{"name":"wp","href":"https:\/\/api.w.org\/{rel}","templated":true}]}}