{"id":74361,"date":"2026-01-15T12:51:17","date_gmt":"2026-01-15T12:51:17","guid":{"rendered":"https:\/\/skinstudio.ee\/?post_type=product&#038;p=74361"},"modified":"2026-01-21T13:57:23","modified_gmt":"2026-01-21T13:57:23","slug":"ferulac-antioxidant-serum","status":"publish","type":"product","link":"https:\/\/skinstudio.ee\/lv\/catalog\/sesderma-lv\/ferulac-antioxidant-serum\/","title":{"rendered":"FERULAC Antioxidant Serum"},"content":{"rendered":"<p data-start=\"162\" data-end=\"496\"><strong data-start=\"162\" data-end=\"200\">Sesderma FERULAC Antioxidant Serum<\/strong> ir liposom\u0101ls antioksidantu serums, kas paredz\u0113ts fotonoveco\u0161an\u0101s redzamo paz\u012bmju profilaksei un korekcijai. Formula pal\u012bdz mazin\u0101t saules izrais\u012btus \u0101das boj\u0101jumus, piem\u0113ram, dehidrat\u0101ciju, smalk\u0101s l\u012bnijas, grumbi\u0146as un pigment\u0101cijas plankumus, vienlaikus uzlabojot \u0101das kop\u0113jo izskatu un toni.<\/p>\n<p data-start=\"498\" data-end=\"732\">Regul\u0101ri lietojot, \u0101da izskat\u0101s glud\u0101ka, lab\u0101k mitrin\u0101ta un tvirt\u0101ka, savuk\u0101rt noguruma un apk\u0101rt\u0113j\u0101s vides ietekmes paz\u012bmes k\u013c\u016bst maz\u0101k paman\u0101mas. Viegl\u0101 tekst\u016bra \u0101tri ies\u016bcas un lieliski iederas gan r\u012bta, gan vakara kop\u0161anas rut\u012bn\u0101.<\/p>\n<p data-start=\"734\" data-end=\"767\"><strong data-start=\"734\" data-end=\"767\">Galveno komponentu iedarb\u012bba:<\/strong><\/p>\n<p data-start=\"769\" data-end=\"1085\"><strong data-start=\"769\" data-end=\"783\">Ferulsk\u0101be<\/strong> &#8211; nodro\u0161ina sp\u0113c\u012bgu antioksidantu aizsardz\u012bbu un pal\u012bdz mazin\u0101t fotonoveco\u0161an\u0101s un oksidat\u012bv\u0101 stresa ietekmi.<br data-start=\"893\" data-end=\"896\" \/><strong data-start=\"896\" data-end=\"910\">Tan\u012bnsk\u0101be<\/strong> &#8211; pal\u012bdz uzlabot \u0101das to\u0146a vienm\u0113r\u012bgumu un kop\u0113jo \u0101das izskatu.<br data-start=\"974\" data-end=\"977\" \/><strong data-start=\"977\" data-end=\"990\">Floret\u012bns<\/strong> &#8211; pastiprina formulas aizsarg\u0101jo\u0161o iedarb\u012bbu un pal\u012bdz \u0101dai izskat\u012bties glud\u0101kai un svaig\u0101kai.<\/p>\n<p data-start=\"1087\" data-end=\"1209\">Piem\u0113rots \u0101dai ar fotonoveco\u0161an\u0101s paz\u012bm\u0113m, dehidrat\u0101ciju, nevienm\u0113r\u012bgu toni, tvirtuma samazin\u0101\u0161anos un pirmaj\u0101m grumbi\u0146\u0101m.<\/p>\n<p data-start=\"1211\" data-end=\"1233\"><strong data-start=\"1211\" data-end=\"1223\">Tilpums:<\/strong> <strong data-start=\"1224\" data-end=\"1233\">30 ml<\/strong><\/p>\n","protected":false},"excerpt":{"rendered":"<p data-start=\"1313\" data-end=\"1346\">Viegls antioksidantu sejas serums<\/p>\n<h2 data-start=\"1348\" data-end=\"1400\"><strong data-start=\"1351\" data-end=\"1400\">\u012bpa\u0161\u012bbas <\/strong><strong data-start=\"1351\" data-end=\"1400\">Sesderma &#8211; FERULAC Antioxidant Serum<\/strong><\/h2>\n<p data-start=\"1402\" data-end=\"1616\">\u2714\ufe0f Pal\u012bdz aizsarg\u0101t \u0101du no fotonoveco\u0161an\u0101s<br data-start=\"1444\" data-end=\"1447\" \/>\u2714\ufe0f Veicina vienm\u0113r\u012bg\u0101ku un mirdzo\u0161\u0101ku \u0101das toni<br data-start=\"1494\" data-end=\"1497\" \/>\u2714\ufe0f Uzlabo \u0101das tekst\u016bru un gludumu<br data-start=\"1531\" data-end=\"1534\" \/>\u2714\ufe0f Pal\u012bdz saglab\u0101t \u0101das tvirtumu un elast\u012bbu<br data-start=\"1578\" data-end=\"1581\" \/>\u2714\ufe0f Nodro\u0161ina ilgsto\u0161u mitrin\u0101\u0161anu<\/p>\n","protected":false},"featured_media":74353,"template":"","meta":[],"pwb-brand":[1262],"product_brand":[],"product_cat":[749,751,723],"product_tag":[],"giftcard-category":[],"class_list":{"0":"post-74361","1":"product","2":"type-product","3":"status-publish","4":"has-post-thumbnail","6":"pwb-brand-sesderma-lv","7":"product_cat-novecojosa-ada","8":"product_cat-pigmentacija-lv","9":"product_cat-serumi","11":"first","12":"instock","13":"sale","14":"taxable","15":"shipping-taxable","16":"purchasable","17":"product-type-simple"},"acf":[],"brands":[{"id":1262,"name":"Sesderma","slug":"sesderma-lv"}],"_links":{"self":[{"href":"https:\/\/skinstudio.ee\/lv\/wp-json\/wp\/v2\/product\/74361","targetHints":{"allow":["GET"]}}],"collection":[{"href":"https:\/\/skinstudio.ee\/lv\/wp-json\/wp\/v2\/product"}],"about":[{"href":"https:\/\/skinstudio.ee\/lv\/wp-json\/wp\/v2\/types\/product"}],"version-history":[{"count":1,"href":"https:\/\/skinstudio.ee\/lv\/wp-json\/wp\/v2\/product\/74361\/revisions"}],"predecessor-version":[{"id":74362,"href":"https:\/\/skinstudio.ee\/lv\/wp-json\/wp\/v2\/product\/74361\/revisions\/74362"}],"wp:featuredmedia":[{"embeddable":true,"href":"https:\/\/skinstudio.ee\/lv\/wp-json\/wp\/v2\/media\/74353"}],"wp:attachment":[{"href":"https:\/\/skinstudio.ee\/lv\/wp-json\/wp\/v2\/media?parent=74361"}],"wp:term":[{"taxonomy":"pwb-brand","embeddable":true,"href":"https:\/\/skinstudio.ee\/lv\/wp-json\/wp\/v2\/pwb-brand?post=74361"},{"taxonomy":"product_brand","embeddable":true,"href":"https:\/\/skinstudio.ee\/lv\/wp-json\/wp\/v2\/product_brand?post=74361"},{"taxonomy":"product_cat","embeddable":true,"href":"https:\/\/skinstudio.ee\/lv\/wp-json\/wp\/v2\/product_cat?post=74361"},{"taxonomy":"product_tag","embeddable":true,"href":"https:\/\/skinstudio.ee\/lv\/wp-json\/wp\/v2\/product_tag?post=74361"},{"taxonomy":"giftcard-category","embeddable":true,"href":"https:\/\/skinstudio.ee\/lv\/wp-json\/wp\/v2\/giftcard-category?post=74361"}],"curies":[{"name":"wp","href":"https:\/\/api.w.org\/{rel}","templated":true}]}}