{"id":74380,"date":"2026-01-15T13:06:09","date_gmt":"2026-01-15T13:06:09","guid":{"rendered":"https:\/\/skinstudio.ee\/?post_type=product&#038;p=74380"},"modified":"2026-01-21T13:57:23","modified_gmt":"2026-01-21T13:57:23","slug":"hidraderm-hyal-facial-cream","status":"publish","type":"product","link":"https:\/\/skinstudio.ee\/lv\/catalog\/sesderma-lv\/hidraderm-hyal-facial-cream\/","title":{"rendered":"HIDRADERM HYAL Facial Cream"},"content":{"rendered":"<p data-start=\"190\" data-end=\"494\"><strong data-start=\"190\" data-end=\"242\">HIDRADERM HYAL Facial Cream no Sesderma<\/strong> ir intens\u012bvi mitrino\u0161s sejas kr\u0113ms, kas pal\u012bdz atjaunot \u0101das mitruma l\u012bdzsvaru vair\u0101kos l\u012bme\u0146os. Formula ar tr\u012bs veidu hialuronsk\u0101bi nodro\u0161ina visaptvero\u0161u mitrin\u0101\u0161anu da\u017e\u0101dos \u0101das sl\u0101\u0146os, pal\u012bdzot \u0101dai izskat\u012bties glud\u0101kai, piepild\u012bt\u0101kai un kopt\u0101kai.<\/p>\n<p data-start=\"496\" data-end=\"774\">Viegl\u0101 emulsijas tekst\u016bra \u0101tri ies\u016bcas un nepadara \u0101du smagu, k\u0101 ar\u012b lieliski darbojas k\u0101 grima b\u0101ze. <strong data-start=\"598\" data-end=\"641\">HIDRADERM HYAL Facial Cream<\/strong>\u00a0pal\u012bdz redzami izl\u012bdzin\u0101t \u0101das virsmu un uzlabot t\u0101s kop\u0113jo izskatu, pie\u0161\u0137irot sejas \u0101dai svaig\u0101ku, vienm\u0113r\u012bg\u0101ku un kopt\u0101ku izskatu.<\/p>\n<p data-start=\"776\" data-end=\"809\"><strong data-start=\"776\" data-end=\"809\">Galveno komponentu iedarb\u012bba:<\/strong><\/p>\n<p data-start=\"811\" data-end=\"1107\"><strong data-start=\"811\" data-end=\"839\">Hialuronsk\u0101be (3 formas)<\/strong> &#8211; nodro\u0161ina daudzl\u012bme\u0146u un ilgsto\u0161u mitrin\u0101\u0161anu, uzlabojot \u0101das gludumu un piepild\u012bjumu.<br data-start=\"928\" data-end=\"931\" \/><strong data-start=\"931\" data-end=\"943\">Lecit\u012bns<\/strong> &#8211; pal\u012bdz uztur\u0113t \u0101das komfortu un optim\u0101lu mitruma l\u012bmeni.<br data-start=\"1002\" data-end=\"1005\" \/><strong data-start=\"1005\" data-end=\"1019\">E vitam\u012bns<\/strong> &#8211; nodro\u0161ina antioksidantu aizsardz\u012bbu un pal\u012bdz \u0101dai izskat\u012bties svaig\u0101kai un kopt\u0101kai.<\/p>\n<p data-start=\"1109\" data-end=\"1216\">Piem\u0113rots visiem \u0101das tipiem un jebkur\u0101 vecum\u0101, \u012bpa\u0161i, ja \u0101dai tr\u016bkst mitruma, gluduma un komforta saj\u016btas.<\/p>\n<p data-start=\"1218\" data-end=\"1240\"><strong data-start=\"1218\" data-end=\"1230\">Tilpums:<\/strong> <strong data-start=\"1231\" data-end=\"1240\">50 ml<\/strong><\/p>\n","protected":false},"excerpt":{"rendered":"<div class=\"flex flex-col text-sm pb-25\">\n<article class=\"text-token-text-primary w-full focus:outline-none [--shadow-height:45px] has-data-writing-block:pointer-events-none has-data-writing-block:-mt-(--shadow-height) has-data-writing-block:pt-(--shadow-height) [&amp;:has([data-writing-block])&gt;*]:pointer-events-auto scroll-mt-[calc(var(--header-height)+min(200px,max(70px,20svh)))]\" dir=\"auto\" tabindex=\"-1\" data-turn-id=\"request-696795c3-d9dc-832c-abae-c6bcbb663466-1\" data-testid=\"conversation-turn-240\" data-scroll-anchor=\"true\" data-turn=\"assistant\">\n<div class=\"text-base my-auto mx-auto pb-10 [--thread-content-margin:--spacing(4)] @w-sm\/main:[--thread-content-margin:--spacing(6)] @w-lg\/main:[--thread-content-margin:--spacing(16)] px-(--thread-content-margin)\">\n<div class=\"[--thread-content-max-width:40rem] @w-lg\/main:[--thread-content-max-width:48rem] mx-auto max-w-(--thread-content-max-width) flex-1 group\/turn-messages focus-visible:outline-hidden relative flex w-full min-w-0 flex-col agent-turn\" tabindex=\"-1\">\n<div class=\"flex max-w-full flex-col grow\">\n<div class=\"min-h-8 text-message relative flex w-full flex-col items-end gap-2 text-start break-words whitespace-normal [.text-message+&amp;]:mt-1\" dir=\"auto\" data-message-author-role=\"assistant\" data-message-id=\"75877033-f50a-4df7-a40f-3cbb62841080\" data-message-model-slug=\"gpt-5-2\">\n<div class=\"flex w-full flex-col gap-1 empty:hidden first:pt-[1px]\">\n<div class=\"markdown prose dark:prose-invert w-full break-words light markdown-new-styling\">\n<p data-start=\"1280\" data-end=\"1308\">Viegls mitrino\u0161s sejas kr\u0113ms<\/p>\n<h2 data-start=\"1310\" data-end=\"1364\"><strong data-start=\"1313\" data-end=\"1364\">\u012bpa\u0161\u012bbas <\/strong><strong data-start=\"1313\" data-end=\"1364\">Sesderma &#8211; HIDRADERM HYAL Facial Cream<\/strong><\/h2>\n<p data-start=\"1366\" data-end=\"1572\">\u2714\ufe0f Nodro\u0161ina intens\u012bvu daudzl\u012bme\u0146u mitrin\u0101\u0161anu<br data-start=\"1412\" data-end=\"1415\" \/>\u2714\ufe0f Padara \u0101du glud\u0101ku un piepild\u012bt\u0101ku<br data-start=\"1452\" data-end=\"1455\" \/>\u2714\ufe0f Uzlabo \u0101das tekst\u016bru un kop\u0113jo izskatu<br data-start=\"1496\" data-end=\"1499\" \/>\u2714\ufe0f \u0100tri ies\u016bcas bez smaguma saj\u016btas<br data-start=\"1534\" data-end=\"1537\" \/>\u2714\ufe0f Ide\u0101li piem\u0113rots k\u0101 grima b\u0101ze<\/p>\n<\/div>\n<\/div>\n<\/div>\n<\/div>\n<\/div>\n<\/div>\n<\/article>\n<\/div>\n","protected":false},"featured_media":74369,"template":"","meta":[],"pwb-brand":[1262],"product_brand":[],"product_cat":[737,749],"product_tag":[],"giftcard-category":[],"class_list":{"0":"post-74380","1":"product","2":"type-product","3":"status-publish","4":"has-post-thumbnail","6":"pwb-brand-sesderma-lv","7":"product_cat-mitrinasana","8":"product_cat-novecojosa-ada","10":"first","11":"instock","12":"sale","13":"taxable","14":"shipping-taxable","15":"purchasable","16":"product-type-simple"},"acf":[],"brands":[{"id":1262,"name":"Sesderma","slug":"sesderma-lv"}],"_links":{"self":[{"href":"https:\/\/skinstudio.ee\/lv\/wp-json\/wp\/v2\/product\/74380","targetHints":{"allow":["GET"]}}],"collection":[{"href":"https:\/\/skinstudio.ee\/lv\/wp-json\/wp\/v2\/product"}],"about":[{"href":"https:\/\/skinstudio.ee\/lv\/wp-json\/wp\/v2\/types\/product"}],"version-history":[{"count":1,"href":"https:\/\/skinstudio.ee\/lv\/wp-json\/wp\/v2\/product\/74380\/revisions"}],"predecessor-version":[{"id":74381,"href":"https:\/\/skinstudio.ee\/lv\/wp-json\/wp\/v2\/product\/74380\/revisions\/74381"}],"wp:featuredmedia":[{"embeddable":true,"href":"https:\/\/skinstudio.ee\/lv\/wp-json\/wp\/v2\/media\/74369"}],"wp:attachment":[{"href":"https:\/\/skinstudio.ee\/lv\/wp-json\/wp\/v2\/media?parent=74380"}],"wp:term":[{"taxonomy":"pwb-brand","embeddable":true,"href":"https:\/\/skinstudio.ee\/lv\/wp-json\/wp\/v2\/pwb-brand?post=74380"},{"taxonomy":"product_brand","embeddable":true,"href":"https:\/\/skinstudio.ee\/lv\/wp-json\/wp\/v2\/product_brand?post=74380"},{"taxonomy":"product_cat","embeddable":true,"href":"https:\/\/skinstudio.ee\/lv\/wp-json\/wp\/v2\/product_cat?post=74380"},{"taxonomy":"product_tag","embeddable":true,"href":"https:\/\/skinstudio.ee\/lv\/wp-json\/wp\/v2\/product_tag?post=74380"},{"taxonomy":"giftcard-category","embeddable":true,"href":"https:\/\/skinstudio.ee\/lv\/wp-json\/wp\/v2\/giftcard-category?post=74380"}],"curies":[{"name":"wp","href":"https:\/\/api.w.org\/{rel}","templated":true}]}}