{"id":74396,"date":"2026-01-15T13:16:42","date_gmt":"2026-01-15T13:16:42","guid":{"rendered":"https:\/\/skinstudio.ee\/?post_type=product&#038;p=74396"},"modified":"2026-01-21T13:57:23","modified_gmt":"2026-01-21T13:57:23","slug":"hidraderm-hyal-liposomal-serum","status":"publish","type":"product","link":"https:\/\/skinstudio.ee\/lv\/catalog\/sesderma-lv\/hidraderm-hyal-liposomal-serum\/","title":{"rendered":"HIDRADERM HYAL Liposomal Serum"},"content":{"rendered":"<p data-start=\"221\" data-end=\"533\"><strong data-start=\"221\" data-end=\"267\">HIDRADERM HYAL Liposomal Serum no Sesderma<\/strong> ir intens\u012bvi mitrino\u0161s liposom\u0101ls serums ar trim hialuronsk\u0101bes form\u0101m, kas paredz\u0113ts \u0101das mitruma l\u012bdzsvara atjauno\u0161anai vair\u0101kos l\u012bme\u0146os. Formula iedarbojas gan uz \u0101das virsmas, gan dzi\u013c\u0101kajos sl\u0101\u0146os, pal\u012bdzot \u0101dai izskat\u012bties glud\u0101kai, piepild\u012bt\u0101kai un kopt\u0101kai.<\/p>\n<p data-start=\"535\" data-end=\"787\">Serums jau no pirmaj\u0101m lieto\u0161anas reiz\u0113m redzami uzlabo \u0101das izskatu, padara to svaig\u0101ku un tvirt\u0101ku, k\u0101 ar\u012b pal\u012bdz izl\u012bdzin\u0101t s\u012bk\u0101s l\u012bnijas, kas radu\u0161\u0101s dehidrat\u0101cijas d\u0113\u013c. Viegl\u0101 tekst\u016bra \u0101tri ies\u016bcas un viegli iek\u013caujas jebkur\u0101 \u0101das kop\u0161anas rut\u012bn\u0101.<\/p>\n<p data-start=\"789\" data-end=\"822\"><strong data-start=\"789\" data-end=\"822\">Galveno komponentu iedarb\u012bba:<\/strong><\/p>\n<p data-start=\"824\" data-end=\"1135\"><strong data-start=\"824\" data-end=\"852\">Hialuronsk\u0101be (3 formas)<\/strong> &#8211; nodro\u0161ina daudzl\u012bme\u0146u un ilgsto\u0161u mitrin\u0101\u0161anu, pal\u012bdzot \u0101dai izskat\u012bties glud\u0101kai un piepild\u012bt\u0101kai.<br data-start=\"954\" data-end=\"957\" \/><strong data-start=\"957\" data-end=\"969\">Keram\u012bdi<\/strong> &#8211; atbalsta \u0101das aizsargbarjeru un pal\u012bdz samazin\u0101t mitruma zudumu.<br data-start=\"1036\" data-end=\"1039\" \/><strong data-start=\"1039\" data-end=\"1053\">E vitam\u012bns<\/strong> &#8211; nodro\u0161ina antioksidantu aizsardz\u012bbu un pal\u012bdz saglab\u0101t vesel\u012bg\u0101ku \u0101das izskatu.<\/p>\n<p data-start=\"1137\" data-end=\"1264\">Piem\u0113rots visiem \u0101das tipiem, ar\u012b jut\u012bgai \u0101dai, un jebkur\u0101 vecum\u0101, \u012bpa\u0161i, ja ir dehidrat\u0101cija, savilkuma saj\u016bta un diskomforts.<\/p>\n<p data-start=\"1266\" data-end=\"1288\"><strong data-start=\"1266\" data-end=\"1278\">Tilpums:<\/strong> <strong data-start=\"1279\" data-end=\"1288\">30 ml<\/strong><\/p>\n","protected":false},"excerpt":{"rendered":"<p data-start=\"1356\" data-end=\"1388\">Intens\u012bvi mitrino\u0161s sejas serums<\/p>\n<h2 data-start=\"1390\" data-end=\"1447\"><strong data-start=\"1393\" data-end=\"1447\">\u012apa\u0161\u012bbas Sesderma &#8211; HIDRADERM HYAL Liposomal Serum<\/strong><\/h2>\n<p data-start=\"1449\" data-end=\"1669\">\u2714\ufe0f Nodro\u0161ina dzi\u013cu un daudzl\u012bme\u0146u mitrin\u0101\u0161anu<br data-start=\"1494\" data-end=\"1497\" \/>\u2714\ufe0f Padara \u0101du glud\u0101ku un piepild\u012bt\u0101ku<br data-start=\"1534\" data-end=\"1537\" \/>\u2714\ufe0f Uzlabo \u0101das tekst\u016bru un kop\u0113jo izskatu<br data-start=\"1578\" data-end=\"1581\" \/>\u2714\ufe0f Atbalsta \u0101das aizsargbarjeru un komfortu<br data-start=\"1624\" data-end=\"1627\" \/>\u2714\ufe0f Viegli kombin\u0113jams ar jebkuru kop\u0161anu<\/p>\n","protected":false},"featured_media":74388,"template":"","meta":[],"pwb-brand":[1262],"product_brand":[],"product_cat":[749,739,723],"product_tag":[],"giftcard-category":[],"class_list":{"0":"post-74396","1":"product","2":"type-product","3":"status-publish","4":"has-post-thumbnail","6":"pwb-brand-sesderma-lv","7":"product_cat-novecojosa-ada","8":"product_cat-sausai-adai","9":"product_cat-serumi","11":"first","12":"instock","13":"sale","14":"taxable","15":"shipping-taxable","16":"purchasable","17":"product-type-simple"},"acf":[],"brands":[{"id":1262,"name":"Sesderma","slug":"sesderma-lv"}],"_links":{"self":[{"href":"https:\/\/skinstudio.ee\/lv\/wp-json\/wp\/v2\/product\/74396","targetHints":{"allow":["GET"]}}],"collection":[{"href":"https:\/\/skinstudio.ee\/lv\/wp-json\/wp\/v2\/product"}],"about":[{"href":"https:\/\/skinstudio.ee\/lv\/wp-json\/wp\/v2\/types\/product"}],"version-history":[{"count":1,"href":"https:\/\/skinstudio.ee\/lv\/wp-json\/wp\/v2\/product\/74396\/revisions"}],"predecessor-version":[{"id":74397,"href":"https:\/\/skinstudio.ee\/lv\/wp-json\/wp\/v2\/product\/74396\/revisions\/74397"}],"wp:featuredmedia":[{"embeddable":true,"href":"https:\/\/skinstudio.ee\/lv\/wp-json\/wp\/v2\/media\/74388"}],"wp:attachment":[{"href":"https:\/\/skinstudio.ee\/lv\/wp-json\/wp\/v2\/media?parent=74396"}],"wp:term":[{"taxonomy":"pwb-brand","embeddable":true,"href":"https:\/\/skinstudio.ee\/lv\/wp-json\/wp\/v2\/pwb-brand?post=74396"},{"taxonomy":"product_brand","embeddable":true,"href":"https:\/\/skinstudio.ee\/lv\/wp-json\/wp\/v2\/product_brand?post=74396"},{"taxonomy":"product_cat","embeddable":true,"href":"https:\/\/skinstudio.ee\/lv\/wp-json\/wp\/v2\/product_cat?post=74396"},{"taxonomy":"product_tag","embeddable":true,"href":"https:\/\/skinstudio.ee\/lv\/wp-json\/wp\/v2\/product_tag?post=74396"},{"taxonomy":"giftcard-category","embeddable":true,"href":"https:\/\/skinstudio.ee\/lv\/wp-json\/wp\/v2\/giftcard-category?post=74396"}],"curies":[{"name":"wp","href":"https:\/\/api.w.org\/{rel}","templated":true}]}}