{"id":74412,"date":"2026-01-15T13:24:18","date_gmt":"2026-01-15T13:24:18","guid":{"rendered":"https:\/\/skinstudio.ee\/?post_type=product&#038;p=74412"},"modified":"2026-01-21T13:57:23","modified_gmt":"2026-01-21T13:57:23","slug":"hidraderm-hyal-nourishing-cream","status":"publish","type":"product","link":"https:\/\/skinstudio.ee\/lv\/catalog\/sesderma-lv\/hidraderm-hyal-nourishing-cream\/","title":{"rendered":"HIDRADERM HYAL Nourishing Cream"},"content":{"rendered":"<p data-start=\"195\" data-end=\"501\"><strong data-start=\"195\" data-end=\"242\">HIDRADERM HYAL Nourishing Cream no Sesderma<\/strong> ir barojo\u0161s un intens\u012bvi mitrino\u0161s sejas kr\u0113ms, kas rad\u012bts \u0101das komforta atjauno\u0161anai un s\u012bko krunci\u0146u redzam\u012bbas samazin\u0101\u0161anai. Formula darbojas dzi\u013c\u0101kajos \u0101das sl\u0101\u0146os, pal\u012bdzot paaugstin\u0101t mitruma l\u012bmeni, uzlabot elast\u012bbu un padar\u012bt \u0101du glud\u0101ku un kopt\u0101ku.<\/p>\n<p data-start=\"503\" data-end=\"705\">Kr\u0113ms \u0101tri nomierina sausu un kairin\u0101tu \u0101du, atjauno komforta saj\u016btu un pal\u012bdz saglab\u0101t optim\u0101lu mitrin\u0101\u0161anu un baro\u0161anu visas dienas garum\u0101. Tekst\u016bra viegli kl\u0101jas un ir labi panesama ar\u012b jut\u012bgai \u0101dai.<\/p>\n<p data-start=\"707\" data-end=\"740\"><strong data-start=\"707\" data-end=\"740\">Galveno komponentu iedarb\u012bba:<\/strong><\/p>\n<p data-start=\"742\" data-end=\"1026\"><strong data-start=\"742\" data-end=\"770\">Hialuronsk\u0101be (3 formas)<\/strong> &#8211; nodro\u0161ina daudzl\u012bme\u0146u un ilgsto\u0161u mitrin\u0101\u0161anu, pal\u012bdzot \u0101dai izskat\u012bties glud\u0101kai un piepild\u012bt\u0101kai.<br data-start=\"872\" data-end=\"875\" \/><strong data-start=\"875\" data-end=\"887\">Keram\u012bdi<\/strong> &#8211; atbalsta \u0101das aizsargbarjeru un pal\u012bdz samazin\u0101t mitruma zudumu.<br data-start=\"954\" data-end=\"957\" \/><strong data-start=\"957\" data-end=\"975\">Dabisk\u0101s e\u013c\u013cas<\/strong> &#8211; baro \u0101du un pal\u012bdz atjaunot maigumu un komfortu.<\/p>\n<p data-start=\"1028\" data-end=\"1127\">Piem\u0113rots visiem \u0101das tipiem, \u012bpa\u0161i sausai, dehidr\u0113tai, jut\u012bgai \u0101dai un savilkuma saj\u016btas gad\u012bjum\u0101.<\/p>\n<p data-start=\"1129\" data-end=\"1151\"><strong data-start=\"1129\" data-end=\"1141\">Tilpums:<\/strong> <strong data-start=\"1142\" data-end=\"1151\">50 ml<\/strong><\/p>\n","protected":false},"excerpt":{"rendered":"<p data-start=\"1219\" data-end=\"1249\">Barojo\u0161s mitrino\u0161s sejas kr\u0113ms<\/p>\n<h2 data-start=\"1251\" data-end=\"1309\"><strong data-start=\"1254\" data-end=\"1309\">\u012apa\u0161\u012bbas Sesderma &#8211; HIDRADERM HYAL Nourishing Cream<\/strong><\/h2>\n<p data-start=\"1311\" data-end=\"1508\">\u2714\ufe0f Intens\u012bvi mitrina un baro \u0101du<br data-start=\"1343\" data-end=\"1346\" \/>\u2714\ufe0f Pal\u012bdz vizu\u0101li izl\u012bdzin\u0101t smalkas krunci\u0146as<br data-start=\"1392\" data-end=\"1395\" \/>\u2714\ufe0f Uzlabo \u0101das elast\u012bbu un komfortu<br data-start=\"1430\" data-end=\"1433\" \/>\u2714\ufe0f \u0100tri nomierina sausu un jut\u012bgu \u0101du<br data-start=\"1470\" data-end=\"1473\" \/>\u2714\ufe0f Labi panesams ar\u012b jut\u012bgai \u0101dai<\/p>\n","protected":false},"featured_media":74404,"template":"","meta":[],"pwb-brand":[1262],"product_brand":[],"product_cat":[745,737,749,739],"product_tag":[],"giftcard-category":[],"class_list":{"0":"post-74412","1":"product","2":"type-product","3":"status-publish","4":"has-post-thumbnail","6":"pwb-brand-sesderma-lv","7":"product_cat-jutigai-adai","8":"product_cat-mitrinasana","9":"product_cat-novecojosa-ada","10":"product_cat-sausai-adai","12":"first","13":"instock","14":"sale","15":"taxable","16":"shipping-taxable","17":"purchasable","18":"product-type-simple"},"acf":[],"brands":[{"id":1262,"name":"Sesderma","slug":"sesderma-lv"}],"_links":{"self":[{"href":"https:\/\/skinstudio.ee\/lv\/wp-json\/wp\/v2\/product\/74412","targetHints":{"allow":["GET"]}}],"collection":[{"href":"https:\/\/skinstudio.ee\/lv\/wp-json\/wp\/v2\/product"}],"about":[{"href":"https:\/\/skinstudio.ee\/lv\/wp-json\/wp\/v2\/types\/product"}],"version-history":[{"count":1,"href":"https:\/\/skinstudio.ee\/lv\/wp-json\/wp\/v2\/product\/74412\/revisions"}],"predecessor-version":[{"id":74413,"href":"https:\/\/skinstudio.ee\/lv\/wp-json\/wp\/v2\/product\/74412\/revisions\/74413"}],"wp:featuredmedia":[{"embeddable":true,"href":"https:\/\/skinstudio.ee\/lv\/wp-json\/wp\/v2\/media\/74404"}],"wp:attachment":[{"href":"https:\/\/skinstudio.ee\/lv\/wp-json\/wp\/v2\/media?parent=74412"}],"wp:term":[{"taxonomy":"pwb-brand","embeddable":true,"href":"https:\/\/skinstudio.ee\/lv\/wp-json\/wp\/v2\/pwb-brand?post=74412"},{"taxonomy":"product_brand","embeddable":true,"href":"https:\/\/skinstudio.ee\/lv\/wp-json\/wp\/v2\/product_brand?post=74412"},{"taxonomy":"product_cat","embeddable":true,"href":"https:\/\/skinstudio.ee\/lv\/wp-json\/wp\/v2\/product_cat?post=74412"},{"taxonomy":"product_tag","embeddable":true,"href":"https:\/\/skinstudio.ee\/lv\/wp-json\/wp\/v2\/product_tag?post=74412"},{"taxonomy":"giftcard-category","embeddable":true,"href":"https:\/\/skinstudio.ee\/lv\/wp-json\/wp\/v2\/giftcard-category?post=74412"}],"curies":[{"name":"wp","href":"https:\/\/api.w.org\/{rel}","templated":true}]}}