{"id":74428,"date":"2026-01-15T13:29:22","date_gmt":"2026-01-15T13:29:22","guid":{"rendered":"https:\/\/skinstudio.ee\/?post_type=product&#038;p=74428"},"modified":"2026-01-21T13:57:23","modified_gmt":"2026-01-21T13:57:23","slug":"hidraven-foamy-soap-free-cream","status":"publish","type":"product","link":"https:\/\/skinstudio.ee\/lv\/catalog\/sesderma-lv\/hidraven-foamy-soap-free-cream\/","title":{"rendered":"HIDRAVEN Foamy Soap Free Cream"},"content":{"rendered":"<p data-start=\"165\" data-end=\"464\"><strong data-start=\"165\" data-end=\"211\">HIDRAVEN Foamy Soap Free Cream no Sesderma<\/strong> ir maigs, bez ziep\u0113m veidots att\u012bro\u0161s l\u012bdzeklis ikdienas sejas un \u0137erme\u0146a kop\u0161anai, \u012bpa\u0161i piem\u0113rots jut\u012bgai, uz kairin\u0101jumu un nepiln\u012bb\u0101m tend\u0113tai \u0101dai. Formula maigi att\u012bra, neizsausina \u0101du un p\u0113c lieto\u0161anas atst\u0101j pat\u012bkamu komforta un maiguma saj\u016btu.<\/p>\n<p data-start=\"466\" data-end=\"708\">L\u012bdzeklis efekt\u012bvi no\u0146em net\u012brumus, k\u0101 ar\u012b sejas un acu kosm\u0113tiku, vienlaikus pal\u012bdzot saglab\u0101t \u0101das mitruma l\u012bdzsvaru. Pateicoties nomierino\u0161aj\u0101m sast\u0101vda\u013c\u0101m, att\u012br\u012b\u0161ana ir komfortabla ar\u012b \u013coti jut\u012bgai \u0101dai. Piem\u0113rots ar\u012b int\u012bmajai higi\u0113nai.<\/p>\n<p data-start=\"710\" data-end=\"743\"><strong data-start=\"710\" data-end=\"743\">Galveno sast\u0101vda\u013cu iedarb\u012bba:<\/strong><\/p>\n<p data-start=\"745\" data-end=\"975\"><strong data-start=\"745\" data-end=\"755\">Alveja<\/strong> &#8211; mitrina \u0101du un pal\u012bdz mazin\u0101t diskomforta saj\u016btu.<br data-start=\"807\" data-end=\"810\" \/><strong data-start=\"810\" data-end=\"832\">Kumel\u012b\u0161u ekstrakts<\/strong> &#8211; nomierina \u0101du un pal\u012bdz samazin\u0101t kairin\u0101jumu.<br data-start=\"881\" data-end=\"884\" \/><strong data-start=\"884\" data-end=\"913\">Auzu un mimozas ekstrakti<\/strong> &#8211; atbalsta \u0101das aizsargfunkcijas un veicina t\u0101s atjauno\u0161anos.<\/p>\n<p data-start=\"977\" data-end=\"1098\">Piem\u0113rots visiem \u0101das tipiem, \u012bpa\u0161i jut\u012bgai, uz kairin\u0101jumu un nepiln\u012bb\u0101m tend\u0113tai \u0101dai, k\u0101 ar\u012b \u0101dai, kas nepanes ziepes.<\/p>\n<p data-start=\"1100\" data-end=\"1123\"><strong data-start=\"1100\" data-end=\"1112\">Tilpums:<\/strong> <strong data-start=\"1113\" data-end=\"1123\">300 ml<\/strong><\/p>\n","protected":false},"excerpt":{"rendered":"<p data-start=\"1259\" data-end=\"1290\">Maigs att\u012bro\u0161s kr\u0113ms bez ziep\u0113m<\/p>\n<h2 data-start=\"1292\" data-end=\"1349\"><strong data-start=\"1295\" data-end=\"1349\">\u012apa\u0161\u012bbas Sesderma &#8211; HIDRAVEN Foamy Soap Free Cream<\/strong><\/h2>\n<p data-start=\"1351\" data-end=\"1558\">\u2714\ufe0f Maigi att\u012bra, neboj\u0101jot \u0101das komfortu<br data-start=\"1391\" data-end=\"1394\" \/>\u2714\ufe0f Piem\u0113rots jut\u012bgai un reakt\u012bvai \u0101dai<br data-start=\"1432\" data-end=\"1435\" \/>\u2714\ufe0f Efekt\u012bvi no\u0146em net\u012brumus un kosm\u0113tiku<br data-start=\"1475\" data-end=\"1478\" \/>\u2714\ufe0f Pal\u012bdz saglab\u0101t \u0101das maigumu un komfortu<br data-start=\"1521\" data-end=\"1524\" \/>\u2714\ufe0f Piem\u0113rots ikdienas lieto\u0161anai<\/p>\n","protected":false},"featured_media":74420,"template":"","meta":[],"pwb-brand":[1262],"product_brand":[],"product_cat":[715,745],"product_tag":[],"giftcard-category":[],"class_list":{"0":"post-74428","1":"product","2":"type-product","3":"status-publish","4":"has-post-thumbnail","6":"pwb-brand-sesderma-lv","7":"product_cat-attirisana","8":"product_cat-jutigai-adai","10":"first","11":"instock","12":"taxable","13":"shipping-taxable","14":"purchasable","15":"product-type-simple"},"acf":[],"brands":[{"id":1262,"name":"Sesderma","slug":"sesderma-lv"}],"_links":{"self":[{"href":"https:\/\/skinstudio.ee\/lv\/wp-json\/wp\/v2\/product\/74428","targetHints":{"allow":["GET"]}}],"collection":[{"href":"https:\/\/skinstudio.ee\/lv\/wp-json\/wp\/v2\/product"}],"about":[{"href":"https:\/\/skinstudio.ee\/lv\/wp-json\/wp\/v2\/types\/product"}],"version-history":[{"count":1,"href":"https:\/\/skinstudio.ee\/lv\/wp-json\/wp\/v2\/product\/74428\/revisions"}],"predecessor-version":[{"id":74429,"href":"https:\/\/skinstudio.ee\/lv\/wp-json\/wp\/v2\/product\/74428\/revisions\/74429"}],"wp:featuredmedia":[{"embeddable":true,"href":"https:\/\/skinstudio.ee\/lv\/wp-json\/wp\/v2\/media\/74420"}],"wp:attachment":[{"href":"https:\/\/skinstudio.ee\/lv\/wp-json\/wp\/v2\/media?parent=74428"}],"wp:term":[{"taxonomy":"pwb-brand","embeddable":true,"href":"https:\/\/skinstudio.ee\/lv\/wp-json\/wp\/v2\/pwb-brand?post=74428"},{"taxonomy":"product_brand","embeddable":true,"href":"https:\/\/skinstudio.ee\/lv\/wp-json\/wp\/v2\/product_brand?post=74428"},{"taxonomy":"product_cat","embeddable":true,"href":"https:\/\/skinstudio.ee\/lv\/wp-json\/wp\/v2\/product_cat?post=74428"},{"taxonomy":"product_tag","embeddable":true,"href":"https:\/\/skinstudio.ee\/lv\/wp-json\/wp\/v2\/product_tag?post=74428"},{"taxonomy":"giftcard-category","embeddable":true,"href":"https:\/\/skinstudio.ee\/lv\/wp-json\/wp\/v2\/giftcard-category?post=74428"}],"curies":[{"name":"wp","href":"https:\/\/api.w.org\/{rel}","templated":true}]}}