{"id":74461,"date":"2026-01-15T13:53:05","date_gmt":"2026-01-15T13:53:05","guid":{"rendered":"https:\/\/skinstudio.ee\/?post_type=product&#038;p=74461"},"modified":"2026-01-21T13:57:24","modified_gmt":"2026-01-21T13:57:24","slug":"mandelac-moisturizing-gel","status":"publish","type":"product","link":"https:\/\/skinstudio.ee\/lv\/catalog\/sesderma-lv\/mandelac-moisturizing-gel\/","title":{"rendered":"MANDELAC Moisturizing Gel"},"content":{"rendered":"<p data-start=\"163\" data-end=\"436\"><strong data-start=\"163\" data-end=\"204\">MANDELAC Moisturizing Gel no Sesderma<\/strong> ir viegls mitrino\u0161s gels ikdienas \u0101das kop\u0161anai, kas pal\u012bdz saglab\u0101t koptu un sakoptu \u0101das izskatu bez smagn\u0113jas saj\u016btas. Produkts \u0101tri ies\u016bcas un neatst\u0101j lip\u012bgu vai taukainu k\u0101rtu, t\u0101p\u0113c to ir \u0113rti lietot jebkur\u0101 diennakts laik\u0101.<\/p>\n<p data-start=\"438\" data-end=\"754\">Formula ir v\u0113rsta uz pak\u0101penisku \u0101das virsmas atjauno\u0161anu un t\u012bra izskata uztur\u0113\u0161anu. Regul\u0101ri lietojot, \u0101da izskat\u0101s svaig\u0101ka, pieskaroties \u0161\u0137iet maig\u0101ka un lab\u0101k saglab\u0101 mitrumu visas dienas garum\u0101. MANDELAC Moisturizing Gel no Sesderma viegli iek\u013caujas ikdienas kop\u0161anas rut\u012bn\u0101 un labi sader ar citiem produktiem.<\/p>\n<p data-start=\"756\" data-end=\"845\">Gels pal\u012bdz uztur\u0113t koptu \u0101das izskatu un padara \u0101du pat\u012bkamu saj\u016bt\u0101 bez smaguma saj\u016btas.<\/p>\n<h3 data-start=\"847\" data-end=\"879\">Galveno sast\u0101vda\u013cu iedarb\u012bba<\/h3>\n<ul data-start=\"880\" data-end=\"1047\">\n<li data-start=\"880\" data-end=\"934\">\n<p data-start=\"882\" data-end=\"934\"><strong data-start=\"882\" data-end=\"897\">Mande\u013csk\u0101be<\/strong> &#8211; atbalsta maigu \u0101das atjauno\u0161anos<\/p>\n<\/li>\n<li data-start=\"935\" data-end=\"982\">\n<p data-start=\"937\" data-end=\"982\"><strong data-start=\"937\" data-end=\"947\">Alveja<\/strong> &#8211; pal\u012bdz uztur\u0113t komforta saj\u016btu<\/p>\n<\/li>\n<li data-start=\"983\" data-end=\"1047\">\n<p data-start=\"985\" data-end=\"1047\"><strong data-start=\"985\" data-end=\"1008\">N\u0101trija hialuron\u0101ts<\/strong> &#8211; pal\u012bdz uztur\u0113t \u0101das mitruma l\u012bmeni<\/p>\n<\/li>\n<\/ul>\n<p data-start=\"1049\" data-end=\"1190\">Viegl\u0101 g\u0113la tekst\u016bra padara produktu piem\u0113rotu ikdienas lieto\u0161anai, ar\u012b gad\u012bjumos, kad \u0101dai ir nosliece uz sp\u012bdumu vai dehidrat\u0101cijas saj\u016btu.<\/p>\n<p data-start=\"1192\" data-end=\"1210\"><strong data-start=\"1192\" data-end=\"1204\">Tilpums:<\/strong> 50 ml<\/p>\n","protected":false},"excerpt":{"rendered":"<p data-start=\"1272\" data-end=\"1293\">Viegls mitrino\u0161s gels<\/p>\n<h2 data-start=\"1295\" data-end=\"1344\"><strong data-start=\"1295\" data-end=\"1344\">\u012apa\u0161\u012bbas Sesderma &#8211; MANDELAC Moisturizing Gel<\/strong><\/h2>\n<p data-start=\"1346\" data-end=\"1547\">\u2714\ufe0f Pal\u012bdz saglab\u0101t koptu \u0101das izskatu<br data-start=\"1383\" data-end=\"1386\" \/>\u2714\ufe0f Veicina maiguma un komforta saj\u016btu<br data-start=\"1423\" data-end=\"1426\" \/>\u2714\ufe0f Pal\u012bdz uztur\u0113t optim\u0101lu mitruma l\u012bmeni<br data-start=\"1467\" data-end=\"1470\" \/>\u2714\ufe0f Neatst\u0101j lip\u012bgu vai taukainu k\u0101rtu<br data-start=\"1507\" data-end=\"1510\" \/>\u2714\ufe0f Piem\u0113rots ikdienas \u0101das kop\u0161anai<\/p>\n","protected":false},"featured_media":74453,"template":"","meta":[],"pwb-brand":[1262],"product_brand":[],"product_cat":[737,749],"product_tag":[],"giftcard-category":[],"class_list":{"0":"post-74461","1":"product","2":"type-product","3":"status-publish","4":"has-post-thumbnail","6":"pwb-brand-sesderma-lv","7":"product_cat-mitrinasana","8":"product_cat-novecojosa-ada","10":"first","11":"instock","12":"taxable","13":"shipping-taxable","14":"purchasable","15":"product-type-simple"},"acf":[],"brands":[{"id":1262,"name":"Sesderma","slug":"sesderma-lv"}],"_links":{"self":[{"href":"https:\/\/skinstudio.ee\/lv\/wp-json\/wp\/v2\/product\/74461","targetHints":{"allow":["GET"]}}],"collection":[{"href":"https:\/\/skinstudio.ee\/lv\/wp-json\/wp\/v2\/product"}],"about":[{"href":"https:\/\/skinstudio.ee\/lv\/wp-json\/wp\/v2\/types\/product"}],"version-history":[{"count":1,"href":"https:\/\/skinstudio.ee\/lv\/wp-json\/wp\/v2\/product\/74461\/revisions"}],"predecessor-version":[{"id":74462,"href":"https:\/\/skinstudio.ee\/lv\/wp-json\/wp\/v2\/product\/74461\/revisions\/74462"}],"wp:featuredmedia":[{"embeddable":true,"href":"https:\/\/skinstudio.ee\/lv\/wp-json\/wp\/v2\/media\/74453"}],"wp:attachment":[{"href":"https:\/\/skinstudio.ee\/lv\/wp-json\/wp\/v2\/media?parent=74461"}],"wp:term":[{"taxonomy":"pwb-brand","embeddable":true,"href":"https:\/\/skinstudio.ee\/lv\/wp-json\/wp\/v2\/pwb-brand?post=74461"},{"taxonomy":"product_brand","embeddable":true,"href":"https:\/\/skinstudio.ee\/lv\/wp-json\/wp\/v2\/product_brand?post=74461"},{"taxonomy":"product_cat","embeddable":true,"href":"https:\/\/skinstudio.ee\/lv\/wp-json\/wp\/v2\/product_cat?post=74461"},{"taxonomy":"product_tag","embeddable":true,"href":"https:\/\/skinstudio.ee\/lv\/wp-json\/wp\/v2\/product_tag?post=74461"},{"taxonomy":"giftcard-category","embeddable":true,"href":"https:\/\/skinstudio.ee\/lv\/wp-json\/wp\/v2\/giftcard-category?post=74461"}],"curies":[{"name":"wp","href":"https:\/\/api.w.org\/{rel}","templated":true}]}}