{"id":74477,"date":"2026-01-15T14:01:49","date_gmt":"2026-01-15T14:01:49","guid":{"rendered":"https:\/\/skinstudio.ee\/?post_type=product&#038;p=74477"},"modified":"2026-01-21T13:57:23","modified_gmt":"2026-01-21T13:57:23","slug":"mandelac-liposomal-serum","status":"publish","type":"product","link":"https:\/\/skinstudio.ee\/lv\/catalog\/sesderma-lv\/mandelac-liposomal-serum\/","title":{"rendered":"MANDELAC Liposomal Serum"},"content":{"rendered":"<p data-start=\"172\" data-end=\"399\"><strong data-start=\"172\" data-end=\"212\">MANDELAC Liposomal Serum no Sesderma<\/strong> ir atjaunojo\u0161s serums, kas paredz\u0113ts \u0101das kop\u0113j\u0101 izskata uzlabo\u0161anai un vienm\u0113r\u012bg\u0101ka, mier\u012bg\u0101ka to\u0146a uztur\u0113\u0161anai. Formula viegli kl\u0101jas, \u0101tri ies\u016bcas un neatst\u0101j uz \u0101das pl\u0113v\u012btes saj\u016btu.<\/p>\n<p data-start=\"401\" data-end=\"574\">Formula pal\u012bdz padar\u012bt \u0101das virsmu vizu\u0101li vienm\u0113r\u012bg\u0101ku un kopt\u0101ku. Laika gait\u0101 \u0101da izskat\u0101s l\u012bdzsvarot\u0101ka, sakopt\u0101ka un pieskaroties \u0161\u0137iet pat\u012bkam\u0101ka bez smagn\u0113jas saj\u016btas.<\/p>\n<h3 data-start=\"576\" data-end=\"608\">Galveno sast\u0101vda\u013cu iedarb\u012bba<\/h3>\n<ul data-start=\"609\" data-end=\"792\">\n<li data-start=\"609\" data-end=\"677\">\n<p data-start=\"611\" data-end=\"677\"><strong data-start=\"611\" data-end=\"626\">Mande\u013csk\u0101be<\/strong> &#8211; atbalsta pak\u0101penisku \u0101das virsmas atjauno\u0161anos<\/p>\n<\/li>\n<li data-start=\"678\" data-end=\"727\">\n<p data-start=\"680\" data-end=\"727\"><strong data-start=\"680\" data-end=\"695\">Glikolsk\u0101be<\/strong> &#8211; pal\u012bdz uzlabot \u0101das izskatu<\/p>\n<\/li>\n<li data-start=\"728\" data-end=\"792\">\n<p data-start=\"730\" data-end=\"792\"><strong data-start=\"730\" data-end=\"753\">N\u0101trija hialuron\u0101ts<\/strong> &#8211; pal\u012bdz uztur\u0113t \u0101das mitruma l\u012bmeni<\/p>\n<\/li>\n<\/ul>\n<p data-start=\"794\" data-end=\"907\">Serums labi iek\u013caujas \u0101das kop\u0161anas rut\u012bn\u0101, ja \u0101da izskat\u0101s nevienm\u0113r\u012bga, bl\u0101va vai ir j\u016btams virspus\u0113js sausums.<\/p>\n<p data-start=\"909\" data-end=\"927\"><strong data-start=\"909\" data-end=\"921\">Tilpums:<\/strong> 30 ml<\/p>\n","protected":false},"excerpt":{"rendered":"<p data-start=\"1022\" data-end=\"1040\">Atjaunojo\u0161s serums<\/p>\n<h2 data-start=\"1042\" data-end=\"1090\"><strong data-start=\"1042\" data-end=\"1090\">\u012apa\u0161\u012bbas Sesderma &#8211; MANDELAC Liposomal Serum<\/strong><\/h2>\n<p data-start=\"1092\" data-end=\"1323\">\u2714\ufe0f Pal\u012bdz uzlabot nevienm\u0113r\u012bgas \u0101das virsmas izskatu<br data-start=\"1144\" data-end=\"1147\" \/>\u2714\ufe0f Padara \u0101das virsmu vizu\u0101li vienm\u0113r\u012bg\u0101ku<br data-start=\"1189\" data-end=\"1192\" \/>\u2714\ufe0f Atbalsta kopt\u0101ku un sakopt\u0101ku izskatu<br data-start=\"1232\" data-end=\"1235\" \/>\u2714\ufe0f Pal\u012bdz uztur\u0113t komfortablu mitruma l\u012bmeni<br data-start=\"1279\" data-end=\"1282\" \/>\u2714\ufe0f Uzlabo kop\u0113jo \u0101das kvalit\u0101tes saj\u016btu<\/p>\n","protected":false},"featured_media":74469,"template":"","meta":[],"pwb-brand":[1262],"product_brand":[],"product_cat":[749,739,723],"product_tag":[],"giftcard-category":[],"class_list":{"0":"post-74477","1":"product","2":"type-product","3":"status-publish","4":"has-post-thumbnail","6":"pwb-brand-sesderma-lv","7":"product_cat-novecojosa-ada","8":"product_cat-sausai-adai","9":"product_cat-serumi","11":"first","12":"instock","13":"taxable","14":"shipping-taxable","15":"purchasable","16":"product-type-simple"},"acf":[],"brands":[{"id":1262,"name":"Sesderma","slug":"sesderma-lv"}],"_links":{"self":[{"href":"https:\/\/skinstudio.ee\/lv\/wp-json\/wp\/v2\/product\/74477","targetHints":{"allow":["GET"]}}],"collection":[{"href":"https:\/\/skinstudio.ee\/lv\/wp-json\/wp\/v2\/product"}],"about":[{"href":"https:\/\/skinstudio.ee\/lv\/wp-json\/wp\/v2\/types\/product"}],"version-history":[{"count":1,"href":"https:\/\/skinstudio.ee\/lv\/wp-json\/wp\/v2\/product\/74477\/revisions"}],"predecessor-version":[{"id":74478,"href":"https:\/\/skinstudio.ee\/lv\/wp-json\/wp\/v2\/product\/74477\/revisions\/74478"}],"wp:featuredmedia":[{"embeddable":true,"href":"https:\/\/skinstudio.ee\/lv\/wp-json\/wp\/v2\/media\/74469"}],"wp:attachment":[{"href":"https:\/\/skinstudio.ee\/lv\/wp-json\/wp\/v2\/media?parent=74477"}],"wp:term":[{"taxonomy":"pwb-brand","embeddable":true,"href":"https:\/\/skinstudio.ee\/lv\/wp-json\/wp\/v2\/pwb-brand?post=74477"},{"taxonomy":"product_brand","embeddable":true,"href":"https:\/\/skinstudio.ee\/lv\/wp-json\/wp\/v2\/product_brand?post=74477"},{"taxonomy":"product_cat","embeddable":true,"href":"https:\/\/skinstudio.ee\/lv\/wp-json\/wp\/v2\/product_cat?post=74477"},{"taxonomy":"product_tag","embeddable":true,"href":"https:\/\/skinstudio.ee\/lv\/wp-json\/wp\/v2\/product_tag?post=74477"},{"taxonomy":"giftcard-category","embeddable":true,"href":"https:\/\/skinstudio.ee\/lv\/wp-json\/wp\/v2\/giftcard-category?post=74477"}],"curies":[{"name":"wp","href":"https:\/\/api.w.org\/{rel}","templated":true}]}}