{"id":74494,"date":"2026-01-15T14:12:00","date_gmt":"2026-01-15T14:12:00","guid":{"rendered":"https:\/\/skinstudio.ee\/?post_type=product&#038;p=74494"},"modified":"2026-01-21T13:57:23","modified_gmt":"2026-01-21T13:57:23","slug":"mandelac-moisturizing-cream","status":"publish","type":"product","link":"https:\/\/skinstudio.ee\/lv\/catalog\/sesderma-lv\/mandelac-moisturizing-cream\/","title":{"rendered":"MANDELAC Moisturizing Cream"},"content":{"rendered":"<p data-start=\"176\" data-end=\"478\"><strong data-start=\"176\" data-end=\"219\">MANDELAC Moisturizing Cream no Sesderma<\/strong> ir izl\u012bdzino\u0161s un atjaunojo\u0161s kr\u0113ms, kas izstr\u0101d\u0101ts, lai iedarbotos uz \u0101das tekst\u016bru un redzam\u0101m fotonoveco\u0161an\u0101s paz\u012bm\u0113m. Formula koncentr\u0113jas uz \u0101das virsmas kvalit\u0101tes uzlabo\u0161anu, vizu\u0101l\u0101 bl\u012bvuma pastiprin\u0101\u0161anu un vienm\u0113r\u012bg\u0101ka, kopt\u0101ka izskata atjauno\u0161anu.<\/p>\n<p data-start=\"480\" data-end=\"740\">Kr\u0113ms pal\u012bdz \u0101dai izskat\u012bties glud\u0101kai, struktur\u0113t\u0101kai un vizu\u0101li jaun\u0101kai, samazinot nevienm\u0113r\u012bbu un noguruma paz\u012bmju redzam\u012bbu. Regul\u0101ri lietojot, \u0101das tonis k\u013c\u016bst vienm\u0113r\u012bg\u0101ks, \u0101da \u0161\u0137iet maig\u0101ka un izskat\u0101s kopt\u0101ka, bez smagn\u0113jas vai nosprostojo\u0161as saj\u016btas.<\/p>\n<p data-start=\"742\" data-end=\"880\">Kr\u0113mu izmanto \u0101das kop\u0161anas rut\u012bn\u0101, kad nepiecie\u0161ams str\u0101d\u0101t ar redzam\u0101m noveco\u0161an\u0101s paz\u012bm\u0113m, komforta zudumu un nevienm\u0113r\u012bgu \u0101das virsmu.<\/p>\n<h3 data-start=\"882\" data-end=\"914\">Galveno sast\u0101vda\u013cu iedarb\u012bba<\/h3>\n<ul data-start=\"915\" data-end=\"1148\">\n<li data-start=\"915\" data-end=\"1006\">\n<p data-start=\"917\" data-end=\"1006\"><strong data-start=\"917\" data-end=\"933\">Mande\u013csk\u0101be:<\/strong> atbalsta maigu \u0101das virsmas atjauno\u0161anos un pal\u012bdz izl\u012bdzin\u0101t tekst\u016bru<\/p>\n<\/li>\n<li data-start=\"1007\" data-end=\"1077\">\n<p data-start=\"1009\" data-end=\"1077\"><strong data-start=\"1009\" data-end=\"1022\">Retinols:<\/strong> atbalsta \u0101das atjauno\u0161anos un uzlabo vizu\u0101lo bl\u012bvumu<\/p>\n<\/li>\n<li data-start=\"1078\" data-end=\"1148\">\n<p data-start=\"1080\" data-end=\"1148\"><strong data-start=\"1080\" data-end=\"1102\">Pept\u012bdu komplekss:<\/strong> pal\u012bdz uztur\u0113t skaidr\u0101ku un kopt\u0101ku izskatu<\/p>\n<\/li>\n<\/ul>\n<p data-start=\"1150\" data-end=\"1262\">Kr\u0113ma tekst\u016bra ir piem\u0113rota kop\u0161anai, ja \u0101dai ir nosliece uz sausumu, gluduma zudumu un elast\u012bbas samazin\u0101\u0161anos.<\/p>\n<p data-start=\"1264\" data-end=\"1282\"><strong data-start=\"1264\" data-end=\"1276\">Tilpums:<\/strong> 50 ml<\/p>\n","protected":false},"excerpt":{"rendered":"<p data-start=\"1333\" data-end=\"1363\">Mitrino\u0161s un atjaunojo\u0161s kr\u0113ms<\/p>\n<h2 data-start=\"1365\" data-end=\"1416\"><strong data-start=\"1365\" data-end=\"1416\">\u012apa\u0161\u012bbas Sesderma &#8211; MANDELAC Moisturizing Cream<\/strong><\/h2>\n<p data-start=\"1418\" data-end=\"1663\">\u2714\ufe0f Uzlabo \u0101das virsmas kop\u0113jo kvalit\u0101ti<br data-start=\"1457\" data-end=\"1460\" \/>\u2714\ufe0f Pal\u012bdz izl\u012bdzin\u0101t un vienm\u0113r\u012bg\u0101k veidot \u0101das tekst\u016bru<br data-start=\"1516\" data-end=\"1519\" \/>\u2714\ufe0f Atbalsta bl\u012bv\u0101ku un kopt\u0101ku izskatu<br data-start=\"1557\" data-end=\"1560\" \/>\u2714\ufe0f Palielina vizu\u0101lo gludumu un vienm\u0113r\u012bgumu<br data-start=\"1604\" data-end=\"1607\" \/>\u2714\ufe0f Pal\u012bdz \u0101dai izskat\u012bties svaig\u0101kai un struktur\u0113t\u0101kai<\/p>\n","protected":false},"featured_media":74485,"template":"","meta":[],"pwb-brand":[1262],"product_brand":[],"product_cat":[737,749,739],"product_tag":[],"giftcard-category":[],"class_list":{"0":"post-74494","1":"product","2":"type-product","3":"status-publish","4":"has-post-thumbnail","6":"pwb-brand-sesderma-lv","7":"product_cat-mitrinasana","8":"product_cat-novecojosa-ada","9":"product_cat-sausai-adai","11":"first","12":"instock","13":"taxable","14":"shipping-taxable","15":"purchasable","16":"product-type-simple"},"acf":[],"brands":[{"id":1262,"name":"Sesderma","slug":"sesderma-lv"}],"_links":{"self":[{"href":"https:\/\/skinstudio.ee\/lv\/wp-json\/wp\/v2\/product\/74494","targetHints":{"allow":["GET"]}}],"collection":[{"href":"https:\/\/skinstudio.ee\/lv\/wp-json\/wp\/v2\/product"}],"about":[{"href":"https:\/\/skinstudio.ee\/lv\/wp-json\/wp\/v2\/types\/product"}],"version-history":[{"count":1,"href":"https:\/\/skinstudio.ee\/lv\/wp-json\/wp\/v2\/product\/74494\/revisions"}],"predecessor-version":[{"id":74495,"href":"https:\/\/skinstudio.ee\/lv\/wp-json\/wp\/v2\/product\/74494\/revisions\/74495"}],"wp:featuredmedia":[{"embeddable":true,"href":"https:\/\/skinstudio.ee\/lv\/wp-json\/wp\/v2\/media\/74485"}],"wp:attachment":[{"href":"https:\/\/skinstudio.ee\/lv\/wp-json\/wp\/v2\/media?parent=74494"}],"wp:term":[{"taxonomy":"pwb-brand","embeddable":true,"href":"https:\/\/skinstudio.ee\/lv\/wp-json\/wp\/v2\/pwb-brand?post=74494"},{"taxonomy":"product_brand","embeddable":true,"href":"https:\/\/skinstudio.ee\/lv\/wp-json\/wp\/v2\/product_brand?post=74494"},{"taxonomy":"product_cat","embeddable":true,"href":"https:\/\/skinstudio.ee\/lv\/wp-json\/wp\/v2\/product_cat?post=74494"},{"taxonomy":"product_tag","embeddable":true,"href":"https:\/\/skinstudio.ee\/lv\/wp-json\/wp\/v2\/product_tag?post=74494"},{"taxonomy":"giftcard-category","embeddable":true,"href":"https:\/\/skinstudio.ee\/lv\/wp-json\/wp\/v2\/giftcard-category?post=74494"}],"curies":[{"name":"wp","href":"https:\/\/api.w.org\/{rel}","templated":true}]}}