{"id":74512,"date":"2026-01-15T14:20:52","date_gmt":"2026-01-15T14:20:52","guid":{"rendered":"https:\/\/skinstudio.ee\/?post_type=product&#038;p=74512"},"modified":"2026-01-21T13:57:24","modified_gmt":"2026-01-21T13:57:24","slug":"mesoses-supreme-antiaging-serum","status":"publish","type":"product","link":"https:\/\/skinstudio.ee\/lv\/catalog\/sesderma-lv\/mesoses-supreme-antiaging-serum\/","title":{"rendered":"MESOSES Supreme Antiaging Serum"},"content":{"rendered":"<p data-start=\"214\" data-end=\"535\"><strong data-start=\"214\" data-end=\"261\">MESOSES Supreme Antiaging Serum no Sesderma<\/strong> ir koncentr\u0113ts pretnoveco\u0161an\u0101s serums, kas izstr\u0101d\u0101ts intens\u012bvai darb\u012bbai ar galvenaj\u0101m \u0101das noveco\u0161an\u0101s paz\u012bm\u0113m. Formula ir v\u0113rsta uz \u0101das kop\u0113j\u0101s kvalit\u0101tes uzlabo\u0161anu, bl\u012bv\u0101ka un struktur\u0113t\u0101ka izskata atjauno\u0161anu, k\u0101 ar\u012b sejas kont\u016bru vizu\u0101l\u0101s skaidr\u012bbas pastiprin\u0101\u0161anu.<\/p>\n<p data-start=\"537\" data-end=\"840\">Serums darbojas \u0101das \u201ckvalit\u0101tes\u201d l\u012bmen\u012b: tas pal\u012bdz \u0101dai izskat\u012bties toniz\u0113t\u0101kai, tvirt\u0101kai un vizu\u0101li jaun\u0101kai, k\u0101 ar\u012b veicina vienm\u0113r\u012bg\u0101ku, izsmalcin\u0101t\u0101ku un ener\u0123isk\u0101ku izskatu. To izmanto intens\u012bvu kop\u0161anas programmu sast\u0101v\u0101, kad nepiecie\u0161ama kompleksa pieeja noveco\u0161an\u0101s paz\u012bm\u0113m un tonusa zudumam.<\/p>\n<h3 data-start=\"842\" data-end=\"874\">Galveno sast\u0101vda\u013cu iedarb\u012bba<\/h3>\n<ul data-start=\"875\" data-end=\"1285\">\n<li data-start=\"875\" data-end=\"940\">\n<p data-start=\"877\" data-end=\"940\"><strong data-start=\"877\" data-end=\"903\">Aminosk\u0101bju komplekss:<\/strong> atbalsta \u0101das elast\u012bbu un tvirtumu<\/p>\n<\/li>\n<li data-start=\"941\" data-end=\"1052\">\n<p data-start=\"943\" data-end=\"1052\"><strong data-start=\"943\" data-end=\"963\">C un E vitam\u012bni:<\/strong> nodro\u0161ina antioksidantu aizsardz\u012bbu un pal\u012bdz uztur\u0113t vienm\u0113r\u012bg\u0101ku un starojo\u0161\u0101ku toni<\/p>\n<\/li>\n<li data-start=\"1053\" data-end=\"1126\">\n<p data-start=\"1055\" data-end=\"1126\"><strong data-start=\"1055\" data-end=\"1073\">Hialuronsk\u0101be:<\/strong> uzlabo \u0101das mitruma l\u012bmeni un vizu\u0101lo piepild\u012bjumu<\/p>\n<\/li>\n<li data-start=\"1127\" data-end=\"1203\">\n<p data-start=\"1129\" data-end=\"1203\"><strong data-start=\"1129\" data-end=\"1153\">Edelveisa ekstrakts:<\/strong> atbalsta atjauno\u0161an\u0101s procesus un \u0101das notur\u012bbu<\/p>\n<\/li>\n<li data-start=\"1204\" data-end=\"1285\">\n<p data-start=\"1206\" data-end=\"1285\"><strong data-start=\"1206\" data-end=\"1235\">Nanopieg\u0101des tehnolo\u0123ija:<\/strong> paaugstina akt\u012bvo vielu iek\u013c\u016b\u0161anas efektivit\u0101ti<\/p>\n<\/li>\n<\/ul>\n<p data-start=\"1287\" data-end=\"1429\">Serumu izmanto \u0101das kop\u0161an\u0101, ja ir v\u0113rojams bl\u012bvuma samazin\u0101jums, tvirtuma zudums, maz\u0101k izteiktas kont\u016bras un visp\u0101r\u0113jas noveco\u0161an\u0101s paz\u012bmes.<\/p>\n<p data-start=\"1431\" data-end=\"1449\"><strong data-start=\"1431\" data-end=\"1443\">Tilpums:<\/strong> 30 ml<\/p>\n","protected":false},"excerpt":{"rendered":"<p data-start=\"1517\" data-end=\"1539\">Pretnoveco\u0161an\u0101s serums<\/p>\n<h2 data-start=\"1541\" data-end=\"1596\"><strong data-start=\"1541\" data-end=\"1596\">\u012apa\u0161\u012bbas Sesderma &#8211; MESOSES Supreme Antiaging Serum<\/strong><\/h2>\n<p data-start=\"1598\" data-end=\"1849\">\u2714\ufe0f Palielina \u0101das vizu\u0101lo bl\u012bvumu un tvirtumu<br data-start=\"1643\" data-end=\"1646\" \/>\u2714\ufe0f Uzlabo sejas kont\u016bru skaidr\u012bbu un \u201carhitekt\u016bru\u201d<br data-start=\"1696\" data-end=\"1699\" \/>\u2714\ufe0f Izl\u012bdzina un pilnveido \u0101das tekst\u016bru<br data-start=\"1738\" data-end=\"1741\" \/>\u2714\ufe0f Atjauno svaig\u0101ku un ener\u0123isk\u0101ku izskatu<br data-start=\"1783\" data-end=\"1786\" \/>\u2714\ufe0f Iedarbojas uz \u0101das kop\u0113jo kvalit\u0101ti pretnoveco\u0161an\u0101s l\u012bmen\u012b<\/p>\n","protected":false},"featured_media":74502,"template":"","meta":[],"pwb-brand":[1262],"product_brand":[],"product_cat":[749,723],"product_tag":[],"giftcard-category":[],"class_list":{"0":"post-74512","1":"product","2":"type-product","3":"status-publish","4":"has-post-thumbnail","6":"pwb-brand-sesderma-lv","7":"product_cat-novecojosa-ada","8":"product_cat-serumi","10":"first","11":"instock","12":"sale","13":"taxable","14":"shipping-taxable","15":"purchasable","16":"product-type-simple"},"acf":[],"brands":[{"id":1262,"name":"Sesderma","slug":"sesderma-lv"}],"_links":{"self":[{"href":"https:\/\/skinstudio.ee\/lv\/wp-json\/wp\/v2\/product\/74512","targetHints":{"allow":["GET"]}}],"collection":[{"href":"https:\/\/skinstudio.ee\/lv\/wp-json\/wp\/v2\/product"}],"about":[{"href":"https:\/\/skinstudio.ee\/lv\/wp-json\/wp\/v2\/types\/product"}],"version-history":[{"count":1,"href":"https:\/\/skinstudio.ee\/lv\/wp-json\/wp\/v2\/product\/74512\/revisions"}],"predecessor-version":[{"id":74513,"href":"https:\/\/skinstudio.ee\/lv\/wp-json\/wp\/v2\/product\/74512\/revisions\/74513"}],"wp:featuredmedia":[{"embeddable":true,"href":"https:\/\/skinstudio.ee\/lv\/wp-json\/wp\/v2\/media\/74502"}],"wp:attachment":[{"href":"https:\/\/skinstudio.ee\/lv\/wp-json\/wp\/v2\/media?parent=74512"}],"wp:term":[{"taxonomy":"pwb-brand","embeddable":true,"href":"https:\/\/skinstudio.ee\/lv\/wp-json\/wp\/v2\/pwb-brand?post=74512"},{"taxonomy":"product_brand","embeddable":true,"href":"https:\/\/skinstudio.ee\/lv\/wp-json\/wp\/v2\/product_brand?post=74512"},{"taxonomy":"product_cat","embeddable":true,"href":"https:\/\/skinstudio.ee\/lv\/wp-json\/wp\/v2\/product_cat?post=74512"},{"taxonomy":"product_tag","embeddable":true,"href":"https:\/\/skinstudio.ee\/lv\/wp-json\/wp\/v2\/product_tag?post=74512"},{"taxonomy":"giftcard-category","embeddable":true,"href":"https:\/\/skinstudio.ee\/lv\/wp-json\/wp\/v2\/giftcard-category?post=74512"}],"curies":[{"name":"wp","href":"https:\/\/api.w.org\/{rel}","templated":true}]}}