{"id":74528,"date":"2026-01-15T14:26:38","date_gmt":"2026-01-15T14:26:38","guid":{"rendered":"https:\/\/skinstudio.ee\/?post_type=product&#038;p=74528"},"modified":"2026-01-21T13:57:24","modified_gmt":"2026-01-21T13:57:24","slug":"mesoses-supreme-antiaging-mask","status":"publish","type":"product","link":"https:\/\/skinstudio.ee\/lv\/catalog\/sesderma\/mesoses-supreme-antiaging-mask\/","title":{"rendered":"MESOSES Supreme Antiaging Mask"},"content":{"rendered":"<p data-start=\"211\" data-end=\"565\"><strong data-start=\"211\" data-end=\"257\">MESOSES Supreme Antiaging Mask no Sesderma<\/strong> ir intens\u012bva pretnoveco\u0161an\u0101s maska, kas izstr\u0101d\u0101ta, lai uzlabotu \u0101das kop\u0113jo kvalit\u0101ti bl\u012bvuma, elast\u012bbas un vizu\u0101l\u0101 tonusa l\u012bmen\u012b. Formula ir v\u0113rsta uz skaidr\u0101ka, struktur\u0113t\u0101ka un kopt\u0101ka \u0101das virsmas izskata atjauno\u0161anu, k\u0101 ar\u012b uz kop\u0113j\u0101 \u0101das izskata uzlabo\u0161anu p\u0113c stresa un ar vecumu saist\u012bt\u0101m izmai\u0146\u0101m.<\/p>\n<p data-start=\"567\" data-end=\"844\">Maska darbojas gan k\u0101 ekspress proced\u016bra, gan k\u0101 da\u013ca no intens\u012bv\u0101m kop\u0161anas programm\u0101m, pal\u012bdzot \u0101dai izskat\u012bties svaig\u0101kai, atjaunot\u0101kai un vizu\u0101li jaun\u0101kai. Fokuss ir v\u0113rsts uz \u0101das visp\u0101r\u0113j\u0101s \u201ckvalit\u0101tes\u201d uzlabo\u0161anu, atjaunojot vienm\u0113r\u012bg\u0101ku, kopt\u0101ku un ener\u0123isk\u0101ku izskatu.<\/p>\n<h3 data-start=\"846\" data-end=\"878\">Galveno sast\u0101vda\u013cu iedarb\u012bba<\/h3>\n<ul data-start=\"879\" data-end=\"1353\">\n<li data-start=\"879\" data-end=\"957\">\n<p data-start=\"881\" data-end=\"957\"><strong data-start=\"881\" data-end=\"905\">Edelveisa ekstrakts:<\/strong> atbalsta \u0101das aizsarg- un atjauno\u0161an\u0101s meh\u0101nismus<\/p>\n<\/li>\n<li data-start=\"958\" data-end=\"1051\">\n<p data-start=\"960\" data-end=\"1051\"><strong data-start=\"960\" data-end=\"990\">Hidroliz\u0113ta hialuronsk\u0101be:<\/strong> pal\u012bdz uzlabot mitruma l\u012bmeni un vizu\u0101lo \u0101das piepild\u012bjumu<\/p>\n<\/li>\n<li data-start=\"1052\" data-end=\"1127\">\n<p data-start=\"1054\" data-end=\"1127\"><strong data-start=\"1054\" data-end=\"1080\">Aminosk\u0101bju komplekss:<\/strong> atbalsta \u0101das bl\u012bvumu, tvirtumu un strukt\u016bru<\/p>\n<\/li>\n<li data-start=\"1128\" data-end=\"1258\">\n<p data-start=\"1130\" data-end=\"1258\"><strong data-start=\"1130\" data-end=\"1179\">Glutationa un superoks\u012bddismut\u0101zes komplekss:<\/strong> nodro\u0161ina antioksidantu aizsardz\u012bbu un pal\u012bdz saglab\u0101t svaig\u0101ku \u0101das izskatu<\/p>\n<\/li>\n<li data-start=\"1259\" data-end=\"1353\">\n<p data-start=\"1261\" data-end=\"1353\"><strong data-start=\"1261\" data-end=\"1289\">Kofe\u012bns un trokserut\u012bns:<\/strong> pal\u012bdz mazin\u0101t noguruma paz\u012bmes un uzlabo \u0101das kop\u0113jo izskatu<\/p>\n<\/li>\n<\/ul>\n<p data-start=\"1355\" data-end=\"1500\">Masku izmanto \u0101das kop\u0161an\u0101, ja ir nov\u0113rojama elast\u012bbas un bl\u012bvuma samazin\u0101\u0161an\u0101s, noguruma paz\u012bmes, bl\u0101vs tonis un visp\u0101r\u0113jas noveco\u0161an\u0101s paz\u012bmes.<\/p>\n<p data-start=\"1502\" data-end=\"1520\"><strong data-start=\"1502\" data-end=\"1514\">Tilpums:<\/strong> 50 ml<\/p>\n","protected":false},"excerpt":{"rendered":"<p data-start=\"1635\" data-end=\"1656\">Pretnoveco\u0161an\u0101s maska<\/p>\n<h2 data-start=\"1658\" data-end=\"1712\"><strong data-start=\"1658\" data-end=\"1712\">\u012apa\u0161\u012bbas Sesderma &#8211; MESOSES Supreme Antiaging Mask<\/strong><\/h2>\n<p data-start=\"1714\" data-end=\"1953\">\u2714\ufe0f Uzreiz atjauno svaig\u0101ku un kopt\u0101ku izskatu<br data-start=\"1759\" data-end=\"1762\" \/>\u2714\ufe0f Palielina \u0101das bl\u012bvuma un komforta saj\u016btu<br data-start=\"1806\" data-end=\"1809\" \/>\u2714\ufe0f Padara \u0101das toni vienm\u0113r\u012bg\u0101ku un mirdzo\u0161\u0101ku<br data-start=\"1855\" data-end=\"1858\" \/>\u2714\ufe0f Pal\u012bdz mazin\u0101t noguruma un stresa paz\u012bmes<br data-start=\"1902\" data-end=\"1905\" \/>\u2714\ufe0f Pie\u0161\u0137ir \u0101dai atp\u016btu\u0161os un atjaunotu izskatu<\/p>\n","protected":false},"featured_media":74520,"template":"","meta":[],"pwb-brand":[1262],"product_brand":[],"product_cat":[725,749],"product_tag":[],"giftcard-category":[],"class_list":{"0":"post-74528","1":"product","2":"type-product","3":"status-publish","4":"has-post-thumbnail","6":"pwb-brand-sesderma","7":"product_cat-maskas","8":"product_cat-novecojosa-ada","10":"first","11":"instock","12":"sale","13":"taxable","14":"shipping-taxable","15":"purchasable","16":"product-type-simple"},"acf":[],"brands":[{"id":1262,"name":"Sesderma","slug":"sesderma"}],"_links":{"self":[{"href":"https:\/\/skinstudio.ee\/lv\/wp-json\/wp\/v2\/product\/74528","targetHints":{"allow":["GET"]}}],"collection":[{"href":"https:\/\/skinstudio.ee\/lv\/wp-json\/wp\/v2\/product"}],"about":[{"href":"https:\/\/skinstudio.ee\/lv\/wp-json\/wp\/v2\/types\/product"}],"version-history":[{"count":1,"href":"https:\/\/skinstudio.ee\/lv\/wp-json\/wp\/v2\/product\/74528\/revisions"}],"predecessor-version":[{"id":74529,"href":"https:\/\/skinstudio.ee\/lv\/wp-json\/wp\/v2\/product\/74528\/revisions\/74529"}],"wp:featuredmedia":[{"embeddable":true,"href":"https:\/\/skinstudio.ee\/lv\/wp-json\/wp\/v2\/media\/74520"}],"wp:attachment":[{"href":"https:\/\/skinstudio.ee\/lv\/wp-json\/wp\/v2\/media?parent=74528"}],"wp:term":[{"taxonomy":"pwb-brand","embeddable":true,"href":"https:\/\/skinstudio.ee\/lv\/wp-json\/wp\/v2\/pwb-brand?post=74528"},{"taxonomy":"product_brand","embeddable":true,"href":"https:\/\/skinstudio.ee\/lv\/wp-json\/wp\/v2\/product_brand?post=74528"},{"taxonomy":"product_cat","embeddable":true,"href":"https:\/\/skinstudio.ee\/lv\/wp-json\/wp\/v2\/product_cat?post=74528"},{"taxonomy":"product_tag","embeddable":true,"href":"https:\/\/skinstudio.ee\/lv\/wp-json\/wp\/v2\/product_tag?post=74528"},{"taxonomy":"giftcard-category","embeddable":true,"href":"https:\/\/skinstudio.ee\/lv\/wp-json\/wp\/v2\/giftcard-category?post=74528"}],"curies":[{"name":"wp","href":"https:\/\/api.w.org\/{rel}","templated":true}]}}