{"id":74545,"date":"2026-01-15T14:32:14","date_gmt":"2026-01-15T14:32:14","guid":{"rendered":"https:\/\/skinstudio.ee\/?post_type=product&#038;p=74545"},"modified":"2026-01-21T13:57:24","modified_gmt":"2026-01-21T13:57:24","slug":"mesoses-supreme-antiaging-cream","status":"publish","type":"product","link":"https:\/\/skinstudio.ee\/lv\/catalog\/sesderma-lv\/mesoses-supreme-antiaging-cream\/","title":{"rendered":"MESOSES Supreme Antiaging Cream"},"content":{"rendered":"<p data-start=\"228\" data-end=\"568\"><strong data-start=\"228\" data-end=\"275\">MESOSES Supreme Antiaging Cream no Sesderma<\/strong> ir augstas veiktsp\u0113jas pretnoveco\u0161an\u0101s kr\u0113ms, kas izstr\u0101d\u0101ts visaptvero\u0161am darbam ar \u0101das kvalit\u0101ti, bl\u012bvumu, tvirtumu un sejas arhitekt\u016bru. Formula ir v\u0113rsta uz skaidr\u0101ka, struktur\u0113t\u0101ka un vizu\u0101li jaun\u0101ka \u0101das virsmas izskata atjauno\u0161anu, vienlaikus atbalstot kop\u0113jo tonusu un koptu izskatu.<\/p>\n<p data-start=\"570\" data-end=\"815\">Kr\u0113ms darbojas k\u0101 vananemisvast\u012bg\u0101s kop\u0161anas rut\u012bnas nosl\u0113dzo\u0161ais posms, pastiprinot un nostiprinot seeruma rezult\u0101tus. Tas pal\u012bdz veidot vienm\u0113r\u012bg\u0101ku, bl\u012bv\u0101ku un vizu\u0101li glud\u0101ku \u0101das reljefu, uzlabojot gan izskatu, gan \u201c\u0101das kvalit\u0101tes\u201d saj\u016btu.<\/p>\n<h3 data-start=\"817\" data-end=\"849\">Galveno sast\u0101vda\u013cu iedarb\u012bba<\/h3>\n<ul data-start=\"850\" data-end=\"1293\">\n<li data-start=\"850\" data-end=\"925\">\n<p data-start=\"852\" data-end=\"925\"><strong data-start=\"852\" data-end=\"878\">Aminosk\u0101bju komplekss:<\/strong> atbalsta \u0101das elast\u012bbu, bl\u012bvumu un strukt\u016bru<\/p>\n<\/li>\n<li data-start=\"926\" data-end=\"1037\">\n<p data-start=\"928\" data-end=\"1037\"><strong data-start=\"928\" data-end=\"948\">C un E vitam\u012bni:<\/strong> nodro\u0161ina antioksidantu aizsardz\u012bbu un pal\u012bdz uztur\u0113t vienm\u0113r\u012bg\u0101ku un starojo\u0161\u0101ku toni<\/p>\n<\/li>\n<li data-start=\"1038\" data-end=\"1119\">\n<p data-start=\"1040\" data-end=\"1119\"><strong data-start=\"1040\" data-end=\"1058\">Hialuronsk\u0101be:<\/strong> pal\u012bdz uzlabot mitruma l\u012bmeni un vizu\u0101lo \u0101das piepild\u012bjumu<\/p>\n<\/li>\n<li data-start=\"1120\" data-end=\"1196\">\n<p data-start=\"1122\" data-end=\"1196\"><strong data-start=\"1122\" data-end=\"1146\">Edelveisa ekstrakts:<\/strong> atbalsta atjauno\u0161an\u0101s procesus un \u0101das notur\u012bbu<\/p>\n<\/li>\n<li data-start=\"1197\" data-end=\"1293\">\n<p data-start=\"1199\" data-end=\"1293\"><strong data-start=\"1199\" data-end=\"1228\">Nanopieg\u0101des tehnolo\u0123ija:<\/strong> paaugstina akt\u012bvo vielu iek\u013c\u016b\u0161anas precizit\u0101ti un efektivit\u0101ti<\/p>\n<\/li>\n<\/ul>\n<p data-start=\"1295\" data-end=\"1463\">Kr\u0113mu izmanto \u0101das kop\u0161an\u0101, ja ir v\u0113rojams bl\u012bvuma un tvirtuma samazin\u0101jums, kont\u016bru skaidr\u012bbas mazin\u0101\u0161an\u0101s, nevienm\u0113r\u012bga \u0101das virsma un visp\u0101r\u0113jas noveco\u0161an\u0101s paz\u012bmes.<\/p>\n<p data-start=\"1465\" data-end=\"1483\"><strong data-start=\"1465\" data-end=\"1477\">Tilpums:<\/strong> 50 ml<\/p>\n","protected":false},"excerpt":{"rendered":"<p data-start=\"1586\" data-end=\"1607\">Pretnoveco\u0161an\u0101s kr\u0113ms<\/p>\n<h2 data-start=\"1609\" data-end=\"1664\"><strong data-start=\"1609\" data-end=\"1664\">\u012apa\u0161\u012bbas Sesderma &#8211; MESOSES Supreme Antiaging Cream<\/strong><\/h2>\n<p data-start=\"1666\" data-end=\"1911\">\u2714\ufe0f Veido glud\u0101ku un sat\u012bnisku \u0101das izskatu<br data-start=\"1708\" data-end=\"1711\" \/>\u2714\ufe0f Pastiprina piepild\u012bjuma un kopt\u012bbas saj\u016btu<br data-start=\"1756\" data-end=\"1759\" \/>\u2714\ufe0f M\u012bkstina l\u012bniju un virsmas nel\u012bdzenumu redzam\u012bbu<br data-start=\"1810\" data-end=\"1813\" \/>\u2714\ufe0f Pie\u0161\u0137ir \u0101dai vienm\u0113r\u012bg\u0101ku un elegant\u0101ku toni<br data-start=\"1860\" data-end=\"1863\" \/>\u2714\ufe0f Atbalsta ilgsto\u0161u komfortu un \u0101das tvirtumu<\/p>\n","protected":false},"featured_media":74536,"template":"","meta":[],"pwb-brand":[1262],"product_brand":[],"product_cat":[737,749],"product_tag":[],"giftcard-category":[],"class_list":{"0":"post-74545","1":"product","2":"type-product","3":"status-publish","4":"has-post-thumbnail","6":"pwb-brand-sesderma-lv","7":"product_cat-mitrinasana","8":"product_cat-novecojosa-ada","10":"first","11":"instock","12":"sale","13":"taxable","14":"shipping-taxable","15":"purchasable","16":"product-type-simple"},"acf":[],"brands":[{"id":1262,"name":"Sesderma","slug":"sesderma-lv"}],"_links":{"self":[{"href":"https:\/\/skinstudio.ee\/lv\/wp-json\/wp\/v2\/product\/74545","targetHints":{"allow":["GET"]}}],"collection":[{"href":"https:\/\/skinstudio.ee\/lv\/wp-json\/wp\/v2\/product"}],"about":[{"href":"https:\/\/skinstudio.ee\/lv\/wp-json\/wp\/v2\/types\/product"}],"version-history":[{"count":1,"href":"https:\/\/skinstudio.ee\/lv\/wp-json\/wp\/v2\/product\/74545\/revisions"}],"predecessor-version":[{"id":74546,"href":"https:\/\/skinstudio.ee\/lv\/wp-json\/wp\/v2\/product\/74545\/revisions\/74546"}],"wp:featuredmedia":[{"embeddable":true,"href":"https:\/\/skinstudio.ee\/lv\/wp-json\/wp\/v2\/media\/74536"}],"wp:attachment":[{"href":"https:\/\/skinstudio.ee\/lv\/wp-json\/wp\/v2\/media?parent=74545"}],"wp:term":[{"taxonomy":"pwb-brand","embeddable":true,"href":"https:\/\/skinstudio.ee\/lv\/wp-json\/wp\/v2\/pwb-brand?post=74545"},{"taxonomy":"product_brand","embeddable":true,"href":"https:\/\/skinstudio.ee\/lv\/wp-json\/wp\/v2\/product_brand?post=74545"},{"taxonomy":"product_cat","embeddable":true,"href":"https:\/\/skinstudio.ee\/lv\/wp-json\/wp\/v2\/product_cat?post=74545"},{"taxonomy":"product_tag","embeddable":true,"href":"https:\/\/skinstudio.ee\/lv\/wp-json\/wp\/v2\/product_tag?post=74545"},{"taxonomy":"giftcard-category","embeddable":true,"href":"https:\/\/skinstudio.ee\/lv\/wp-json\/wp\/v2\/giftcard-category?post=74545"}],"curies":[{"name":"wp","href":"https:\/\/api.w.org\/{rel}","templated":true}]}}