{"id":74561,"date":"2026-01-15T15:41:26","date_gmt":"2026-01-15T15:41:26","guid":{"rendered":"https:\/\/skinstudio.ee\/?post_type=product&#038;p=74561"},"modified":"2026-01-21T13:57:24","modified_gmt":"2026-01-21T13:57:24","slug":"oceanskin-cleansing-gel","status":"publish","type":"product","link":"https:\/\/skinstudio.ee\/lv\/catalog\/sesderma-lv\/oceanskin-cleansing-gel\/","title":{"rendered":"OCEANSKIN Cleansing Gel"},"content":{"rendered":"<p data-start=\"186\" data-end=\"514\"><strong data-start=\"186\" data-end=\"225\">OCEANSKIN Cleansing Gel no Sesderma<\/strong> ir jaun\u0101s paaudzes premium klases att\u012bro\u0161s l\u012bdzeklis, kas izstr\u0101d\u0101ts k\u0101 pilnv\u0113rt\u012bgs pirmais solis \u0101das kop\u0161an\u0101. Formula balst\u0101s uz koncepciju \u201ekop\u0161ana caur att\u012br\u012b\u0161anu\u201d un ir v\u0113rsta ne tikai uz grima un net\u012brumu no\u0146em\u0161anu, bet ar\u012b uz \u0101das komforta, l\u012bdzsvara un koptas izskata saglab\u0101\u0161anu.<\/p>\n<p data-start=\"516\" data-end=\"831\">Att\u012bro\u0161ais gels darbojas k\u0101 inteli\u0123enta att\u012br\u012b\u0161anas sist\u0113ma, kas pal\u012bdz saglab\u0101t \u0101das kvalit\u0101ti jau att\u012br\u012b\u0161anas posm\u0101, neboj\u0101jot \u0101das aizsargmeh\u0101nismus un neradot savilkuma saj\u016btu. Att\u012br\u012b\u0161ana k\u013c\u016bst par da\u013cu no pilnv\u0113rt\u012bga kop\u0161anas ritu\u0101la, sagatavojot \u0101du n\u0101kamajiem kop\u0161anas posmiem un pastiprinot to efektivit\u0101ti.<\/p>\n<h3 data-start=\"833\" data-end=\"865\">Galveno sast\u0101vda\u013cu iedarb\u012bba<\/h3>\n<ul data-start=\"866\" data-end=\"1225\">\n<li data-start=\"866\" data-end=\"926\">\n<p data-start=\"868\" data-end=\"926\"><strong data-start=\"868\" data-end=\"882\">Spirulina:<\/strong> atbalsta svaigu un ener\u0123isku \u0101das izskatu<\/p>\n<\/li>\n<li data-start=\"927\" data-end=\"1005\">\n<p data-start=\"929\" data-end=\"1005\"><strong data-start=\"929\" data-end=\"960\">J\u016bras kolag\u0113ns un elast\u012bns:<\/strong> pal\u012bdz saglab\u0101t tvirtuma un gluduma saj\u016btu<\/p>\n<\/li>\n<li data-start=\"1006\" data-end=\"1077\">\n<p data-start=\"1008\" data-end=\"1077\"><strong data-start=\"1008\" data-end=\"1033\">J\u016bras a\u013c\u0123u ekstrakts:<\/strong> pal\u012bdz uztur\u0113t \u0101das l\u012bdzsvaru un komfortu<\/p>\n<\/li>\n<li data-start=\"1078\" data-end=\"1154\">\n<p data-start=\"1080\" data-end=\"1154\"><strong data-start=\"1080\" data-end=\"1102\">Kavi\u0101ra ekstrakts:<\/strong> pal\u012bdz saglab\u0101t kopt\u0101ku un izsmalcin\u0101t\u0101ku izskatu<\/p>\n<\/li>\n<li data-start=\"1155\" data-end=\"1225\">\n<p data-start=\"1157\" data-end=\"1225\"><strong data-start=\"1157\" data-end=\"1182\">Keram\u012bdi un skval\u0113ns:<\/strong> atbalsta \u0101das aizsargbarjeru un komfortu<\/p>\n<\/li>\n<\/ul>\n<p data-start=\"1227\" data-end=\"1442\">L\u012bdzekli izmanto \u0101das kop\u0161an\u0101, ja ir svar\u012bgi ne tikai r\u016bp\u012bgi att\u012br\u012bt un no\u0146emt grimu, bet ar\u012b saglab\u0101t \u0101das maigumu, komfortu un koptu izskatu, vienlaikus uzturot \u0101das l\u012bdzsvaru un sagatavot\u012bbu turpm\u0101kajai kop\u0161anai.<\/p>\n<p data-start=\"1444\" data-end=\"1463\"><strong data-start=\"1444\" data-end=\"1456\">Tilpums:<\/strong> 200 ml<\/p>\n","protected":false},"excerpt":{"rendered":"<p data-start=\"1616\" data-end=\"1629\">Att\u012bro\u0161s gels<\/p>\n<h2 data-start=\"1631\" data-end=\"1678\"><strong data-start=\"1631\" data-end=\"1678\">\u012apa\u0161\u012bbas Sesderma &#8211; OCEANSKIN Cleansing Gel<\/strong><\/h2>\n<p data-start=\"1680\" data-end=\"1914\">\u2714\ufe0f Efekt\u012bvi no\u0146em kosm\u0113tiku un saules aizsargl\u012bdzek\u013cus<br data-start=\"1734\" data-end=\"1737\" \/>\u2714\ufe0f Dzi\u013ci att\u012bra \u0101du bez savilkuma saj\u016btas<br data-start=\"1778\" data-end=\"1781\" \/>\u2714\ufe0f Atbalsta \u0101das aizsargbarjeru un l\u012bdzsvaru<br data-start=\"1825\" data-end=\"1828\" \/>\u2714\ufe0f Padara \u0101du piesk\u0101rien\u0101 maig\u0101ku un glud\u0101ku<br data-start=\"1872\" data-end=\"1875\" \/>\u2714\ufe0f Atst\u0101j \u0101du vizu\u0101li svaigu un koptu<\/p>\n","protected":false},"featured_media":74554,"template":"","meta":[],"pwb-brand":[1262],"product_brand":[],"product_cat":[715],"product_tag":[],"giftcard-category":[],"class_list":{"0":"post-74561","1":"product","2":"type-product","3":"status-publish","4":"has-post-thumbnail","6":"pwb-brand-sesderma-lv","7":"product_cat-attirisana","9":"first","10":"instock","11":"taxable","12":"shipping-taxable","13":"purchasable","14":"product-type-simple"},"acf":[],"brands":[{"id":1262,"name":"Sesderma","slug":"sesderma-lv"}],"_links":{"self":[{"href":"https:\/\/skinstudio.ee\/lv\/wp-json\/wp\/v2\/product\/74561","targetHints":{"allow":["GET"]}}],"collection":[{"href":"https:\/\/skinstudio.ee\/lv\/wp-json\/wp\/v2\/product"}],"about":[{"href":"https:\/\/skinstudio.ee\/lv\/wp-json\/wp\/v2\/types\/product"}],"version-history":[{"count":1,"href":"https:\/\/skinstudio.ee\/lv\/wp-json\/wp\/v2\/product\/74561\/revisions"}],"predecessor-version":[{"id":74562,"href":"https:\/\/skinstudio.ee\/lv\/wp-json\/wp\/v2\/product\/74561\/revisions\/74562"}],"wp:featuredmedia":[{"embeddable":true,"href":"https:\/\/skinstudio.ee\/lv\/wp-json\/wp\/v2\/media\/74554"}],"wp:attachment":[{"href":"https:\/\/skinstudio.ee\/lv\/wp-json\/wp\/v2\/media?parent=74561"}],"wp:term":[{"taxonomy":"pwb-brand","embeddable":true,"href":"https:\/\/skinstudio.ee\/lv\/wp-json\/wp\/v2\/pwb-brand?post=74561"},{"taxonomy":"product_brand","embeddable":true,"href":"https:\/\/skinstudio.ee\/lv\/wp-json\/wp\/v2\/product_brand?post=74561"},{"taxonomy":"product_cat","embeddable":true,"href":"https:\/\/skinstudio.ee\/lv\/wp-json\/wp\/v2\/product_cat?post=74561"},{"taxonomy":"product_tag","embeddable":true,"href":"https:\/\/skinstudio.ee\/lv\/wp-json\/wp\/v2\/product_tag?post=74561"},{"taxonomy":"giftcard-category","embeddable":true,"href":"https:\/\/skinstudio.ee\/lv\/wp-json\/wp\/v2\/giftcard-category?post=74561"}],"curies":[{"name":"wp","href":"https:\/\/api.w.org\/{rel}","templated":true}]}}