{"id":74576,"date":"2026-01-15T15:46:37","date_gmt":"2026-01-15T15:46:37","guid":{"rendered":"https:\/\/skinstudio.ee\/?post_type=product&#038;p=74576"},"modified":"2026-01-21T13:57:24","modified_gmt":"2026-01-21T13:57:24","slug":"oceanskin-moisturizing-serum","status":"publish","type":"product","link":"https:\/\/skinstudio.ee\/lv\/catalog\/sesderma\/oceanskin-moisturizing-serum\/","title":{"rendered":"OCEANSKIN Moisturizing Serum"},"content":{"rendered":"<p data-start=\"181\" data-end=\"555\"><strong data-start=\"181\" data-end=\"225\">OCEANSKIN Moisturizing Serum no Sesderma<\/strong> ir augstas veiktsp\u0113jas mitrino\u0161s serums, kas izstr\u0101d\u0101ts, lai atjaunotu \u0101das mitruma l\u012bdzsvaru, uzlabotu kop\u0113jo \u0101das kvalit\u0101ti un atbalst\u012btu t\u0101s tvirtumu un elast\u012bbu. Formula balst\u0101s uz j\u016bras izcelsmes biokomponentiem un darbojas k\u0101 dzi\u013cas, daudzl\u012bme\u0146u mitrin\u0101\u0161anas avots, pal\u012bdzot \u0101dai izskat\u012bties bl\u012bv\u0101kai, glud\u0101kai un kopt\u0101kai.<\/p>\n<p data-start=\"557\" data-end=\"847\">Serums iedarbojas ne tikai uz sausuma saj\u016btu, bet ar\u012b uz \u0101das kop\u0113jo kvalit\u0101ti: tas pal\u012bdz uzlabot elast\u012bbu, izl\u012bdzin\u0101t \u0101das virsmu un uztur\u0113t svaig\u0101ku, vienm\u0113r\u012bg\u0101ku un kopt\u0101ku izskatu. Produkta koncepcija ir v\u0113rsta uz \u0101das stiprin\u0101\u0161anu un ilgsto\u0161a komforta saglab\u0101\u0161anu visas dienas garum\u0101.<\/p>\n<h3 data-start=\"849\" data-end=\"881\">Galveno sast\u0101vda\u013cu iedarb\u012bba<\/h3>\n<ul data-start=\"882\" data-end=\"1208\">\n<li data-start=\"882\" data-end=\"942\">\n<p data-start=\"884\" data-end=\"942\"><strong data-start=\"884\" data-end=\"898\">Spirulina:<\/strong> atbalsta svaigu un ener\u0123isku \u0101das izskatu<\/p>\n<\/li>\n<li data-start=\"943\" data-end=\"1005\">\n<p data-start=\"945\" data-end=\"1005\"><strong data-start=\"945\" data-end=\"964\">J\u016bras kolag\u0113ns:<\/strong> pal\u012bdz uzlabot \u0101das bl\u012bvumu un gludumu<\/p>\n<\/li>\n<li data-start=\"1006\" data-end=\"1064\">\n<p data-start=\"1008\" data-end=\"1064\"><strong data-start=\"1008\" data-end=\"1027\">J\u016bras elast\u012bns:<\/strong> atbalsta \u0101das tvirtumu un elast\u012bbu<\/p>\n<\/li>\n<li data-start=\"1065\" data-end=\"1136\">\n<p data-start=\"1067\" data-end=\"1136\"><strong data-start=\"1067\" data-end=\"1092\">J\u016bras a\u013c\u0123u ekstrakts:<\/strong> pal\u012bdz uztur\u0113t \u0101das l\u012bdzsvaru un komfortu<\/p>\n<\/li>\n<li data-start=\"1137\" data-end=\"1208\">\n<p data-start=\"1139\" data-end=\"1208\"><strong data-start=\"1139\" data-end=\"1161\">Kavi\u0101ra ekstrakts:<\/strong> pal\u012bdz saglab\u0101t kopt\u0101ku un piln\u012bg\u0101ku izskatu<\/p>\n<\/li>\n<\/ul>\n<p data-start=\"1210\" data-end=\"1414\">Serumu izmanto \u0101das kop\u0161an\u0101, ja ir j\u016btamas dehidrat\u0101cijas paz\u012bmes, tvirtuma samazin\u0101\u0161an\u0101s, gluduma un komforta zudums, k\u0101 ar\u012b gad\u012bjumos, kad nepiecie\u0161ams uztur\u0113t bl\u012bv\u0101ku, svaig\u0101ku un kopt\u0101ku \u0101das izskatu.<\/p>\n<p data-start=\"1416\" data-end=\"1434\"><strong data-start=\"1416\" data-end=\"1428\">Tilpums:<\/strong> 30 ml<\/p>\n","protected":false},"excerpt":{"rendered":"<p data-start=\"1536\" data-end=\"1552\">Mitrino\u0161s serums<\/p>\n<h2 data-start=\"1554\" data-end=\"1606\"><strong data-start=\"1554\" data-end=\"1606\">\u012apa\u0161\u012bbas Sesderma &#8211; OCEANSKIN Moisturizing Serum<\/strong><\/h2>\n<p data-start=\"1608\" data-end=\"1837\">\u2714\ufe0f Intens\u012bvi mitrina un pal\u012bdz saglab\u0101t mitruma l\u012bdzsvaru<br data-start=\"1665\" data-end=\"1668\" \/>\u2714\ufe0f Pastiprina \u0101das bl\u012bvuma un tvirtuma saj\u016btu<br data-start=\"1713\" data-end=\"1716\" \/>\u2714\ufe0f Uzlabo gludumu un koptu izskatu<br data-start=\"1750\" data-end=\"1753\" \/>\u2714\ufe0f Atbalsta ilgsto\u0161u \u0101das komfortu<br data-start=\"1787\" data-end=\"1790\" \/>\u2714\ufe0f Pie\u0161\u0137ir \u0101dai svaig\u0101ku un piln\u012bg\u0101ku izskatu<\/p>\n","protected":false},"featured_media":74569,"template":"","meta":[],"pwb-brand":[1262],"product_brand":[],"product_cat":[739,723],"product_tag":[],"giftcard-category":[],"class_list":{"0":"post-74576","1":"product","2":"type-product","3":"status-publish","4":"has-post-thumbnail","6":"pwb-brand-sesderma","7":"product_cat-sausai-adai","8":"product_cat-serumi","10":"first","11":"instock","12":"sale","13":"taxable","14":"shipping-taxable","15":"purchasable","16":"product-type-simple"},"acf":[],"brands":[{"id":1262,"name":"Sesderma","slug":"sesderma"}],"_links":{"self":[{"href":"https:\/\/skinstudio.ee\/lv\/wp-json\/wp\/v2\/product\/74576","targetHints":{"allow":["GET"]}}],"collection":[{"href":"https:\/\/skinstudio.ee\/lv\/wp-json\/wp\/v2\/product"}],"about":[{"href":"https:\/\/skinstudio.ee\/lv\/wp-json\/wp\/v2\/types\/product"}],"version-history":[{"count":1,"href":"https:\/\/skinstudio.ee\/lv\/wp-json\/wp\/v2\/product\/74576\/revisions"}],"predecessor-version":[{"id":74577,"href":"https:\/\/skinstudio.ee\/lv\/wp-json\/wp\/v2\/product\/74576\/revisions\/74577"}],"wp:featuredmedia":[{"embeddable":true,"href":"https:\/\/skinstudio.ee\/lv\/wp-json\/wp\/v2\/media\/74569"}],"wp:attachment":[{"href":"https:\/\/skinstudio.ee\/lv\/wp-json\/wp\/v2\/media?parent=74576"}],"wp:term":[{"taxonomy":"pwb-brand","embeddable":true,"href":"https:\/\/skinstudio.ee\/lv\/wp-json\/wp\/v2\/pwb-brand?post=74576"},{"taxonomy":"product_brand","embeddable":true,"href":"https:\/\/skinstudio.ee\/lv\/wp-json\/wp\/v2\/product_brand?post=74576"},{"taxonomy":"product_cat","embeddable":true,"href":"https:\/\/skinstudio.ee\/lv\/wp-json\/wp\/v2\/product_cat?post=74576"},{"taxonomy":"product_tag","embeddable":true,"href":"https:\/\/skinstudio.ee\/lv\/wp-json\/wp\/v2\/product_tag?post=74576"},{"taxonomy":"giftcard-category","embeddable":true,"href":"https:\/\/skinstudio.ee\/lv\/wp-json\/wp\/v2\/giftcard-category?post=74576"}],"curies":[{"name":"wp","href":"https:\/\/api.w.org\/{rel}","templated":true}]}}