{"id":74592,"date":"2026-01-15T15:51:02","date_gmt":"2026-01-15T15:51:02","guid":{"rendered":"https:\/\/skinstudio.ee\/?post_type=product&#038;p=74592"},"modified":"2026-01-21T13:57:24","modified_gmt":"2026-01-21T13:57:24","slug":"oceanskin-nourishing-facial-cream","status":"publish","type":"product","link":"https:\/\/skinstudio.ee\/lv\/catalog\/sesderma-lv\/oceanskin-nourishing-facial-cream\/","title":{"rendered":"OCEANSKIN Nourishing Facial Cream"},"content":{"rendered":"<p data-start=\"191\" data-end=\"560\"><strong data-start=\"191\" data-end=\"240\">OCEANSKIN Nourishing Facial Cream no Sesderma<\/strong> ir premium klases barojo\u0161s un mitrino\u0161s sejas kr\u0113ms, kas izstr\u0101d\u0101ts, lai atjaunotu \u0101das komfortu, bl\u012bvumu un koptu izskatu. Formula balst\u0101s uz j\u016bras izcelsmes biokomponentiem kombin\u0101cij\u0101 ar kopjo\u0161u lip\u012bdu kompleksu un ir v\u0113rsta uz optim\u0101la mitruma l\u012bme\u0146a uztur\u0113\u0161anu, \u0101das kvalit\u0101tes uzlabo\u0161anu un elast\u012bbas saglab\u0101\u0161anu.<\/p>\n<p data-start=\"562\" data-end=\"887\">Kr\u0113ms darbojas k\u0101 p\u0113d\u0113jais solis \u0101das kop\u0161anas rut\u012bn\u0101, pal\u012bdzot \u0101dai izskat\u012bties piepild\u012bt\u0101kai, glud\u0101kai un vizu\u0101li vienm\u0113r\u012bg\u0101kai. Produkta koncepcija ir v\u0113rsta uz \u0101das aizsargbarjeras stiprin\u0101\u0161anu, l\u012bdzsvara saglab\u0101\u0161anu un \u201c\u0101das kvalit\u0101tes\u201d saj\u016btas rad\u012b\u0161anu &#8211; koptas, komfortablas un pasarg\u0101tas no ikdienas stresa faktoriem.<\/p>\n<h3 data-start=\"889\" data-end=\"921\">Galveno sast\u0101vda\u013cu iedarb\u012bba<\/h3>\n<ul data-start=\"922\" data-end=\"1250\">\n<li data-start=\"922\" data-end=\"982\">\n<p data-start=\"924\" data-end=\"982\"><strong data-start=\"924\" data-end=\"938\">Spirulina:<\/strong> atbalsta svaigu un ener\u0123isku \u0101das izskatu<\/p>\n<\/li>\n<li data-start=\"983\" data-end=\"1045\">\n<p data-start=\"985\" data-end=\"1045\"><strong data-start=\"985\" data-end=\"1004\">J\u016bras kolag\u0113ns:<\/strong> pal\u012bdz uzlabot \u0101das bl\u012bvumu un gludumu<\/p>\n<\/li>\n<li data-start=\"1046\" data-end=\"1104\">\n<p data-start=\"1048\" data-end=\"1104\"><strong data-start=\"1048\" data-end=\"1067\">J\u016bras elast\u012bns:<\/strong> atbalsta \u0101das tvirtumu un elast\u012bbu<\/p>\n<\/li>\n<li data-start=\"1105\" data-end=\"1176\">\n<p data-start=\"1107\" data-end=\"1176\"><strong data-start=\"1107\" data-end=\"1132\">J\u016bras a\u013c\u0123u ekstrakts:<\/strong> pal\u012bdz uztur\u0113t \u0101das l\u012bdzsvaru un komfortu<\/p>\n<\/li>\n<li data-start=\"1177\" data-end=\"1250\">\n<p data-start=\"1179\" data-end=\"1250\"><strong data-start=\"1179\" data-end=\"1201\">Kavi\u0101ra ekstrakts:<\/strong> pal\u012bdz uztur\u0113t kopt\u0101ku un piepild\u012bt\u0101ku izskatu<\/p>\n<\/li>\n<\/ul>\n<p data-start=\"1252\" data-end=\"1481\">Kr\u0113mu izmanto \u0101das kop\u0161an\u0101, ja ir j\u016btams sausums vai savilkuma saj\u016bta, samazin\u0101jusies elast\u012bba un komforts, k\u0101 ar\u012b gad\u012bjumos, kad nepiecie\u0161ams uztur\u0113t bl\u012bv\u0101ku, glud\u0101ku un kopt\u0101ku izskatu, vienlaikus atbalstot \u0101das aizsargbarjeru.<\/p>\n<p data-start=\"1483\" data-end=\"1501\"><strong data-start=\"1483\" data-end=\"1495\">Tilpums:<\/strong> 50 ml<\/p>\n","protected":false},"excerpt":{"rendered":"<p data-start=\"1604\" data-end=\"1624\">Barojo\u0161s sejas kr\u0113ms<\/p>\n<h2 data-start=\"1626\" data-end=\"1683\"><strong data-start=\"1626\" data-end=\"1683\">\u012apa\u0161\u012bbas Sesderma &#8211; OCEANSKIN Nourishing Facial Cream<\/strong><\/h2>\n<p data-start=\"1685\" data-end=\"1941\">\u2714\ufe0f Dzi\u013ci baro un pal\u012bdz uztur\u0113t optim\u0101lu mitruma l\u012bmeni<br data-start=\"1740\" data-end=\"1743\" \/>\u2714\ufe0f Padara \u0101du maig\u0101ku, glud\u0101ku un piepild\u012bt\u0101ku<br data-start=\"1789\" data-end=\"1792\" \/>\u2714\ufe0f Atbalsta ilgsto\u0161u komfortu un aizsarg\u0101t\u012bbas saj\u016btu<br data-start=\"1845\" data-end=\"1848\" \/>\u2714\ufe0f Uzlabo \u0101das kop\u0113jo izskatu un viendab\u012bgumu<br data-start=\"1893\" data-end=\"1896\" \/>\u2714\ufe0f Pal\u012bdz saglab\u0101t \u0101das elast\u012bbu un bl\u012bvumu<\/p>\n","protected":false},"featured_media":74584,"template":"","meta":[],"pwb-brand":[1262],"product_brand":[],"product_cat":[737,739],"product_tag":[],"giftcard-category":[],"class_list":{"0":"post-74592","1":"product","2":"type-product","3":"status-publish","4":"has-post-thumbnail","6":"pwb-brand-sesderma-lv","7":"product_cat-mitrinasana","8":"product_cat-sausai-adai","10":"first","11":"instock","12":"taxable","13":"shipping-taxable","14":"purchasable","15":"product-type-simple"},"acf":[],"brands":[{"id":1262,"name":"Sesderma","slug":"sesderma-lv"}],"_links":{"self":[{"href":"https:\/\/skinstudio.ee\/lv\/wp-json\/wp\/v2\/product\/74592","targetHints":{"allow":["GET"]}}],"collection":[{"href":"https:\/\/skinstudio.ee\/lv\/wp-json\/wp\/v2\/product"}],"about":[{"href":"https:\/\/skinstudio.ee\/lv\/wp-json\/wp\/v2\/types\/product"}],"version-history":[{"count":1,"href":"https:\/\/skinstudio.ee\/lv\/wp-json\/wp\/v2\/product\/74592\/revisions"}],"predecessor-version":[{"id":74593,"href":"https:\/\/skinstudio.ee\/lv\/wp-json\/wp\/v2\/product\/74592\/revisions\/74593"}],"wp:featuredmedia":[{"embeddable":true,"href":"https:\/\/skinstudio.ee\/lv\/wp-json\/wp\/v2\/media\/74584"}],"wp:attachment":[{"href":"https:\/\/skinstudio.ee\/lv\/wp-json\/wp\/v2\/media?parent=74592"}],"wp:term":[{"taxonomy":"pwb-brand","embeddable":true,"href":"https:\/\/skinstudio.ee\/lv\/wp-json\/wp\/v2\/pwb-brand?post=74592"},{"taxonomy":"product_brand","embeddable":true,"href":"https:\/\/skinstudio.ee\/lv\/wp-json\/wp\/v2\/product_brand?post=74592"},{"taxonomy":"product_cat","embeddable":true,"href":"https:\/\/skinstudio.ee\/lv\/wp-json\/wp\/v2\/product_cat?post=74592"},{"taxonomy":"product_tag","embeddable":true,"href":"https:\/\/skinstudio.ee\/lv\/wp-json\/wp\/v2\/product_tag?post=74592"},{"taxonomy":"giftcard-category","embeddable":true,"href":"https:\/\/skinstudio.ee\/lv\/wp-json\/wp\/v2\/giftcard-category?post=74592"}],"curies":[{"name":"wp","href":"https:\/\/api.w.org\/{rel}","templated":true}]}}