{"id":74608,"date":"2026-01-15T15:57:20","date_gmt":"2026-01-15T15:57:20","guid":{"rendered":"https:\/\/skinstudio.ee\/?post_type=product&#038;p=74608"},"modified":"2026-01-21T13:57:25","modified_gmt":"2026-01-21T13:57:25","slug":"resveraderm-antiox-liposomal-serum","status":"publish","type":"product","link":"https:\/\/skinstudio.ee\/lv\/catalog\/sesderma-lv\/resveraderm-antiox-liposomal-serum\/","title":{"rendered":"RESVERADERM Antiox Liposomal Serum"},"content":{"rendered":"<p data-start=\"191\" data-end=\"551\"><strong data-start=\"191\" data-end=\"241\">RESVERADERM Antiox Liposomal Serum no Sesderma<\/strong> ir augstas veiktsp\u0113jas antioksidantu serums, kas izstr\u0101d\u0101ts, lai aizsarg\u0101tu \u0101du no oksidat\u012bv\u0101 stresa un priek\u0161laic\u012bgas noveco\u0161an\u0101s. Formula ir v\u0113rsta uz \u0101das ener\u0123ijas potenci\u0101la saglab\u0101\u0161anu, t\u0101s notur\u012bbas palielin\u0101\u0161anu pret \u0101r\u0113jiem kait\u012bgiem faktoriem un vienm\u0113r\u012bg\u0101ka, svaig\u0101ka un kopt\u0101ka izskata uztur\u0113\u0161anu.<\/p>\n<p data-start=\"553\" data-end=\"834\">Serums iedarbojas \u0101das visp\u0101r\u0113j\u0101s \u201ckvalit\u0101tes\u201d l\u012bmen\u012b: tas pal\u012bdz uztur\u0113t \u0101das vitalit\u0101ti, uzlabo \u0101das virsmas izskatu un veicina elast\u012bbas saglab\u0101\u0161anu. Produkta koncepcija ir v\u0113rsta uz ikdienas antioksidantu atbalstu un \u0101das uztur\u0113\u0161anu stabil\u0101, l\u012bdzsvarot\u0101 un aizsarg\u0101t\u0101 st\u0101vokl\u012b.<\/p>\n<h3 data-start=\"836\" data-end=\"868\">Galveno sast\u0101vda\u013cu iedarb\u012bba<\/h3>\n<ul data-start=\"869\" data-end=\"1177\">\n<li data-start=\"869\" data-end=\"990\">\n<p data-start=\"871\" data-end=\"990\"><strong data-start=\"871\" data-end=\"888\">Resveratrols:<\/strong> nodro\u0161ina sp\u0113c\u012bgu antioksidantu aizsardz\u012bbu un pal\u012bdz pal\u0113nin\u0101t priek\u0161laic\u012bgas noveco\u0161an\u0101s procesus<\/p>\n<\/li>\n<li data-start=\"991\" data-end=\"1107\">\n<p data-start=\"993\" data-end=\"1107\"><strong data-start=\"993\" data-end=\"1008\">E vitam\u012bns:<\/strong> atbalsta \u0101das aizsardz\u012bbu pret br\u012bvajiem radik\u0101\u013ciem un palielina notur\u012bbu pret \u0101r\u0113jiem faktoriem<\/p>\n<\/li>\n<li data-start=\"1108\" data-end=\"1177\">\n<p data-start=\"1110\" data-end=\"1177\"><strong data-start=\"1110\" data-end=\"1132\">Pept\u012bdu komplekss:<\/strong> atbalsta \u0101das bl\u012bvumu un glud\u0101ku strukt\u016bru<\/p>\n<\/li>\n<\/ul>\n<p data-start=\"1179\" data-end=\"1370\">Serumu izmanto \u0101das kop\u0161an\u0101, ja nepiecie\u0161ams pastiprin\u0101t aizsardz\u012bbu pret vides stresa faktoriem, mazin\u0101t bl\u0101vu toni un noguruma paz\u012bmes, k\u0101 ar\u012b uztur\u0113t tvirt\u0101ku, svaig\u0101ku un kopt\u0101ku izskatu.<\/p>\n<p data-start=\"1372\" data-end=\"1390\"><strong data-start=\"1372\" data-end=\"1384\">Tilpums:<\/strong> 30 ml<\/p>\n","protected":false},"excerpt":{"rendered":"<p data-start=\"1481\" data-end=\"1501\">Antioksidantu serums<\/p>\n<h2 data-start=\"1503\" data-end=\"1561\"><strong data-start=\"1503\" data-end=\"1561\">\u012apa\u0161\u012bbas Sesderma &#8211; RESVERADERM Antiox Liposomal Serum<\/strong><\/h2>\n<p data-start=\"1563\" data-end=\"1827\">\u2714\ufe0f Nodro\u0161ina sp\u0113c\u012bgu antioksidantu aizsardz\u012bbu \u0101dai<br data-start=\"1614\" data-end=\"1617\" \/>\u2714\ufe0f Palielina \u0101das notur\u012bbu pret \u0101r\u0113jiem stresa faktoriem<br data-start=\"1673\" data-end=\"1676\" \/>\u2714\ufe0f Pal\u012bdz saglab\u0101t vienm\u0113r\u012bg\u0101ku un starojo\u0161\u0101ku \u0101das toni<br data-start=\"1732\" data-end=\"1735\" \/>\u2714\ufe0f Atbalsta \u0101das tvirtumu un elast\u012bbu<br data-start=\"1772\" data-end=\"1775\" \/>\u2714\ufe0f Uzlabo \u0101das kop\u0113jo kvalit\u0101ti un svaiguma saj\u016btu<\/p>\n","protected":false},"featured_media":74600,"template":"","meta":[],"pwb-brand":[1262],"product_brand":[],"product_cat":[749,723],"product_tag":[],"giftcard-category":[],"class_list":{"0":"post-74608","1":"product","2":"type-product","3":"status-publish","4":"has-post-thumbnail","6":"pwb-brand-sesderma-lv","7":"product_cat-novecojosa-ada","8":"product_cat-serumi","10":"first","11":"instock","12":"sale","13":"taxable","14":"shipping-taxable","15":"purchasable","16":"product-type-simple"},"acf":[],"brands":[{"id":1262,"name":"Sesderma","slug":"sesderma-lv"}],"_links":{"self":[{"href":"https:\/\/skinstudio.ee\/lv\/wp-json\/wp\/v2\/product\/74608","targetHints":{"allow":["GET"]}}],"collection":[{"href":"https:\/\/skinstudio.ee\/lv\/wp-json\/wp\/v2\/product"}],"about":[{"href":"https:\/\/skinstudio.ee\/lv\/wp-json\/wp\/v2\/types\/product"}],"version-history":[{"count":1,"href":"https:\/\/skinstudio.ee\/lv\/wp-json\/wp\/v2\/product\/74608\/revisions"}],"predecessor-version":[{"id":74609,"href":"https:\/\/skinstudio.ee\/lv\/wp-json\/wp\/v2\/product\/74608\/revisions\/74609"}],"wp:featuredmedia":[{"embeddable":true,"href":"https:\/\/skinstudio.ee\/lv\/wp-json\/wp\/v2\/media\/74600"}],"wp:attachment":[{"href":"https:\/\/skinstudio.ee\/lv\/wp-json\/wp\/v2\/media?parent=74608"}],"wp:term":[{"taxonomy":"pwb-brand","embeddable":true,"href":"https:\/\/skinstudio.ee\/lv\/wp-json\/wp\/v2\/pwb-brand?post=74608"},{"taxonomy":"product_brand","embeddable":true,"href":"https:\/\/skinstudio.ee\/lv\/wp-json\/wp\/v2\/product_brand?post=74608"},{"taxonomy":"product_cat","embeddable":true,"href":"https:\/\/skinstudio.ee\/lv\/wp-json\/wp\/v2\/product_cat?post=74608"},{"taxonomy":"product_tag","embeddable":true,"href":"https:\/\/skinstudio.ee\/lv\/wp-json\/wp\/v2\/product_tag?post=74608"},{"taxonomy":"giftcard-category","embeddable":true,"href":"https:\/\/skinstudio.ee\/lv\/wp-json\/wp\/v2\/giftcard-category?post=74608"}],"curies":[{"name":"wp","href":"https:\/\/api.w.org\/{rel}","templated":true}]}}