{"id":74625,"date":"2026-01-15T16:02:23","date_gmt":"2026-01-15T16:02:23","guid":{"rendered":"https:\/\/skinstudio.ee\/?post_type=product&#038;p=74625"},"modified":"2026-01-21T13:57:25","modified_gmt":"2026-01-21T13:57:25","slug":"resveraderm-antiox-nourishing-cream","status":"publish","type":"product","link":"https:\/\/skinstudio.ee\/lv\/catalog\/sesderma-lv\/resveraderm-antiox-nourishing-cream\/","title":{"rendered":"RESVERADERM Antiox Nourishing Cream"},"content":{"rendered":"<p data-start=\"195\" data-end=\"561\"><strong data-start=\"195\" data-end=\"246\">RESVERADERM Antiox Nourishing Cream no Sesderma<\/strong> ir intens\u012bvs barojo\u0161s kr\u0113ms ar izteiktu antioksidantu iedarb\u012bbu, kas izstr\u0101d\u0101ts, lai aizsarg\u0101tu \u0101du no oksidat\u012bv\u0101 stresa un atbalst\u012btu t\u0101s bl\u012bvumu, elast\u012bbu un koptu izskatu. Formula ir v\u0113rsta uz komforta atjauno\u0161anu, \u0101das aizsargmeh\u0101nismu stiprin\u0101\u0161anu un svaig\u0101ka, vienm\u0113r\u012bg\u0101ka un mirdzo\u0161\u0101ka \u0101das to\u0146a uztur\u0113\u0161anu.<\/p>\n<p data-start=\"563\" data-end=\"792\">Kr\u0113ms seko ikdienas antioksidantu kop\u0161anas koncepcijai: tas pal\u012bdz \u0101dai lab\u0101k pretoties \u0101r\u0113jiem agresoriem, samazina redzam\u0101s noguruma paz\u012bmes un atbalsta \u0101das kop\u0113jo kvalit\u0101ti, atst\u0101jot to vizu\u0101li toniz\u0113t\u0101ku, bl\u012bv\u0101ku un kopt\u0101ku.<\/p>\n<h3 data-start=\"794\" data-end=\"826\">Galveno sast\u0101vda\u013cu iedarb\u012bba<\/h3>\n<ul data-start=\"827\" data-end=\"1230\">\n<li data-start=\"827\" data-end=\"948\">\n<p data-start=\"829\" data-end=\"948\"><strong data-start=\"829\" data-end=\"846\">Resveratrols:<\/strong> nodro\u0161ina sp\u0113c\u012bgu antioksidantu aizsardz\u012bbu un pal\u012bdz pal\u0113nin\u0101t priek\u0161laic\u012bgas noveco\u0161an\u0101s procesus<\/p>\n<\/li>\n<li data-start=\"949\" data-end=\"1086\">\n<p data-start=\"951\" data-end=\"1086\"><strong data-start=\"951\" data-end=\"984\">Za\u013c\u0101s t\u0113jas ekstrakts (EGCG):<\/strong> atbalsta \u0101das aizsardz\u012bbu pret br\u012bvajiem radik\u0101\u013ciem un pal\u012bdz uztur\u0113t svaig\u0101ku un vienm\u0113r\u012bg\u0101ku toni<\/p>\n<\/li>\n<li data-start=\"1087\" data-end=\"1230\">\n<p data-start=\"1089\" data-end=\"1230\"><strong data-start=\"1089\" data-end=\"1129\">Idebenons un prie\u017eu mizas ekstrakts:<\/strong> pastiprina formulas antioksidantu potenci\u0101lu un atbalsta \u0101das notur\u012bbu pret vides stresa faktoriem<\/p>\n<\/li>\n<\/ul>\n<p data-start=\"1232\" data-end=\"1472\">Kr\u0113mu izmanto \u0101das kop\u0161an\u0101, ja ir j\u016btams sausums un diskomforts, samazin\u0101ts tvirtums un bl\u0101vs tonis, k\u0101 ar\u012b gad\u012bjumos, kad nepiecie\u0161ams pastiprin\u0101t aizsardz\u012bbu pret apk\u0101rt\u0113j\u0101s vides faktoriem un uztur\u0113t bl\u012bv\u0101ku, svaig\u0101ku un kopt\u0101ku izskatu.<\/p>\n<p data-start=\"1474\" data-end=\"1492\"><strong data-start=\"1474\" data-end=\"1486\">Tilpums:<\/strong> 50 ml<\/p>\n","protected":false},"excerpt":{"rendered":"<p data-start=\"1556\" data-end=\"1584\">Barojo\u0161s antioksidantu kr\u0113ms<\/p>\n<h2 data-start=\"1586\" data-end=\"1645\"><strong data-start=\"1586\" data-end=\"1645\">\u012apa\u0161\u012bbas Sesderma &#8211; RESVERADERM Antiox Nourishing Cream<\/strong><\/h2>\n<p data-start=\"1647\" data-end=\"1916\">\u2714\ufe0f Nodro\u0161ina intens\u012bvu antioksidantu aizsardz\u012bbu \u0101dai<br data-start=\"1700\" data-end=\"1703\" \/>\u2714\ufe0f Baro un uztur komforta saj\u016btu pat izteikta sausuma gad\u012bjum\u0101<br data-start=\"1765\" data-end=\"1768\" \/>\u2714\ufe0f Pal\u012bdz \u0101dai izskat\u012bties bl\u012bv\u0101kai un kopt\u0101kai<br data-start=\"1815\" data-end=\"1818\" \/>\u2714\ufe0f Atbalsta vienm\u0113r\u012bg\u0101ku un svaig\u0101ku \u0101das toni<br data-start=\"1864\" data-end=\"1867\" \/>\u2714\ufe0f Samazina redzam\u0101s noguruma un stresa paz\u012bmes<\/p>\n","protected":false},"featured_media":74616,"template":"","meta":[],"pwb-brand":[1262],"product_brand":[],"product_cat":[745,737,739],"product_tag":[],"giftcard-category":[],"class_list":{"0":"post-74625","1":"product","2":"type-product","3":"status-publish","4":"has-post-thumbnail","6":"pwb-brand-sesderma-lv","7":"product_cat-jutigai-adai","8":"product_cat-mitrinasana","9":"product_cat-sausai-adai","11":"first","12":"instock","13":"sale","14":"taxable","15":"shipping-taxable","16":"purchasable","17":"product-type-simple"},"acf":[],"brands":[{"id":1262,"name":"Sesderma","slug":"sesderma-lv"}],"_links":{"self":[{"href":"https:\/\/skinstudio.ee\/lv\/wp-json\/wp\/v2\/product\/74625","targetHints":{"allow":["GET"]}}],"collection":[{"href":"https:\/\/skinstudio.ee\/lv\/wp-json\/wp\/v2\/product"}],"about":[{"href":"https:\/\/skinstudio.ee\/lv\/wp-json\/wp\/v2\/types\/product"}],"version-history":[{"count":1,"href":"https:\/\/skinstudio.ee\/lv\/wp-json\/wp\/v2\/product\/74625\/revisions"}],"predecessor-version":[{"id":74626,"href":"https:\/\/skinstudio.ee\/lv\/wp-json\/wp\/v2\/product\/74625\/revisions\/74626"}],"wp:featuredmedia":[{"embeddable":true,"href":"https:\/\/skinstudio.ee\/lv\/wp-json\/wp\/v2\/media\/74616"}],"wp:attachment":[{"href":"https:\/\/skinstudio.ee\/lv\/wp-json\/wp\/v2\/media?parent=74625"}],"wp:term":[{"taxonomy":"pwb-brand","embeddable":true,"href":"https:\/\/skinstudio.ee\/lv\/wp-json\/wp\/v2\/pwb-brand?post=74625"},{"taxonomy":"product_brand","embeddable":true,"href":"https:\/\/skinstudio.ee\/lv\/wp-json\/wp\/v2\/product_brand?post=74625"},{"taxonomy":"product_cat","embeddable":true,"href":"https:\/\/skinstudio.ee\/lv\/wp-json\/wp\/v2\/product_cat?post=74625"},{"taxonomy":"product_tag","embeddable":true,"href":"https:\/\/skinstudio.ee\/lv\/wp-json\/wp\/v2\/product_tag?post=74625"},{"taxonomy":"giftcard-category","embeddable":true,"href":"https:\/\/skinstudio.ee\/lv\/wp-json\/wp\/v2\/giftcard-category?post=74625"}],"curies":[{"name":"wp","href":"https:\/\/api.w.org\/{rel}","templated":true}]}}