{"id":74640,"date":"2026-01-15T16:09:04","date_gmt":"2026-01-15T16:09:04","guid":{"rendered":"https:\/\/skinstudio.ee\/?post_type=product&#038;p=74640"},"modified":"2026-01-21T13:57:25","modified_gmt":"2026-01-21T13:57:25","slug":"resveraderm-gel-cream","status":"publish","type":"product","link":"https:\/\/skinstudio.ee\/lv\/catalog\/sesderma-lv\/resveraderm-gel-cream\/","title":{"rendered":"RESVERADERM Gel Cream"},"content":{"rendered":"<p data-start=\"176\" data-end=\"539\"><strong data-start=\"176\" data-end=\"213\">RESVERADERM Gel Cream no Sesderma<\/strong> ir augstas veiktsp\u0113jas pretnoveco\u0161an\u0101s kr\u0113ms, kas apvieno intens\u012bvu mitrin\u0101\u0161anu, antioksidantu aizsardz\u012bbu un atbalstu jaunekl\u012bgam \u0101das izskatam. Formula ir izstr\u0101d\u0101ta, lai stiprin\u0101tu \u0101das dabiskos aizsargmeh\u0101nismus, palielin\u0101tu t\u0101s notur\u012bbu pret \u0101r\u0113jiem kait\u012bgiem faktoriem un saglab\u0101tu bl\u012bv\u0101ku, svaig\u0101ku un kopt\u0101ku izskatu.<\/p>\n<p data-start=\"541\" data-end=\"865\">Kr\u0113ms seko ikdienas aizsardz\u012bbas pret oksidat\u012bvo stresu koncepcijai: tas pal\u012bdz \u0101dai izskat\u012bties toniz\u0113t\u0101kai, vienm\u0113r\u012bg\u0101kai un piepild\u012bt\u0101kai, atbalsta t\u0101s vitalit\u0101ti un kop\u0113jo \u0101das kvalit\u0101ti. Produkts ir paredz\u0113ts ar vecumu saist\u012bto izmai\u0146u profilaksei un korekcijai, k\u0101 ar\u012b \u0101das uztur\u0113\u0161anai stabil\u0101 un l\u012bdzsvarot\u0101 st\u0101vokl\u012b.<\/p>\n<p data-start=\"891\" data-end=\"919\"><strong data-start=\"891\" data-end=\"919\">P\u0113c 28 dienu lieto\u0161anas:<\/strong><\/p>\n<ul data-start=\"920\" data-end=\"1151\">\n<li data-start=\"920\" data-end=\"955\">\n<p data-start=\"922\" data-end=\"955\"><strong data-start=\"922\" data-end=\"953\">Grumbas samazin\u0101j\u0101s par 12%<\/strong><\/p>\n<\/li>\n<li data-start=\"956\" data-end=\"1000\">\n<p data-start=\"958\" data-end=\"1000\"><strong data-start=\"958\" data-end=\"998\">\u0100das vitalit\u0101te palielin\u0101j\u0101s par 74%<\/strong><\/p>\n<\/li>\n<li data-start=\"1001\" data-end=\"1055\">\n<p data-start=\"1003\" data-end=\"1055\"><strong data-start=\"1003\" data-end=\"1053\">\u0100das mitrin\u0101\u0161anas l\u012bmenis palielin\u0101j\u0101s par 84%<\/strong><\/p>\n<\/li>\n<li data-start=\"1056\" data-end=\"1109\">\n<p data-start=\"1058\" data-end=\"1109\"><strong data-start=\"1058\" data-end=\"1107\">\u0100das tvirtums un bl\u012bvums palielin\u0101j\u0101s par 84%<\/strong><\/p>\n<\/li>\n<li data-start=\"1110\" data-end=\"1151\">\n<p data-start=\"1112\" data-end=\"1151\"><strong data-start=\"1112\" data-end=\"1149\">\u0100da izskat\u0101s par 79% jaunekl\u012bg\u0101ka<\/strong><\/p>\n<\/li>\n<\/ul>\n<p data-start=\"1153\" data-end=\"1355\">Kr\u0113mu izmanto \u0101das kop\u0161an\u0101, ja nepiecie\u0161ams pastiprin\u0101t antioksidantu aizsardz\u012bbu, palielin\u0101t mitrin\u0101\u0161anu un tvirtumu, mazin\u0101t grumbu redzam\u012bbu un uztur\u0113t svaig\u0101ku, glud\u0101ku un jaunekl\u012bg\u0101ku \u0101das izskatu.<\/p>\n<p data-start=\"1357\" data-end=\"1375\"><strong data-start=\"1357\" data-end=\"1369\">Tilpums:<\/strong> 50 ml<\/p>\n","protected":false},"excerpt":{"rendered":"<p data-start=\"1439\" data-end=\"1465\">Pretnoveco\u0161an\u0101s \u017eelejkr\u0113ms<\/p>\n<h2 data-start=\"1467\" data-end=\"1512\"><strong data-start=\"1467\" data-end=\"1512\">\u012apa\u0161\u012bbas Sesderma &#8211; RESVERADERM Gel Cream<\/strong><\/h2>\n<p data-start=\"1514\" data-end=\"1759\">\u2714\ufe0f Nodro\u0161ina sp\u0113c\u012bgu antioksidantu aizsardz\u012bbu \u0101dai<br data-start=\"1565\" data-end=\"1568\" \/>\u2714\ufe0f Pal\u012bdz mazin\u0101t grumbu un smalko l\u012bniju redzam\u012bbu<br data-start=\"1619\" data-end=\"1622\" \/>\u2714\ufe0f Palielina \u0101das mitrin\u0101\u0161anu un tvirtumu<br data-start=\"1663\" data-end=\"1666\" \/>\u2714\ufe0f Atbalsta vienm\u0113r\u012bg\u0101ku un mirdzo\u0161\u0101ku \u0101das toni<br data-start=\"1714\" data-end=\"1717\" \/>\u2714\ufe0f Padara \u0101du vizu\u0101li bl\u012bv\u0101ku un kopt\u0101ku<\/p>\n","protected":false},"featured_media":74633,"template":"","meta":[],"pwb-brand":[1262],"product_brand":[],"product_cat":[737,749,751,739],"product_tag":[],"giftcard-category":[],"class_list":{"0":"post-74640","1":"product","2":"type-product","3":"status-publish","4":"has-post-thumbnail","6":"pwb-brand-sesderma-lv","7":"product_cat-mitrinasana","8":"product_cat-novecojosa-ada","9":"product_cat-pigmentacija-lv","10":"product_cat-sausai-adai","12":"first","13":"instock","14":"sale","15":"taxable","16":"shipping-taxable","17":"purchasable","18":"product-type-simple"},"acf":[],"brands":[{"id":1262,"name":"Sesderma","slug":"sesderma-lv"}],"_links":{"self":[{"href":"https:\/\/skinstudio.ee\/lv\/wp-json\/wp\/v2\/product\/74640","targetHints":{"allow":["GET"]}}],"collection":[{"href":"https:\/\/skinstudio.ee\/lv\/wp-json\/wp\/v2\/product"}],"about":[{"href":"https:\/\/skinstudio.ee\/lv\/wp-json\/wp\/v2\/types\/product"}],"version-history":[{"count":1,"href":"https:\/\/skinstudio.ee\/lv\/wp-json\/wp\/v2\/product\/74640\/revisions"}],"predecessor-version":[{"id":74641,"href":"https:\/\/skinstudio.ee\/lv\/wp-json\/wp\/v2\/product\/74640\/revisions\/74641"}],"wp:featuredmedia":[{"embeddable":true,"href":"https:\/\/skinstudio.ee\/lv\/wp-json\/wp\/v2\/media\/74633"}],"wp:attachment":[{"href":"https:\/\/skinstudio.ee\/lv\/wp-json\/wp\/v2\/media?parent=74640"}],"wp:term":[{"taxonomy":"pwb-brand","embeddable":true,"href":"https:\/\/skinstudio.ee\/lv\/wp-json\/wp\/v2\/pwb-brand?post=74640"},{"taxonomy":"product_brand","embeddable":true,"href":"https:\/\/skinstudio.ee\/lv\/wp-json\/wp\/v2\/product_brand?post=74640"},{"taxonomy":"product_cat","embeddable":true,"href":"https:\/\/skinstudio.ee\/lv\/wp-json\/wp\/v2\/product_cat?post=74640"},{"taxonomy":"product_tag","embeddable":true,"href":"https:\/\/skinstudio.ee\/lv\/wp-json\/wp\/v2\/product_tag?post=74640"},{"taxonomy":"giftcard-category","embeddable":true,"href":"https:\/\/skinstudio.ee\/lv\/wp-json\/wp\/v2\/giftcard-category?post=74640"}],"curies":[{"name":"wp","href":"https:\/\/api.w.org\/{rel}","templated":true}]}}