{"id":74655,"date":"2026-01-15T16:15:56","date_gmt":"2026-01-15T16:15:56","guid":{"rendered":"https:\/\/skinstudio.ee\/?post_type=product&#038;p=74655"},"modified":"2026-01-21T13:57:25","modified_gmt":"2026-01-21T13:57:25","slug":"retiage-anti-aging-cream","status":"publish","type":"product","link":"https:\/\/skinstudio.ee\/lv\/catalog\/sesderma-lv\/retiage-anti-aging-cream\/","title":{"rendered":"RETIAGE Anti-Aging Cream"},"content":{"rendered":"<p data-start=\"145\" data-end=\"516\"><strong data-start=\"145\" data-end=\"185\">RETIAGE Anti-Aging Cream no Sesderma<\/strong> ir augstas veiktsp\u0113jas pretnoveco\u0161an\u0101s kr\u0113ms, kas izstr\u0101d\u0101ts grumbu korekcijai, \u0101das bl\u012bvuma uzlabo\u0161anai un kop\u0113j\u0101s \u0101das kvalit\u0101tes pilnveido\u0161anai. Formula balst\u0101s uz unik\u0101lu tr\u012bsk\u0101r\u0161o retino\u012bdu sist\u0113mu ar pak\u0101penisku atbr\u012bvo\u0161anu, kas \u013cauj efekt\u012bvi iedarboties uz noveco\u0161an\u0101s paz\u012bm\u0113m, vienlaikus saglab\u0101jot maigu iedarb\u012bbu uz \u0101du.<\/p>\n<p data-start=\"518\" data-end=\"837\">Kr\u0113ms ir paredz\u0113ts visaptvero\u0161ai \u0101das atjauno\u0161anai: tas pal\u012bdz uzlabot \u0101das tekst\u016bru, atbalsta vienm\u0113r\u012bg\u0101ku toni, palielina tvirtumu un vizu\u0101lo bl\u012bvumu. Produkta koncepcija \u013cauj izmantot retino\u012bdus \u0101das kop\u0161an\u0101 \u0113rt\u0101k, bez p\u0101rm\u0113r\u012bgas slodzes uz \u0101du, padarot formulu piem\u0113rotu regul\u0101rai lieto\u0161anai pretnoveco\u0161an\u0101s rut\u012bn\u0101.<\/p>\n<h3 data-start=\"839\" data-end=\"871\">Galveno sast\u0101vda\u013cu iedarb\u012bba<\/h3>\n<ul data-start=\"872\" data-end=\"1192\">\n<li data-start=\"872\" data-end=\"1026\">\n<p data-start=\"874\" data-end=\"1026\"><strong data-start=\"874\" data-end=\"947\">Tr\u012bsk\u0101r\u0161\u0101 retino\u012bdu sist\u0113ma (retinols, retinalis, retinilpropion\u0101ts):<\/strong> nodro\u0161ina daudzl\u012bme\u0146u \u0101das atjauno\u0161anu un izteiktu pretnoveco\u0161an\u0101s korekciju<\/p>\n<\/li>\n<li data-start=\"1027\" data-end=\"1108\">\n<p data-start=\"1029\" data-end=\"1108\"><strong data-start=\"1029\" data-end=\"1051\">Pept\u012bdu komplekss:<\/strong> atbalsta \u0101das bl\u012bvumu un pal\u012bdz uzlabot \u0101das strukt\u016bru<\/p>\n<\/li>\n<li data-start=\"1109\" data-end=\"1192\">\n<p data-start=\"1111\" data-end=\"1192\"><strong data-start=\"1111\" data-end=\"1129\">Hialuronsk\u0101be:<\/strong> pal\u012bdz uztur\u0113t optim\u0101lu mitrin\u0101\u0161anas l\u012bmeni un \u0101das komfortu<\/p>\n<\/li>\n<\/ul>\n<p data-start=\"1194\" data-end=\"1440\">Kr\u0113mu izmanto \u0101das kop\u0161an\u0101, ja ir redzamas grumbas, samazin\u0101jies tvirtums, nevienm\u0113r\u012bgs tonis un mazin\u0101jies \u0101das bl\u012bvums, k\u0101 ar\u012b gad\u012bjumos, kad nepiecie\u0161ams aktiviz\u0113t \u0101das atjauno\u0161an\u0101s procesus un uztur\u0113t glud\u0101ku, kopt\u0101ku un viendab\u012bg\u0101ku izskatu.<\/p>\n<p data-start=\"1442\" data-end=\"1460\"><strong data-start=\"1442\" data-end=\"1454\">Tilpums:<\/strong> 50 ml<\/p>\n","protected":false},"excerpt":{"rendered":"<p data-start=\"1636\" data-end=\"1672\">Pretnoveco\u0161an\u0101s kr\u0113ms ar retino\u012bdiem<\/p>\n<h2 data-start=\"1674\" data-end=\"1722\"><strong data-start=\"1674\" data-end=\"1722\">\u012apa\u0161\u012bbas Sesderma &#8211; RETIAGE Anti-Aging Cream<\/strong><\/h2>\n<p data-start=\"1724\" data-end=\"1926\">\u2714\ufe0f Redzami samazina grumbu izskatu<br data-start=\"1758\" data-end=\"1761\" \/>\u2714\ufe0f Uzlabo \u0101das tvirtumu un bl\u012bvumu<br data-start=\"1795\" data-end=\"1798\" \/>\u2714\ufe0f Pal\u012bdz izl\u012bdzin\u0101t \u0101das toni un uzlabot tekst\u016bru<br data-start=\"1848\" data-end=\"1851\" \/>\u2714\ufe0f Atbalsta \u0101das atjauno\u0161an\u0101s procesus<br data-start=\"1889\" data-end=\"1892\" \/>\u2714\ufe0f Padara \u0101du glud\u0101ku un kopt\u0101ku<\/p>\n","protected":false},"featured_media":74648,"template":"","meta":[],"pwb-brand":[1262],"product_brand":[],"product_cat":[727,737,749],"product_tag":[],"giftcard-category":[],"class_list":{"0":"post-74655","1":"product","2":"type-product","3":"status-publish","4":"has-post-thumbnail","6":"pwb-brand-sesderma-lv","7":"product_cat-a-vitamins-retinols","8":"product_cat-mitrinasana","9":"product_cat-novecojosa-ada","11":"first","12":"instock","13":"sale","14":"taxable","15":"shipping-taxable","16":"purchasable","17":"product-type-simple"},"acf":[],"brands":[{"id":1262,"name":"Sesderma","slug":"sesderma-lv"}],"_links":{"self":[{"href":"https:\/\/skinstudio.ee\/lv\/wp-json\/wp\/v2\/product\/74655","targetHints":{"allow":["GET"]}}],"collection":[{"href":"https:\/\/skinstudio.ee\/lv\/wp-json\/wp\/v2\/product"}],"about":[{"href":"https:\/\/skinstudio.ee\/lv\/wp-json\/wp\/v2\/types\/product"}],"version-history":[{"count":1,"href":"https:\/\/skinstudio.ee\/lv\/wp-json\/wp\/v2\/product\/74655\/revisions"}],"predecessor-version":[{"id":74656,"href":"https:\/\/skinstudio.ee\/lv\/wp-json\/wp\/v2\/product\/74655\/revisions\/74656"}],"wp:featuredmedia":[{"embeddable":true,"href":"https:\/\/skinstudio.ee\/lv\/wp-json\/wp\/v2\/media\/74648"}],"wp:attachment":[{"href":"https:\/\/skinstudio.ee\/lv\/wp-json\/wp\/v2\/media?parent=74655"}],"wp:term":[{"taxonomy":"pwb-brand","embeddable":true,"href":"https:\/\/skinstudio.ee\/lv\/wp-json\/wp\/v2\/pwb-brand?post=74655"},{"taxonomy":"product_brand","embeddable":true,"href":"https:\/\/skinstudio.ee\/lv\/wp-json\/wp\/v2\/product_brand?post=74655"},{"taxonomy":"product_cat","embeddable":true,"href":"https:\/\/skinstudio.ee\/lv\/wp-json\/wp\/v2\/product_cat?post=74655"},{"taxonomy":"product_tag","embeddable":true,"href":"https:\/\/skinstudio.ee\/lv\/wp-json\/wp\/v2\/product_tag?post=74655"},{"taxonomy":"giftcard-category","embeddable":true,"href":"https:\/\/skinstudio.ee\/lv\/wp-json\/wp\/v2\/giftcard-category?post=74655"}],"curies":[{"name":"wp","href":"https:\/\/api.w.org\/{rel}","templated":true}]}}