{"id":74673,"date":"2026-01-16T08:32:11","date_gmt":"2026-01-16T08:32:11","guid":{"rendered":"https:\/\/skinstudio.ee\/?post_type=product&#038;p=74673"},"modified":"2026-01-21T13:57:25","modified_gmt":"2026-01-21T13:57:25","slug":"retiage-anti-aging-serum","status":"publish","type":"product","link":"https:\/\/skinstudio.ee\/lv\/catalog\/sesderma-lv\/retiage-anti-aging-serum\/","title":{"rendered":"RETIAGE Anti-Aging Serum"},"content":{"rendered":"<p data-start=\"147\" data-end=\"512\"><strong data-start=\"147\" data-end=\"187\">RETIAGE Anti-Aging Serum no Sesderma<\/strong> ir augstas veiktsp\u0113jas pretnoveco\u0161an\u0101s serums, kas izstr\u0101d\u0101ts visaptvero\u0161ai \u0101das atjauno\u0161anai, grumbu korekcijai un \u0101das bl\u012bvuma un kop\u0113j\u0101s kvalit\u0101tes uzlabo\u0161anai. Formula balst\u0101s uz unik\u0101lu tr\u012bsk\u0101r\u0161o retino\u012bdu sist\u0113mu ar pak\u0101penisku atbr\u012bvo\u0161anu, kas \u013cauj efekt\u012bvi atjaunot \u0101du, vienlaikus saglab\u0101jot maigu iedarb\u012bbu uz \u0101du.<\/p>\n<p data-start=\"514\" data-end=\"844\">Serums iedarbojas \u0101das visp\u0101r\u0113j\u0101s \u201ckvalit\u0101tes\u201d l\u012bmen\u012b: tas pal\u012bdz uzlabot \u0101das tekst\u016bru, atbalsta vienm\u0113r\u012bg\u0101ku toni un veicina tvirtuma un vizu\u0101l\u0101 bl\u012bvuma palielin\u0101\u0161anos. Produkta koncepcija \u013cauj integr\u0113t retino\u012bdus \u0101das kop\u0161an\u0101 bez p\u0101rm\u0113r\u012bgas slodzes uz \u0101du, padarot formulu piem\u0113rotu regul\u0101rai lieto\u0161anai pretnoveco\u0161an\u0101s rut\u012bn\u0101.<\/p>\n<h3 data-start=\"846\" data-end=\"878\">Galveno sast\u0101vda\u013cu iedarb\u012bba<\/h3>\n<ul data-start=\"879\" data-end=\"1247\">\n<li data-start=\"879\" data-end=\"1033\">\n<p data-start=\"881\" data-end=\"1033\"><strong data-start=\"881\" data-end=\"954\">Tr\u012bsk\u0101r\u0161\u0101 retino\u012bdu sist\u0113ma (retinols, retinalis, retinilpropion\u0101ts):<\/strong> nodro\u0161ina daudzl\u012bme\u0146u \u0101das atjauno\u0161anu un izteiktu pretnoveco\u0161an\u0101s korekciju<\/p>\n<\/li>\n<li data-start=\"1034\" data-end=\"1117\">\n<p data-start=\"1036\" data-end=\"1117\"><strong data-start=\"1036\" data-end=\"1054\">Hialuronsk\u0101be:<\/strong> pal\u012bdz uztur\u0113t optim\u0101lu mitrin\u0101\u0161anas l\u012bmeni un \u0101das komfortu<\/p>\n<\/li>\n<li data-start=\"1118\" data-end=\"1247\">\n<p data-start=\"1120\" data-end=\"1247\"><strong data-start=\"1120\" data-end=\"1152\">Resveratrols un ergotion\u012bns:<\/strong> nodro\u0161ina antioksidantu aizsardz\u012bbu un palielina \u0101das notur\u012bbu pret \u0101r\u0113jiem stresa faktoriem<\/p>\n<\/li>\n<\/ul>\n<p data-start=\"1249\" data-end=\"1499\">Serumu izmanto \u0101das kop\u0161an\u0101, ja ir redzamas grumbas, samazin\u0101jies tvirtums, nevienm\u0113r\u012bga tekst\u016bra un mazin\u0101jies \u0101das bl\u012bvums, k\u0101 ar\u012b gad\u012bjumos, kad nepiecie\u0161ams aktiviz\u0113t \u0101das atjauno\u0161an\u0101s procesus un uztur\u0113t glud\u0101ku, kopt\u0101ku un viendab\u012bg\u0101ku izskatu.<\/p>\n<p data-start=\"1501\" data-end=\"1519\"><strong data-start=\"1501\" data-end=\"1513\">Tilpums:<\/strong> 30 ml<\/p>\n","protected":false},"excerpt":{"rendered":"<p data-start=\"1683\" data-end=\"1720\">Pretnoveco\u0161an\u0101s serums ar retino\u012bdiem<\/p>\n<h2 data-start=\"1722\" data-end=\"1770\"><strong data-start=\"1722\" data-end=\"1770\">\u012apa\u0161\u012bbas Sesderma &#8211; RETIAGE Anti-Aging Serum<\/strong><\/h2>\n<p data-start=\"1772\" data-end=\"1965\">\u2714\ufe0f Redzami samazina grumbu izskatu<br data-start=\"1806\" data-end=\"1809\" \/>\u2714\ufe0f Uzlabo \u0101das tvirtumu un bl\u012bvumu<br data-start=\"1843\" data-end=\"1846\" \/>\u2714\ufe0f Uzlabo \u0101das tekst\u016bru un izl\u012bdzina toni<br data-start=\"1887\" data-end=\"1890\" \/>\u2714\ufe0f Atbalsta \u0101das atjauno\u0161an\u0101s procesus<br data-start=\"1928\" data-end=\"1931\" \/>\u2714\ufe0f Padara \u0101du glud\u0101ku un kopt\u0101ku<\/p>\n","protected":false},"featured_media":74666,"template":"","meta":[],"pwb-brand":[1262],"product_brand":[],"product_cat":[727,749,723],"product_tag":[],"giftcard-category":[],"class_list":{"0":"post-74673","1":"product","2":"type-product","3":"status-publish","4":"has-post-thumbnail","6":"pwb-brand-sesderma-lv","7":"product_cat-a-vitamins-retinols","8":"product_cat-novecojosa-ada","9":"product_cat-serumi","11":"first","12":"instock","13":"sale","14":"taxable","15":"shipping-taxable","16":"purchasable","17":"product-type-simple"},"acf":[],"brands":[{"id":1262,"name":"Sesderma","slug":"sesderma-lv"}],"_links":{"self":[{"href":"https:\/\/skinstudio.ee\/lv\/wp-json\/wp\/v2\/product\/74673","targetHints":{"allow":["GET"]}}],"collection":[{"href":"https:\/\/skinstudio.ee\/lv\/wp-json\/wp\/v2\/product"}],"about":[{"href":"https:\/\/skinstudio.ee\/lv\/wp-json\/wp\/v2\/types\/product"}],"version-history":[{"count":1,"href":"https:\/\/skinstudio.ee\/lv\/wp-json\/wp\/v2\/product\/74673\/revisions"}],"predecessor-version":[{"id":74674,"href":"https:\/\/skinstudio.ee\/lv\/wp-json\/wp\/v2\/product\/74673\/revisions\/74674"}],"wp:featuredmedia":[{"embeddable":true,"href":"https:\/\/skinstudio.ee\/lv\/wp-json\/wp\/v2\/media\/74666"}],"wp:attachment":[{"href":"https:\/\/skinstudio.ee\/lv\/wp-json\/wp\/v2\/media?parent=74673"}],"wp:term":[{"taxonomy":"pwb-brand","embeddable":true,"href":"https:\/\/skinstudio.ee\/lv\/wp-json\/wp\/v2\/pwb-brand?post=74673"},{"taxonomy":"product_brand","embeddable":true,"href":"https:\/\/skinstudio.ee\/lv\/wp-json\/wp\/v2\/product_brand?post=74673"},{"taxonomy":"product_cat","embeddable":true,"href":"https:\/\/skinstudio.ee\/lv\/wp-json\/wp\/v2\/product_cat?post=74673"},{"taxonomy":"product_tag","embeddable":true,"href":"https:\/\/skinstudio.ee\/lv\/wp-json\/wp\/v2\/product_tag?post=74673"},{"taxonomy":"giftcard-category","embeddable":true,"href":"https:\/\/skinstudio.ee\/lv\/wp-json\/wp\/v2\/giftcard-category?post=74673"}],"curies":[{"name":"wp","href":"https:\/\/api.w.org\/{rel}","templated":true}]}}