{"id":74689,"date":"2026-01-16T08:41:23","date_gmt":"2026-01-16T08:41:23","guid":{"rendered":"https:\/\/skinstudio.ee\/?post_type=product&#038;p=74689"},"modified":"2026-01-21T13:57:25","modified_gmt":"2026-01-21T13:57:25","slug":"retiage-eye-contour-ceramic","status":"publish","type":"product","link":"https:\/\/skinstudio.ee\/lv\/catalog\/sesderma-lv\/retiage-eye-contour-ceramic\/","title":{"rendered":"RETIAGE Eye Contour Ceramic"},"content":{"rendered":"<p data-start=\"182\" data-end=\"577\"><strong data-start=\"182\" data-end=\"225\">RETIAGE Eye Contour Ceramic no Sesderma<\/strong> ir augstas veiktsp\u0113jas pretnoveco\u0161an\u0101s kop\u0161anas l\u012bdzeklis acu kont\u016brai, kas izstr\u0101d\u0101ts grumbu korekcijai, \u0101das bl\u012bvuma uzlabo\u0161anai un \u0161\u012bs jut\u012bg\u0101s zonas kop\u0113j\u0101s kvalit\u0101tes pilnveido\u0161anai. Formula balst\u0101s uz ekskluz\u012bvu tr\u012bsk\u0101r\u0161o retino\u012bdu sist\u0113mu ar pak\u0101penisku atbr\u012bvo\u0161anu, kas \u013cauj efekt\u012bvi, bet vienlaikus saudz\u012bgi iedarboties uz noveco\u0161an\u0101s paz\u012bm\u0113m.<\/p>\n<p data-start=\"579\" data-end=\"785\">Produkts ir paredz\u0113ts acu kont\u016bras zonas visaptvero\u0161ai uzlabo\u0161anai: tas pal\u012bdz padar\u012bt \u0101du glud\u0101ku, tvirt\u0101ku un vizu\u0101li bl\u012bv\u0101ku, samazina noguruma paz\u012bmes un pie\u0161\u0137ir skatienam svaig\u0101ku un atp\u016btu\u0161os izskatu.<\/p>\n<h3 data-start=\"787\" data-end=\"819\">Galveno sast\u0101vda\u013cu iedarb\u012bba<\/h3>\n<ul data-start=\"820\" data-end=\"1162\">\n<li data-start=\"820\" data-end=\"978\">\n<p data-start=\"822\" data-end=\"978\"><strong data-start=\"822\" data-end=\"899\">Tr\u012bsk\u0101r\u0161\u0101 retino\u012bdu sist\u0113ma (retinols, retinalis, liposom\u0101lais retinils):<\/strong> nodro\u0161ina daudzl\u012bme\u0146u \u0101das atjauno\u0161anu un izteiktu pretnoveco\u0161an\u0101s korekciju<\/p>\n<\/li>\n<li data-start=\"979\" data-end=\"1078\">\n<p data-start=\"981\" data-end=\"1078\"><strong data-start=\"981\" data-end=\"1009\">Aug\u0161anas faktors TGF-\u03b22:<\/strong> atbalsta \u0101das atjauno\u0161anos un pal\u012bdz saglab\u0101t tvirtumu un elast\u012bbu<\/p>\n<\/li>\n<li data-start=\"1079\" data-end=\"1162\">\n<p data-start=\"1081\" data-end=\"1162\"><strong data-start=\"1081\" data-end=\"1099\">Hialuronsk\u0101be:<\/strong> pal\u012bdz uztur\u0113t optim\u0101lu mitrin\u0101\u0161anas l\u012bmeni un \u0101das komfortu<\/p>\n<\/li>\n<\/ul>\n<p data-start=\"1164\" data-end=\"1421\">Produktu izmanto acu kont\u016bras kop\u0161an\u0101, ja ir redzamas grumbas un smalkas l\u012bnijas, samazin\u0101ts tvirtums, noguruma paz\u012bmes, tum\u0161ie loki vai t\u016bska, k\u0101 ar\u012b gad\u012bjumos, kad nepiecie\u0161ams uzlabot \u0101das kop\u0113jo kvalit\u0101ti un atjaunot svaig\u0101ku, kopt\u0101ku acu zonas izskatu.<\/p>\n<p data-start=\"1423\" data-end=\"1441\"><strong data-start=\"1423\" data-end=\"1435\">Tilpums:<\/strong> 15 ml<\/p>\n","protected":false},"excerpt":{"rendered":"<p data-start=\"1608\" data-end=\"1642\">Pretnoveco\u0161an\u0101s kr\u0113ms acu kont\u016brai<\/p>\n<h2 data-start=\"1644\" data-end=\"1695\"><strong data-start=\"1644\" data-end=\"1695\">\u012apa\u0161\u012bbas Sesderma &#8211; RETIAGE Eye Contour Ceramic<\/strong><\/h2>\n<p data-start=\"1697\" data-end=\"1936\">\u2714\ufe0f Redzami samazina grumbu un smalko l\u012bniju izskatu ap ac\u012bm<br data-start=\"1756\" data-end=\"1759\" \/>\u2714\ufe0f Uzlabo \u0101das tvirtumu un bl\u012bvumu<br data-start=\"1793\" data-end=\"1796\" \/>\u2714\ufe0f Pal\u012bdz mazin\u0101t tum\u0161os lokus un noguruma paz\u012bmes<br data-start=\"1846\" data-end=\"1849\" \/>\u2714\ufe0f Padara \u0101du glud\u0101ku un kopt\u0101ku<br data-start=\"1881\" data-end=\"1884\" \/>\u2714\ufe0f Pie\u0161\u0137ir skatienam svaig\u0101ku un atp\u016btu\u0161os izskatu<\/p>\n","protected":false},"featured_media":74681,"template":"","meta":[],"pwb-brand":[1262],"product_brand":[],"product_cat":[727,733],"product_tag":[],"giftcard-category":[],"class_list":{"0":"post-74689","1":"product","2":"type-product","3":"status-publish","4":"has-post-thumbnail","6":"pwb-brand-sesderma-lv","7":"product_cat-a-vitamins-retinols","8":"product_cat-ada-ap-acim","10":"first","11":"instock","12":"sale","13":"taxable","14":"shipping-taxable","15":"purchasable","16":"product-type-simple"},"acf":[],"brands":[{"id":1262,"name":"Sesderma","slug":"sesderma-lv"}],"_links":{"self":[{"href":"https:\/\/skinstudio.ee\/lv\/wp-json\/wp\/v2\/product\/74689","targetHints":{"allow":["GET"]}}],"collection":[{"href":"https:\/\/skinstudio.ee\/lv\/wp-json\/wp\/v2\/product"}],"about":[{"href":"https:\/\/skinstudio.ee\/lv\/wp-json\/wp\/v2\/types\/product"}],"version-history":[{"count":1,"href":"https:\/\/skinstudio.ee\/lv\/wp-json\/wp\/v2\/product\/74689\/revisions"}],"predecessor-version":[{"id":74690,"href":"https:\/\/skinstudio.ee\/lv\/wp-json\/wp\/v2\/product\/74689\/revisions\/74690"}],"wp:featuredmedia":[{"embeddable":true,"href":"https:\/\/skinstudio.ee\/lv\/wp-json\/wp\/v2\/media\/74681"}],"wp:attachment":[{"href":"https:\/\/skinstudio.ee\/lv\/wp-json\/wp\/v2\/media?parent=74689"}],"wp:term":[{"taxonomy":"pwb-brand","embeddable":true,"href":"https:\/\/skinstudio.ee\/lv\/wp-json\/wp\/v2\/pwb-brand?post=74689"},{"taxonomy":"product_brand","embeddable":true,"href":"https:\/\/skinstudio.ee\/lv\/wp-json\/wp\/v2\/product_brand?post=74689"},{"taxonomy":"product_cat","embeddable":true,"href":"https:\/\/skinstudio.ee\/lv\/wp-json\/wp\/v2\/product_cat?post=74689"},{"taxonomy":"product_tag","embeddable":true,"href":"https:\/\/skinstudio.ee\/lv\/wp-json\/wp\/v2\/product_tag?post=74689"},{"taxonomy":"giftcard-category","embeddable":true,"href":"https:\/\/skinstudio.ee\/lv\/wp-json\/wp\/v2\/giftcard-category?post=74689"}],"curies":[{"name":"wp","href":"https:\/\/api.w.org\/{rel}","templated":true}]}}