{"id":74705,"date":"2026-01-16T08:48:14","date_gmt":"2026-01-16T08:48:14","guid":{"rendered":"https:\/\/skinstudio.ee\/?post_type=product&#038;p=74705"},"modified":"2026-01-21T13:57:25","modified_gmt":"2026-01-21T13:57:25","slug":"retises-antiwrinkle-cream-forte-05","status":"publish","type":"product","link":"https:\/\/skinstudio.ee\/lv\/catalog\/sesderma-lv\/retises-antiwrinkle-cream-forte-05\/","title":{"rendered":"RETISES Antiwrinkle Cream Forte 0,5"},"content":{"rendered":"<p data-start=\"177\" data-end=\"564\"><strong data-start=\"177\" data-end=\"224\">RETISES Antiwrinkle Cream Forte no Sesderma<\/strong> ir intens\u012bvs pretnoveco\u0161an\u0101s kr\u0113ms ar augstu retino\u012bdu un C vitam\u012bna koncentr\u0101ciju, kas izstr\u0101d\u0101ts dzi\u013cai \u0101das atjauno\u0161anai, grumbu korekcijai un kop\u0113j\u0101s \u0101das kvalit\u0101tes uzlabo\u0161anai. Formula ir v\u0113rsta uz akt\u012bvu \u0101das atjauno\u0161an\u0101s procesu stimul\u0113\u0161anu, \u0101das tekst\u016bras pilnveido\u0161anu un glud\u0101ka, svaig\u0101ka un vizu\u0101li bl\u012bv\u0101ka izskata atjauno\u0161anu.<\/p>\n<p data-start=\"566\" data-end=\"856\">Kr\u0113ms darbojas k\u0101 dzi\u013ci atjaunojo\u0161a kop\u0161ana: tas pal\u012bdz pa\u0101trin\u0101t \u0101das atjauno\u0161anos, redzami samazina grumbu izskatu, mazina sausuma paz\u012bmes un padara \u0101du glud\u0101ku un kopt\u0101ku. Produkta koncepcija paredz pak\u0101penisku ievie\u0161anu ikdienas kop\u0161an\u0101, \u013caujot \u0101dai \u0113rti piel\u0101goties akt\u012bvajai formulai.<\/p>\n<h3 data-start=\"858\" data-end=\"890\">Galveno komponentu iedarb\u012bba<\/h3>\n<ul data-start=\"891\" data-end=\"1241\">\n<li data-start=\"891\" data-end=\"1045\">\n<p data-start=\"893\" data-end=\"1045\"><strong data-start=\"893\" data-end=\"975\">Retino\u012bdu sist\u0113ma (retinols, retinilpropion\u0101ts, hidroksipinakolona retino\u0101ts):<\/strong> nodro\u0161ina daudzl\u012bme\u0146u \u0101das atjauno\u0161anu un izteiktu grumbu korekciju<\/p>\n<\/li>\n<li data-start=\"1046\" data-end=\"1154\">\n<p data-start=\"1048\" data-end=\"1154\"><strong data-start=\"1048\" data-end=\"1085\">C vitam\u012bns (askorbila glikoz\u012bds):<\/strong> pal\u012bdz uzlabot \u0101das toni un atbalsta svaig\u0101ku, starojo\u0161\u0101ku izskatu<\/p>\n<\/li>\n<li data-start=\"1155\" data-end=\"1241\">\n<p data-start=\"1157\" data-end=\"1241\"><strong data-start=\"1157\" data-end=\"1184\">Palmitoyl Tripeptide-1:<\/strong> atbalsta \u0101das bl\u012bvumu un pal\u012bdz uzlabot \u0101das strukt\u016bru<\/p>\n<\/li>\n<\/ul>\n<p data-start=\"1243\" data-end=\"1470\">Kr\u0113mu izmanto \u0101das kop\u0161an\u0101, ja ir izteiktas grumbas, nevienm\u0113r\u012bga tekst\u016bra, bl\u0101vs tonis un samazin\u0101ts \u0101das bl\u012bvums, k\u0101 ar\u012b gad\u012bjumos, kad nepiecie\u0161ams aktiviz\u0113t intens\u012bvus atjauno\u0161an\u0101s procesus un uzlabot kop\u0113jo \u0101das kvalit\u0101ti.<\/p>\n<p data-start=\"1472\" data-end=\"1490\"><strong data-start=\"1472\" data-end=\"1484\">Tilpums:<\/strong> 30 ml<\/p>\n","protected":false},"excerpt":{"rendered":"<p data-start=\"1783\" data-end=\"1829\">Intens\u012bvs pretnoveco\u0161an\u0101s kr\u0113ms ar retino\u012bdiem<\/p>\n<h2 data-start=\"1831\" data-end=\"1886\"><strong data-start=\"1831\" data-end=\"1886\">\u012apa\u0161\u012bbas Sesderma &#8211; RETISES Antiwrinkle Cream Forte<\/strong><\/h2>\n<p data-start=\"1888\" data-end=\"2109\">\u2714\ufe0f Intens\u012bvi stimul\u0113 \u0101das atjauno\u0161anos<br data-start=\"1926\" data-end=\"1929\" \/>\u2714\ufe0f Redzami samazina grumbu izskatu<br data-start=\"1963\" data-end=\"1966\" \/>\u2714\ufe0f Uzlabo \u0101das tekst\u016bru un bl\u012bvumu<br data-start=\"2000\" data-end=\"2003\" \/>\u2714\ufe0f Pal\u012bdz izl\u012bdzin\u0101t \u0101das toni un padar\u012bt \u0101du glud\u0101ku<br data-start=\"2056\" data-end=\"2059\" \/>\u2714\ufe0f Uzlabo kop\u0113jo \u0101das kvalit\u0101ti un koptu izskatu<\/p>\n","protected":false},"featured_media":74697,"template":"","meta":[],"pwb-brand":[1262],"product_brand":[],"product_cat":[727,737,749],"product_tag":[],"giftcard-category":[],"class_list":{"0":"post-74705","1":"product","2":"type-product","3":"status-publish","4":"has-post-thumbnail","6":"pwb-brand-sesderma-lv","7":"product_cat-a-vitamins-retinols","8":"product_cat-mitrinasana","9":"product_cat-novecojosa-ada","11":"first","12":"instock","13":"sale","14":"taxable","15":"shipping-taxable","16":"purchasable","17":"product-type-simple"},"acf":[],"brands":[{"id":1262,"name":"Sesderma","slug":"sesderma-lv"}],"_links":{"self":[{"href":"https:\/\/skinstudio.ee\/lv\/wp-json\/wp\/v2\/product\/74705","targetHints":{"allow":["GET"]}}],"collection":[{"href":"https:\/\/skinstudio.ee\/lv\/wp-json\/wp\/v2\/product"}],"about":[{"href":"https:\/\/skinstudio.ee\/lv\/wp-json\/wp\/v2\/types\/product"}],"version-history":[{"count":1,"href":"https:\/\/skinstudio.ee\/lv\/wp-json\/wp\/v2\/product\/74705\/revisions"}],"predecessor-version":[{"id":74706,"href":"https:\/\/skinstudio.ee\/lv\/wp-json\/wp\/v2\/product\/74705\/revisions\/74706"}],"wp:featuredmedia":[{"embeddable":true,"href":"https:\/\/skinstudio.ee\/lv\/wp-json\/wp\/v2\/media\/74697"}],"wp:attachment":[{"href":"https:\/\/skinstudio.ee\/lv\/wp-json\/wp\/v2\/media?parent=74705"}],"wp:term":[{"taxonomy":"pwb-brand","embeddable":true,"href":"https:\/\/skinstudio.ee\/lv\/wp-json\/wp\/v2\/pwb-brand?post=74705"},{"taxonomy":"product_brand","embeddable":true,"href":"https:\/\/skinstudio.ee\/lv\/wp-json\/wp\/v2\/product_brand?post=74705"},{"taxonomy":"product_cat","embeddable":true,"href":"https:\/\/skinstudio.ee\/lv\/wp-json\/wp\/v2\/product_cat?post=74705"},{"taxonomy":"product_tag","embeddable":true,"href":"https:\/\/skinstudio.ee\/lv\/wp-json\/wp\/v2\/product_tag?post=74705"},{"taxonomy":"giftcard-category","embeddable":true,"href":"https:\/\/skinstudio.ee\/lv\/wp-json\/wp\/v2\/giftcard-category?post=74705"}],"curies":[{"name":"wp","href":"https:\/\/api.w.org\/{rel}","templated":true}]}}