{"id":74721,"date":"2026-01-16T09:12:16","date_gmt":"2026-01-16T09:12:16","guid":{"rendered":"https:\/\/skinstudio.ee\/?post_type=product&#038;p=74721"},"modified":"2026-01-21T13:57:25","modified_gmt":"2026-01-21T13:57:25","slug":"retisil-pro-ageing-oil","status":"publish","type":"product","link":"https:\/\/skinstudio.ee\/lv\/catalog\/sesderma-lv\/retisil-pro-ageing-oil\/","title":{"rendered":"RETISIL Pro Ageing Oil"},"content":{"rendered":"<p data-start=\"111\" data-end=\"467\"><strong data-start=\"111\" data-end=\"149\">RETISIL Pro Ageing Oil no Sesderma<\/strong> ir intens\u012bva pro-age sejas e\u013c\u013ca, kas izstr\u0101d\u0101ta \u0101das nostiprin\u0101\u0161anai, t\u0101s bl\u012bvuma uzlabo\u0161anai un redzamai grumbu izskata mazin\u0101\u0161anai. Formula ir v\u0113rsta uz visaptvero\u0161u \u0101das kvalit\u0101tes uzlabo\u0161anu: t\u0101 pal\u012bdz padar\u012bt \u0101du glud\u0101ku, tvirt\u0101ku un vizu\u0101li jaunekl\u012bg\u0101ku, vienlaikus uzlabojot kop\u0113jo \u0101das toni un mitruma l\u012bmeni.<\/p>\n<p data-start=\"469\" data-end=\"685\">Produkts darbojas k\u0101 stiprino\u0161a un atjaunojo\u0161a kop\u0161ana, kas atbalsta \u0101du ar vecumu saist\u012btu izmai\u0146u laik\u0101, pal\u012bdz atjaunot kopt\u0101ku, vienm\u0113r\u012bg\u0101ku un starojo\u0161\u0101ku izskatu, k\u0101 ar\u012b padara \u0101das tekst\u016bru maig\u0101ku un glud\u0101ku.<\/p>\n<p data-start=\"711\" data-end=\"758\"><strong data-start=\"711\" data-end=\"758\">P\u0113c 28 dienu lieto\u0161anas lietot\u0101ji atz\u012bm\u0113ja:<\/strong><\/p>\n<ul data-start=\"759\" data-end=\"1040\">\n<li data-start=\"759\" data-end=\"803\">\n<p data-start=\"761\" data-end=\"803\"><strong data-start=\"761\" data-end=\"768\">90%<\/strong> \u2014 \u0101da k\u013cuva tvirt\u0101ka un stipr\u0101ka<\/p>\n<\/li>\n<li data-start=\"804\" data-end=\"841\">\n<p data-start=\"806\" data-end=\"841\"><strong data-start=\"806\" data-end=\"813\">97%<\/strong> \u2014 uzlaboj\u0101s \u0101das elast\u012bba<\/p>\n<\/li>\n<li data-start=\"842\" data-end=\"882\">\n<p data-start=\"844\" data-end=\"882\"><strong data-start=\"844\" data-end=\"851\">82%<\/strong> \u2014 samazin\u0101j\u0101s grumbu dzi\u013cums<\/p>\n<\/li>\n<li data-start=\"883\" data-end=\"920\">\n<p data-start=\"885\" data-end=\"920\"><strong data-start=\"885\" data-end=\"892\">92%<\/strong> \u2014 \u0101da izskat\u012bj\u0101s svaig\u0101ka<\/p>\n<\/li>\n<li data-start=\"921\" data-end=\"969\">\n<p data-start=\"923\" data-end=\"969\"><strong data-start=\"923\" data-end=\"931\">100%<\/strong> \u2014 palielin\u0101j\u0101s \u0101das mitruma l\u012bmenis<\/p>\n<\/li>\n<li data-start=\"970\" data-end=\"1040\">\n<p data-start=\"972\" data-end=\"1040\"><strong data-start=\"972\" data-end=\"980\">100%<\/strong> lietot\u0101ju produktu labi panesa un ieteiktu RETISIL l\u012bniju<\/p>\n<\/li>\n<\/ul>\n<p data-start=\"1042\" data-end=\"1158\">* Subjekt\u012bvs nov\u0113rt\u0113jums, piedaloties 38 sieviet\u0113m un v\u012brie\u0161iem, kuri lietoja RETISIL produktus divas reizes dien\u0101.<\/p>\n<p data-start=\"1160\" data-end=\"1361\">Produktu lieto, ja ir samazin\u0101ts \u0101das tvirtums, redzamas grumbas, bl\u0101vs tonis un dehidrat\u0101cija, k\u0101 ar\u012b gad\u012bjumos, kad nepiecie\u0161ams uzlabot kop\u0113jo \u0101das kvalit\u0101ti un atjaunot kopt\u0101ku un svaig\u0101ku izskatu.<\/p>\n<p data-start=\"1363\" data-end=\"1381\"><strong data-start=\"1363\" data-end=\"1375\">Tilpums:<\/strong> 30 ml<\/p>\n","protected":false},"excerpt":{"rendered":"<p data-start=\"1492\" data-end=\"1520\">Intens\u012bva pro-age sejas e\u013c\u013ca<\/p>\n<h2 data-start=\"1522\" data-end=\"1568\"><strong data-start=\"1522\" data-end=\"1568\">\u012apa\u0161\u012bbas Sesderma &#8211; RETISIL Pro Ageing Oil<\/strong><\/h2>\n<p data-start=\"1570\" data-end=\"1787\">\u2714\ufe0f Nostiprina un uzlabo \u0101das bl\u012bvumu<br data-start=\"1606\" data-end=\"1609\" \/>\u2714\ufe0f Redzami samazina grumbu izskatu<br data-start=\"1643\" data-end=\"1646\" \/>\u2714\ufe0f Uzlabo \u0101das tvirtumu un elast\u012bbu<br data-start=\"1681\" data-end=\"1684\" \/>\u2714\ufe0f Pal\u012bdz izl\u012bdzin\u0101t \u0101das toni un uzlabot kop\u0113jo izskatu<br data-start=\"1740\" data-end=\"1743\" \/>\u2714\ufe0f Intens\u012bvi mitrina un padara \u0101du glud\u0101ku<\/p>\n","protected":false},"featured_media":74713,"template":"","meta":[],"pwb-brand":[1262],"product_brand":[],"product_cat":[727,737,749],"product_tag":[],"giftcard-category":[],"class_list":{"0":"post-74721","1":"product","2":"type-product","3":"status-publish","4":"has-post-thumbnail","6":"pwb-brand-sesderma-lv","7":"product_cat-a-vitamins-retinols","8":"product_cat-mitrinasana","9":"product_cat-novecojosa-ada","11":"first","12":"instock","13":"taxable","14":"shipping-taxable","15":"purchasable","16":"product-type-simple"},"acf":[],"brands":[{"id":1262,"name":"Sesderma","slug":"sesderma-lv"}],"_links":{"self":[{"href":"https:\/\/skinstudio.ee\/lv\/wp-json\/wp\/v2\/product\/74721","targetHints":{"allow":["GET"]}}],"collection":[{"href":"https:\/\/skinstudio.ee\/lv\/wp-json\/wp\/v2\/product"}],"about":[{"href":"https:\/\/skinstudio.ee\/lv\/wp-json\/wp\/v2\/types\/product"}],"version-history":[{"count":1,"href":"https:\/\/skinstudio.ee\/lv\/wp-json\/wp\/v2\/product\/74721\/revisions"}],"predecessor-version":[{"id":74722,"href":"https:\/\/skinstudio.ee\/lv\/wp-json\/wp\/v2\/product\/74721\/revisions\/74722"}],"wp:featuredmedia":[{"embeddable":true,"href":"https:\/\/skinstudio.ee\/lv\/wp-json\/wp\/v2\/media\/74713"}],"wp:attachment":[{"href":"https:\/\/skinstudio.ee\/lv\/wp-json\/wp\/v2\/media?parent=74721"}],"wp:term":[{"taxonomy":"pwb-brand","embeddable":true,"href":"https:\/\/skinstudio.ee\/lv\/wp-json\/wp\/v2\/pwb-brand?post=74721"},{"taxonomy":"product_brand","embeddable":true,"href":"https:\/\/skinstudio.ee\/lv\/wp-json\/wp\/v2\/product_brand?post=74721"},{"taxonomy":"product_cat","embeddable":true,"href":"https:\/\/skinstudio.ee\/lv\/wp-json\/wp\/v2\/product_cat?post=74721"},{"taxonomy":"product_tag","embeddable":true,"href":"https:\/\/skinstudio.ee\/lv\/wp-json\/wp\/v2\/product_tag?post=74721"},{"taxonomy":"giftcard-category","embeddable":true,"href":"https:\/\/skinstudio.ee\/lv\/wp-json\/wp\/v2\/giftcard-category?post=74721"}],"curies":[{"name":"wp","href":"https:\/\/api.w.org\/{rel}","templated":true}]}}