{"id":74737,"date":"2026-01-16T09:22:53","date_gmt":"2026-01-16T09:22:53","guid":{"rendered":"https:\/\/skinstudio.ee\/?post_type=product&#038;p=74737"},"modified":"2026-01-21T13:57:25","modified_gmt":"2026-01-21T13:57:25","slug":"retisil-pro-aging-cream","status":"publish","type":"product","link":"https:\/\/skinstudio.ee\/lv\/catalog\/sesderma-lv\/retisil-pro-aging-cream\/","title":{"rendered":"RETISIL Pro Aging Cream"},"content":{"rendered":"<p data-start=\"150\" data-end=\"528\"><strong data-start=\"150\" data-end=\"189\">RETISIL Pro Aging Cream no Sesderma<\/strong> ir intens\u012bvs pro-age sejas kr\u0113ms, kas izstr\u0101d\u0101ts \u0101das nostiprin\u0101\u0161anai, t\u0101s bl\u012bvuma uzlabo\u0161anai un redzamai grumbu izskata mazin\u0101\u0161anai. Formula ir v\u0113rsta uz visaptvero\u0161u \u0101das kvalit\u0101tes uzlabo\u0161anu: t\u0101 pal\u012bdz padar\u012bt \u0101du glud\u0101ku, tvirt\u0101ku un kopt\u0101ku, uzlabo kop\u0113jo \u0101das toni un mitruma l\u012bmeni, k\u0101 ar\u012b atjauno starojo\u0161\u0101ku un kopt\u0101ku izskatu.<\/p>\n<p data-start=\"530\" data-end=\"692\">Kr\u0113ms darbojas k\u0101 stiprino\u0161a un atjaunojo\u0161a kop\u0161ana, kas atbalsta \u0101du ar vecumu saist\u012btu izmai\u0146u laik\u0101, pal\u012bdzot uzlabot \u0101das tekst\u016bru, bl\u012bvumu un kop\u0113jo izskatu.<\/p>\n<p data-start=\"718\" data-end=\"765\"><strong data-start=\"718\" data-end=\"765\">P\u0113c 28 dienu lieto\u0161anas lietot\u0101ji atz\u012bm\u0113ja:<\/strong><\/p>\n<ul data-start=\"766\" data-end=\"1051\">\n<li data-start=\"766\" data-end=\"804\">\n<p data-start=\"768\" data-end=\"804\"><strong data-start=\"768\" data-end=\"775\">90%<\/strong> \u2014 uzlaboj\u0101s \u0101das stingr\u012bba<\/p>\n<\/li>\n<li data-start=\"805\" data-end=\"842\">\n<p data-start=\"807\" data-end=\"842\"><strong data-start=\"807\" data-end=\"814\">97%<\/strong> \u2014 uzlaboj\u0101s \u0101das elast\u012bba<\/p>\n<\/li>\n<li data-start=\"843\" data-end=\"883\">\n<p data-start=\"845\" data-end=\"883\"><strong data-start=\"845\" data-end=\"852\">82%<\/strong> \u2014 samazin\u0101j\u0101s grumbu dzi\u013cums<\/p>\n<\/li>\n<li data-start=\"884\" data-end=\"932\">\n<p data-start=\"886\" data-end=\"932\"><strong data-start=\"886\" data-end=\"893\">92%<\/strong> \u2014 \u0101da izskat\u012bj\u0101s gai\u0161\u0101ka un svaig\u0101ka<\/p>\n<\/li>\n<li data-start=\"933\" data-end=\"981\">\n<p data-start=\"935\" data-end=\"981\"><strong data-start=\"935\" data-end=\"943\">100%<\/strong> \u2014 palielin\u0101j\u0101s \u0101das mitruma l\u012bmenis<\/p>\n<\/li>\n<li data-start=\"982\" data-end=\"1051\">\n<p data-start=\"984\" data-end=\"1051\"><strong data-start=\"984\" data-end=\"992\">100%<\/strong> lietot\u0101ju produktu labi panesa un ieteiktu RETISIL kr\u0113mu<\/p>\n<\/li>\n<\/ul>\n<p data-start=\"1053\" data-end=\"1175\">* Subjekt\u012bvs nov\u0113rt\u0113jums, piedaloties 38 sieviet\u0113m un v\u012brie\u0161iem, kuri lietoja RETISIL Pro Aging Cream divas reizes dien\u0101.<\/p>\n<p data-start=\"1177\" data-end=\"1378\">Produktu lieto, ja ir samazin\u0101ts \u0101das tvirtums, redzamas grumbas, bl\u0101vs tonis un dehidrat\u0101cija, k\u0101 ar\u012b gad\u012bjumos, kad nepiecie\u0161ams uzlabot kop\u0113jo \u0101das kvalit\u0101ti un atjaunot kopt\u0101ku un svaig\u0101ku izskatu.<\/p>\n<p data-start=\"1380\" data-end=\"1398\"><strong data-start=\"1380\" data-end=\"1392\">Tilpums:<\/strong> 50 ml<\/p>\n","protected":false},"excerpt":{"rendered":"<p data-start=\"1510\" data-end=\"1539\">Intens\u012bvs pro-age sejas kr\u0113ms<\/p>\n<h2 data-start=\"1541\" data-end=\"1588\"><strong data-start=\"1541\" data-end=\"1588\">\u012apa\u0161\u012bbas Sesderma &#8211; RETISIL Pro Aging Cream<\/strong><\/h2>\n<p data-start=\"1590\" data-end=\"1799\">\u2714\ufe0f Izl\u012bdzina \u0101das toni un uzlabo kop\u0113jo izskatu<br data-start=\"1637\" data-end=\"1640\" \/>\u2714\ufe0f Redzami samazina grumbu izskatu<br data-start=\"1674\" data-end=\"1677\" \/>\u2714\ufe0f Uzlabo \u0101das tvirtumu un bl\u012bvumu<br data-start=\"1711\" data-end=\"1714\" \/>\u2714\ufe0f Uzlabo \u0101das tekst\u016bru un gludumu<br data-start=\"1748\" data-end=\"1751\" \/>\u2714\ufe0f Pal\u012bdz uztur\u0113t optim\u0101lu \u0101das mitruma l\u012bmeni<\/p>\n","protected":false},"featured_media":74729,"template":"","meta":[],"pwb-brand":[1262],"product_brand":[],"product_cat":[727,737,749],"product_tag":[],"giftcard-category":[],"class_list":{"0":"post-74737","1":"product","2":"type-product","3":"status-publish","4":"has-post-thumbnail","6":"pwb-brand-sesderma-lv","7":"product_cat-a-vitamins-retinols","8":"product_cat-mitrinasana","9":"product_cat-novecojosa-ada","11":"first","12":"instock","13":"sale","14":"taxable","15":"shipping-taxable","16":"purchasable","17":"product-type-simple"},"acf":[],"brands":[{"id":1262,"name":"Sesderma","slug":"sesderma-lv"}],"_links":{"self":[{"href":"https:\/\/skinstudio.ee\/lv\/wp-json\/wp\/v2\/product\/74737","targetHints":{"allow":["GET"]}}],"collection":[{"href":"https:\/\/skinstudio.ee\/lv\/wp-json\/wp\/v2\/product"}],"about":[{"href":"https:\/\/skinstudio.ee\/lv\/wp-json\/wp\/v2\/types\/product"}],"version-history":[{"count":1,"href":"https:\/\/skinstudio.ee\/lv\/wp-json\/wp\/v2\/product\/74737\/revisions"}],"predecessor-version":[{"id":74738,"href":"https:\/\/skinstudio.ee\/lv\/wp-json\/wp\/v2\/product\/74737\/revisions\/74738"}],"wp:featuredmedia":[{"embeddable":true,"href":"https:\/\/skinstudio.ee\/lv\/wp-json\/wp\/v2\/media\/74729"}],"wp:attachment":[{"href":"https:\/\/skinstudio.ee\/lv\/wp-json\/wp\/v2\/media?parent=74737"}],"wp:term":[{"taxonomy":"pwb-brand","embeddable":true,"href":"https:\/\/skinstudio.ee\/lv\/wp-json\/wp\/v2\/pwb-brand?post=74737"},{"taxonomy":"product_brand","embeddable":true,"href":"https:\/\/skinstudio.ee\/lv\/wp-json\/wp\/v2\/product_brand?post=74737"},{"taxonomy":"product_cat","embeddable":true,"href":"https:\/\/skinstudio.ee\/lv\/wp-json\/wp\/v2\/product_cat?post=74737"},{"taxonomy":"product_tag","embeddable":true,"href":"https:\/\/skinstudio.ee\/lv\/wp-json\/wp\/v2\/product_tag?post=74737"},{"taxonomy":"giftcard-category","embeddable":true,"href":"https:\/\/skinstudio.ee\/lv\/wp-json\/wp\/v2\/giftcard-category?post=74737"}],"curies":[{"name":"wp","href":"https:\/\/api.w.org\/{rel}","templated":true}]}}