{"id":74752,"date":"2026-01-16T09:31:50","date_gmt":"2026-01-16T09:31:50","guid":{"rendered":"https:\/\/skinstudio.ee\/?post_type=product&#038;p=74752"},"modified":"2026-01-21T13:57:25","modified_gmt":"2026-01-21T13:57:25","slug":"retisil-pro-aging-eye-and-lip-contour","status":"publish","type":"product","link":"https:\/\/skinstudio.ee\/lv\/catalog\/sesderma-lv\/retisil-pro-aging-eye-and-lip-contour\/","title":{"rendered":"RETISIL Pro Aging Eye and Lip Contour"},"content":{"rendered":"<p data-start=\"143\" data-end=\"478\"><strong data-start=\"143\" data-end=\"196\">RETISIL Pro Aging Eye and Lip Contour no Sesderma<\/strong> ir intens\u012bvs pro-age kr\u0113ms acu un l\u016bpu kont\u016brai, kas izstr\u0101d\u0101ts, lai mazin\u0101tu grumbu redzam\u012bbu, uzlabotu \u0101das tvirtumu un kori\u0123\u0113tu noguruma paz\u012bmes. Formula ir v\u0113rsta uz visaptvero\u0161u \u0101das kvalit\u0101tes uzlabo\u0161anu visjut\u012bg\u0101kaj\u0101s sejas zon\u0101s, kur noveco\u0161an\u0101s paz\u012bmes par\u0101d\u0101s \u012bpa\u0161i agri.<\/p>\n<p data-start=\"480\" data-end=\"638\">Produkts pal\u012bdz uzlabot \u0101das izskatu ap ac\u012bm un l\u016bp\u0101m, padarot to glud\u0101ku, lab\u0101k mitrin\u0101tu un kopt\u0101ku, k\u0101 ar\u012b pal\u012bdz mazin\u0101t tum\u0161os lokus un noguruma paz\u012bmes.<\/p>\n<p data-start=\"640\" data-end=\"687\"><strong data-start=\"640\" data-end=\"687\">P\u0113c 28 dienu lieto\u0161anas lietot\u0101ji atz\u012bm\u0113ja:<\/strong><\/p>\n<ul data-start=\"689\" data-end=\"1018\">\n<li data-start=\"689\" data-end=\"748\">\n<p data-start=\"691\" data-end=\"748\"><strong data-start=\"691\" data-end=\"698\">78%<\/strong> \u2014 uzlaboj\u0101s \u201cv\u0101rnu k\u0101ji\u0146u\u201d izskats acu kakti\u0146os<\/p>\n<\/li>\n<li data-start=\"749\" data-end=\"791\">\n<p data-start=\"751\" data-end=\"791\"><strong data-start=\"751\" data-end=\"758\">76%<\/strong> \u2014 uzlaboj\u0101s tum\u0161o loku izskats<\/p>\n<\/li>\n<li data-start=\"792\" data-end=\"832\">\n<p data-start=\"794\" data-end=\"832\"><strong data-start=\"794\" data-end=\"801\">74%<\/strong> \u2014 mazin\u0101j\u0101s noguruma paz\u012bmes<\/p>\n<\/li>\n<li data-start=\"833\" data-end=\"881\">\n<p data-start=\"835\" data-end=\"881\"><strong data-start=\"835\" data-end=\"842\">71%<\/strong> \u2014 samazin\u0101j\u0101s grumbu izskats ap ac\u012bm<\/p>\n<\/li>\n<li data-start=\"882\" data-end=\"934\">\n<p data-start=\"884\" data-end=\"934\"><strong data-start=\"884\" data-end=\"891\">95%<\/strong> \u2014 palielin\u0101j\u0101s \u0101das mitrin\u0101\u0161ana acu zon\u0101<\/p>\n<\/li>\n<li data-start=\"935\" data-end=\"1018\">\n<p data-start=\"937\" data-end=\"1018\"><strong data-start=\"937\" data-end=\"945\">100%<\/strong> lietot\u0101ju produktu labi panesa un ieteiktu RETISIL Eye and Lip Contour<\/p>\n<\/li>\n<\/ul>\n<p data-start=\"1020\" data-end=\"1140\">* Subjekt\u012bvs 38 sievie\u0161u un v\u012brie\u0161u nov\u0113rt\u0113jums, kuri lietoja RETISIL Pro Aging Eye and Lip Contour divas reizes dien\u0101.<\/p>\n<p data-start=\"1142\" data-end=\"1353\">Produktu lieto acu un l\u016bpu kont\u016bras kop\u0161an\u0101, ja ir redzamas grumbas, m\u012bmikas l\u012bnijas, tum\u0161ie loki, noguruma paz\u012bmes un dehidrat\u0101cija, k\u0101 ar\u012b gad\u012bjumos, kad nepiecie\u0161ams uzlabot \u0101das kop\u0113jo kvalit\u0101ti \u0161aj\u0101s zon\u0101s.<\/p>\n<p data-start=\"1355\" data-end=\"1373\"><strong data-start=\"1355\" data-end=\"1367\">Tilpums:<\/strong> 30 ml<\/p>\n","protected":false},"excerpt":{"rendered":"<p data-start=\"1511\" data-end=\"1555\">Intens\u012bvs pro-age kr\u0113ms acu un l\u016bpu kont\u016brai<\/p>\n<h2 data-start=\"1557\" data-end=\"1618\"><strong data-start=\"1557\" data-end=\"1618\">\u012apa\u0161\u012bbas Sesderma &#8211; RETISIL Pro Aging Eye and Lip Contour<\/strong><\/h2>\n<p data-start=\"1620\" data-end=\"1803\">\u2714\ufe0f Redzami samazina grumbu un m\u012bmikas l\u012bniju izskatu<br data-start=\"1672\" data-end=\"1675\" \/>\u2714\ufe0f Uzlabo tum\u0161o loku izskatu<br data-start=\"1703\" data-end=\"1706\" \/>\u2714\ufe0f Uzlabo \u0101das tvirtumu<br data-start=\"1729\" data-end=\"1732\" \/>\u2714\ufe0f Intens\u012bvi mitrina jut\u012bg\u0101s zonas<br data-start=\"1766\" data-end=\"1769\" \/>\u2714\ufe0f Padara \u0101du glud\u0101ku un kopt\u0101ku<\/p>\n","protected":false},"featured_media":74745,"template":"","meta":[],"pwb-brand":[1262],"product_brand":[],"product_cat":[727,737,749],"product_tag":[],"giftcard-category":[],"class_list":{"0":"post-74752","1":"product","2":"type-product","3":"status-publish","4":"has-post-thumbnail","6":"pwb-brand-sesderma-lv","7":"product_cat-a-vitamins-retinols","8":"product_cat-mitrinasana","9":"product_cat-novecojosa-ada","11":"first","12":"instock","13":"sale","14":"taxable","15":"shipping-taxable","16":"purchasable","17":"product-type-simple"},"acf":[],"brands":[{"id":1262,"name":"Sesderma","slug":"sesderma-lv"}],"_links":{"self":[{"href":"https:\/\/skinstudio.ee\/lv\/wp-json\/wp\/v2\/product\/74752","targetHints":{"allow":["GET"]}}],"collection":[{"href":"https:\/\/skinstudio.ee\/lv\/wp-json\/wp\/v2\/product"}],"about":[{"href":"https:\/\/skinstudio.ee\/lv\/wp-json\/wp\/v2\/types\/product"}],"version-history":[{"count":1,"href":"https:\/\/skinstudio.ee\/lv\/wp-json\/wp\/v2\/product\/74752\/revisions"}],"predecessor-version":[{"id":74753,"href":"https:\/\/skinstudio.ee\/lv\/wp-json\/wp\/v2\/product\/74752\/revisions\/74753"}],"wp:featuredmedia":[{"embeddable":true,"href":"https:\/\/skinstudio.ee\/lv\/wp-json\/wp\/v2\/media\/74745"}],"wp:attachment":[{"href":"https:\/\/skinstudio.ee\/lv\/wp-json\/wp\/v2\/media?parent=74752"}],"wp:term":[{"taxonomy":"pwb-brand","embeddable":true,"href":"https:\/\/skinstudio.ee\/lv\/wp-json\/wp\/v2\/pwb-brand?post=74752"},{"taxonomy":"product_brand","embeddable":true,"href":"https:\/\/skinstudio.ee\/lv\/wp-json\/wp\/v2\/product_brand?post=74752"},{"taxonomy":"product_cat","embeddable":true,"href":"https:\/\/skinstudio.ee\/lv\/wp-json\/wp\/v2\/product_cat?post=74752"},{"taxonomy":"product_tag","embeddable":true,"href":"https:\/\/skinstudio.ee\/lv\/wp-json\/wp\/v2\/product_tag?post=74752"},{"taxonomy":"giftcard-category","embeddable":true,"href":"https:\/\/skinstudio.ee\/lv\/wp-json\/wp\/v2\/giftcard-category?post=74752"}],"curies":[{"name":"wp","href":"https:\/\/api.w.org\/{rel}","templated":true}]}}