{"id":74772,"date":"2026-01-16T09:42:14","date_gmt":"2026-01-16T09:42:14","guid":{"rendered":"https:\/\/skinstudio.ee\/?post_type=product&#038;p=74772"},"modified":"2026-01-21T13:57:25","modified_gmt":"2026-01-21T13:57:25","slug":"retisil-pro-aging-intensive-serum","status":"publish","type":"product","link":"https:\/\/skinstudio.ee\/lv\/catalog\/sesderma-lv\/retisil-pro-aging-intensive-serum\/","title":{"rendered":"RETISIL Pro Aging Intensive Serum"},"content":{"rendered":"<p data-start=\"210\" data-end=\"577\"><strong data-start=\"210\" data-end=\"259\">RETISIL Pro Aging Intensive Serum no Sesderma<\/strong> ir intens\u012bvs pro-age sejas serums, kas izstr\u0101d\u0101ts \u0101das nostiprin\u0101\u0161anai, t\u0101s bl\u012bvuma uzlabo\u0161anai un redzamai grumbu izskata mazin\u0101\u0161anai. Formula ir v\u0113rsta uz visaptvero\u0161u \u0101das kvalit\u0101tes uzlabo\u0161anu: t\u0101 pal\u012bdz padar\u012bt \u0101du glud\u0101ku, tvirt\u0101ku un vizu\u0101li jaunekl\u012bg\u0101ku, uzlabo \u0101das toni un atjauno svaig\u0101ku, kopt\u0101ku izskatu.<\/p>\n<p data-start=\"579\" data-end=\"741\">Produkts darbojas k\u0101 koncentr\u0113ta stiprino\u0161a kop\u0161ana, kas atbalsta \u0101du ar vecumu saist\u012btu izmai\u0146u laik\u0101 un pal\u012bdz uzlabot \u0101das tekst\u016bru, bl\u012bvumu un kop\u0113jo izskatu.<\/p>\n<p data-start=\"743\" data-end=\"790\"><strong data-start=\"743\" data-end=\"790\">P\u0113c 28 dienu lieto\u0161anas lietot\u0101ji atz\u012bm\u0113ja:<\/strong><\/p>\n<ul data-start=\"792\" data-end=\"998\">\n<li data-start=\"792\" data-end=\"874\">\n<p data-start=\"794\" data-end=\"874\"><strong data-start=\"794\" data-end=\"801\">91%<\/strong> \u2014 \u0101da k\u013cuva maig\u0101ka un glud\u0101ka, un m\u012bmikas l\u012bnijas bija maz\u0101k redzamas<\/p>\n<\/li>\n<li data-start=\"875\" data-end=\"915\">\n<p data-start=\"877\" data-end=\"915\"><strong data-start=\"877\" data-end=\"884\">81%<\/strong> \u2014 samazin\u0101j\u0101s grumbu dzi\u013cums<\/p>\n<\/li>\n<li data-start=\"916\" data-end=\"953\">\n<p data-start=\"918\" data-end=\"953\"><strong data-start=\"918\" data-end=\"925\">88%<\/strong> \u2014 uzlaboj\u0101s \u0101das elast\u012bba<\/p>\n<\/li>\n<li data-start=\"954\" data-end=\"998\">\n<p data-start=\"956\" data-end=\"998\"><strong data-start=\"956\" data-end=\"963\">94%<\/strong> \u2014 rad\u0101s t\u016bl\u012bt\u0113ja komforta saj\u016bta<\/p>\n<\/li>\n<\/ul>\n<p data-start=\"1000\" data-end=\"1117\">* Subjekt\u012bvs 32 br\u012bvpr\u0101t\u012bgo nov\u0113rt\u0113jums, kuri lietoja RETISIL Pro Aging Intensive Serum no r\u012bta un vakar\u0101 28 dienas.<\/p>\n<p data-start=\"1119\" data-end=\"1343\">Produktu lieto, ja ir samazin\u0101ts \u0101das tvirtums, redzamas grumbas, nevienm\u0113r\u012bga tekst\u016bra, bl\u0101vs tonis un dehidrat\u0101cija, k\u0101 ar\u012b gad\u012bjumos, kad nepiecie\u0161ams uzlabot kop\u0113jo \u0101das kvalit\u0101ti un atjaunot kopt\u0101ku un svaig\u0101ku izskatu.<\/p>\n<p data-start=\"1345\" data-end=\"1363\"><strong data-start=\"1345\" data-end=\"1357\">Tilpums:<\/strong> 30 ml<\/p>\n","protected":false},"excerpt":{"rendered":"<p data-start=\"1461\" data-end=\"1491\">Intens\u012bvs pro-age sejas serums<\/p>\n<h2 data-start=\"1493\" data-end=\"1550\"><strong data-start=\"1493\" data-end=\"1550\">\u012apa\u0161\u012bbas Sesderma &#8211; RETISIL Pro Aging Intensive Serum<\/strong><\/h2>\n<p data-start=\"1552\" data-end=\"1780\">\u2714\ufe0f Redzami samazina grumbu un m\u012bmikas l\u012bniju izskatu<br data-start=\"1604\" data-end=\"1607\" \/>\u2714\ufe0f Uzlabo \u0101das tvirtumu un bl\u012bvumu<br data-start=\"1641\" data-end=\"1644\" \/>\u2714\ufe0f Uzlabo \u0101das tekst\u016bru un gludumu<br data-start=\"1678\" data-end=\"1681\" \/>\u2714\ufe0f Izl\u012bdzina \u0101das toni un atjauno svaig\u0101ku izskatu<br data-start=\"1731\" data-end=\"1734\" \/>\u2714\ufe0f Intens\u012bvi mitrina un uzlabo \u0101das komfortu<\/p>\n","protected":false},"featured_media":74765,"template":"","meta":[],"pwb-brand":[1262],"product_brand":[],"product_cat":[727,737,749],"product_tag":[],"giftcard-category":[],"class_list":{"0":"post-74772","1":"product","2":"type-product","3":"status-publish","4":"has-post-thumbnail","6":"pwb-brand-sesderma-lv","7":"product_cat-a-vitamins-retinols","8":"product_cat-mitrinasana","9":"product_cat-novecojosa-ada","11":"first","12":"instock","13":"sale","14":"taxable","15":"shipping-taxable","16":"purchasable","17":"product-type-simple"},"acf":[],"brands":[{"id":1262,"name":"Sesderma","slug":"sesderma-lv"}],"_links":{"self":[{"href":"https:\/\/skinstudio.ee\/lv\/wp-json\/wp\/v2\/product\/74772","targetHints":{"allow":["GET"]}}],"collection":[{"href":"https:\/\/skinstudio.ee\/lv\/wp-json\/wp\/v2\/product"}],"about":[{"href":"https:\/\/skinstudio.ee\/lv\/wp-json\/wp\/v2\/types\/product"}],"version-history":[{"count":1,"href":"https:\/\/skinstudio.ee\/lv\/wp-json\/wp\/v2\/product\/74772\/revisions"}],"predecessor-version":[{"id":74773,"href":"https:\/\/skinstudio.ee\/lv\/wp-json\/wp\/v2\/product\/74772\/revisions\/74773"}],"wp:featuredmedia":[{"embeddable":true,"href":"https:\/\/skinstudio.ee\/lv\/wp-json\/wp\/v2\/media\/74765"}],"wp:attachment":[{"href":"https:\/\/skinstudio.ee\/lv\/wp-json\/wp\/v2\/media?parent=74772"}],"wp:term":[{"taxonomy":"pwb-brand","embeddable":true,"href":"https:\/\/skinstudio.ee\/lv\/wp-json\/wp\/v2\/pwb-brand?post=74772"},{"taxonomy":"product_brand","embeddable":true,"href":"https:\/\/skinstudio.ee\/lv\/wp-json\/wp\/v2\/product_brand?post=74772"},{"taxonomy":"product_cat","embeddable":true,"href":"https:\/\/skinstudio.ee\/lv\/wp-json\/wp\/v2\/product_cat?post=74772"},{"taxonomy":"product_tag","embeddable":true,"href":"https:\/\/skinstudio.ee\/lv\/wp-json\/wp\/v2\/product_tag?post=74772"},{"taxonomy":"giftcard-category","embeddable":true,"href":"https:\/\/skinstudio.ee\/lv\/wp-json\/wp\/v2\/giftcard-category?post=74772"}],"curies":[{"name":"wp","href":"https:\/\/api.w.org\/{rel}","templated":true}]}}