{"id":74789,"date":"2026-01-16T10:16:47","date_gmt":"2026-01-16T10:16:47","guid":{"rendered":"https:\/\/skinstudio.ee\/?post_type=product&#038;p=74789"},"modified":"2026-01-21T13:57:25","modified_gmt":"2026-01-21T13:57:25","slug":"salises-foamy-soap-free-cream","status":"publish","type":"product","link":"https:\/\/skinstudio.ee\/lv\/catalog\/sesderma-lv\/salises-foamy-soap-free-cream\/","title":{"rendered":"SALISES Foamy Soap Free Cream"},"content":{"rendered":"<p data-start=\"152\" data-end=\"485\"><strong data-start=\"152\" data-end=\"197\">SALISES Foamy Soap Free Cream no Sesderma<\/strong> ir maigas, ziepju nesaturo\u0161s att\u012bro\u0161s putu l\u012bdzeklis, kas paredz\u0113ts ikdienas kop\u0161anai \u0101dai ar noslieci uz taukain\u012bbu un nepiln\u012bb\u0101m. Formula nodro\u0161ina r\u016bp\u012bgu, bet saudz\u012bgu att\u012br\u012b\u0161anu, pal\u012bdzot no\u0146emt net\u012brumus, lieko sebumu un kosm\u0113tikas atliekas, neatst\u0101jot savilkuma vai sausuma saj\u016btu.<\/p>\n<p data-start=\"487\" data-end=\"676\">Produkts pal\u012bdz uztur\u0113t \u0101du t\u012br\u0101ku un l\u012bdzsvarot\u0101ku, veicina svaig\u0101ku un kopt\u0101ku izskatu, k\u0101 ar\u012b regul\u0101ras lieto\u0161anas gad\u012bjum\u0101 pal\u012bdz samazin\u0101t taukain\u0101 sp\u012bduma un aizsprostotu poru saj\u016btu.<\/p>\n<p data-start=\"678\" data-end=\"718\"><strong data-start=\"678\" data-end=\"718\">Galveno akt\u012bvo sast\u0101vda\u013cu iedarb\u012bba:<\/strong><\/p>\n<p data-start=\"720\" data-end=\"1035\"><strong data-start=\"720\" data-end=\"737\">Salicilsk\u0101be:<\/strong> pal\u012bdz att\u012br\u012bt poras, uztur\u0113t \u0101du t\u012br\u0101ku un samazin\u0101t poru aizs\u0113r\u0113\u0161anas risku.<br data-start=\"816\" data-end=\"819\" \/><strong data-start=\"819\" data-end=\"841\">Alvejas ekstrakts:<\/strong> pal\u012bdz nomierin\u0101t \u0101du, uztur komforta saj\u016btu un samazina savilkuma saj\u016btu p\u0113c att\u012br\u012b\u0161anas.<br data-start=\"932\" data-end=\"935\" \/><strong data-start=\"935\" data-end=\"966\">Kumel\u012b\u0161u un auzu ekstrakti:<\/strong> pal\u012bdz m\u012bkstin\u0101t \u0101du, uztur\u0113t t\u0101s l\u012bdzsvaru un aizsarg\u0101t no sausuma.<\/p>\n<p data-start=\"1037\" data-end=\"1264\">Produkts tiek lietots ikdienas sejas un \u0137erme\u0146a kop\u0161an\u0101, ja \u0101dai ir nosliece uz taukainu sp\u012bdumu, aizsprostot\u0101m por\u0101m un nepiln\u012bb\u0101m, un ja nepiecie\u0161ama saudz\u012bga, bet efekt\u012bva att\u012br\u012b\u0161ana, lai saglab\u0101tu \u0101du svaigu un l\u012bdzsvarotu.<\/p>\n<p data-start=\"1266\" data-end=\"1285\"><strong data-start=\"1266\" data-end=\"1278\">Tilpums:<\/strong> 250 ml<\/p>\n","protected":false},"excerpt":{"rendered":"<p data-start=\"1448\" data-end=\"1474\">Att\u012bro\u0161as putas bez ziep\u0113m<\/p>\n<h2 data-start=\"1476\" data-end=\"1529\"><strong data-start=\"1476\" data-end=\"1529\">\u012apa\u0161\u012bbas Sesderma &#8211; SALISES Foamy Soap Free Cream<\/strong><\/h2>\n<p data-start=\"1531\" data-end=\"1748\">\u2714\ufe0f Efekt\u012bvi att\u012bra \u0101du no net\u012brumiem un liek\u0101 sebuma<br data-start=\"1583\" data-end=\"1586\" \/>\u2714\ufe0f Pal\u012bdz uztur\u0113t \u0101du svaigu un t\u012bru<br data-start=\"1622\" data-end=\"1625\" \/>\u2714\ufe0f Pal\u012bdz samazin\u0101t taukain\u0101 sp\u012bduma saj\u016btu<br data-start=\"1668\" data-end=\"1671\" \/>\u2714\ufe0f Saglab\u0101 \u0101das komfortu p\u0113c att\u012br\u012b\u0161anas<br data-start=\"1711\" data-end=\"1714\" \/>\u2714\ufe0f Piem\u0113rots ikdienas lieto\u0161anai<\/p>\n","protected":false},"featured_media":74781,"template":"","meta":[],"pwb-brand":[1262],"product_brand":[],"product_cat":[715,747],"product_tag":[],"giftcard-category":[],"class_list":{"0":"post-74789","1":"product","2":"type-product","3":"status-publish","4":"has-post-thumbnail","6":"pwb-brand-sesderma-lv","7":"product_cat-attirisana","8":"product_cat-taukainai-adai","10":"first","11":"instock","12":"taxable","13":"shipping-taxable","14":"purchasable","15":"product-type-simple"},"acf":[],"brands":[{"id":1262,"name":"Sesderma","slug":"sesderma-lv"}],"_links":{"self":[{"href":"https:\/\/skinstudio.ee\/lv\/wp-json\/wp\/v2\/product\/74789","targetHints":{"allow":["GET"]}}],"collection":[{"href":"https:\/\/skinstudio.ee\/lv\/wp-json\/wp\/v2\/product"}],"about":[{"href":"https:\/\/skinstudio.ee\/lv\/wp-json\/wp\/v2\/types\/product"}],"version-history":[{"count":1,"href":"https:\/\/skinstudio.ee\/lv\/wp-json\/wp\/v2\/product\/74789\/revisions"}],"predecessor-version":[{"id":74790,"href":"https:\/\/skinstudio.ee\/lv\/wp-json\/wp\/v2\/product\/74789\/revisions\/74790"}],"wp:featuredmedia":[{"embeddable":true,"href":"https:\/\/skinstudio.ee\/lv\/wp-json\/wp\/v2\/media\/74781"}],"wp:attachment":[{"href":"https:\/\/skinstudio.ee\/lv\/wp-json\/wp\/v2\/media?parent=74789"}],"wp:term":[{"taxonomy":"pwb-brand","embeddable":true,"href":"https:\/\/skinstudio.ee\/lv\/wp-json\/wp\/v2\/pwb-brand?post=74789"},{"taxonomy":"product_brand","embeddable":true,"href":"https:\/\/skinstudio.ee\/lv\/wp-json\/wp\/v2\/product_brand?post=74789"},{"taxonomy":"product_cat","embeddable":true,"href":"https:\/\/skinstudio.ee\/lv\/wp-json\/wp\/v2\/product_cat?post=74789"},{"taxonomy":"product_tag","embeddable":true,"href":"https:\/\/skinstudio.ee\/lv\/wp-json\/wp\/v2\/product_tag?post=74789"},{"taxonomy":"giftcard-category","embeddable":true,"href":"https:\/\/skinstudio.ee\/lv\/wp-json\/wp\/v2\/giftcard-category?post=74789"}],"curies":[{"name":"wp","href":"https:\/\/api.w.org\/{rel}","templated":true}]}}