{"id":74805,"date":"2026-01-16T10:46:37","date_gmt":"2026-01-16T10:46:37","guid":{"rendered":"https:\/\/skinstudio.ee\/?post_type=product&#038;p=74805"},"modified":"2026-01-21T13:57:26","modified_gmt":"2026-01-21T13:57:26","slug":"salises-moisturising-gel-cream","status":"publish","type":"product","link":"https:\/\/skinstudio.ee\/lv\/catalog\/sesderma-lv\/salises-moisturising-gel-cream\/","title":{"rendered":"SALISES Moisturising Gel Cream"},"content":{"rendered":"<p data-start=\"273\" data-end=\"601\"><strong data-start=\"273\" data-end=\"319\">SALISES Moisturising Gel Cream no Sesderma<\/strong> ir viegls, bez e\u013c\u013c\u0101m veidots mitrino\u0161s g\u0113lkr\u0113ms, kas paredz\u0113ts ikdienas kop\u0161anai \u0101dai ar noslieci uz taukain\u012bbu un nepiln\u012bb\u0101m. Formula pal\u012bdz saglab\u0101t l\u012bdzsvaru starp efekt\u012bvu mitrin\u0101\u0161anu un sebuma kontroli, padarot \u0101du svaig\u0101ku, t\u012br\u0101ku un kopt\u0101ku bez smaguma vai lip\u012bguma saj\u016btas.<\/p>\n<p data-start=\"603\" data-end=\"872\">Produkts pal\u012bdz uztur\u0113t \u0101du komfortabl\u0101 st\u0101vokl\u012b, samazina taukain\u0101 sp\u012bduma saj\u016btu, atbalsta poru t\u012br\u012bbu un pal\u012bdz nov\u0113rst virspus\u0113ju sausumu, kas bie\u017ei par\u0101d\u0101s ar\u012b taukainai un problem\u0101tiskai \u0101dai. Viegl\u0101 g\u0113la tekst\u016bra \u0101tri uzs\u016bcas un ir piem\u0113rota ikdienas lieto\u0161anai.<\/p>\n<p data-start=\"874\" data-end=\"911\"><strong data-start=\"874\" data-end=\"911\">K\u0101 darbojas galven\u0101s sast\u0101vda\u013cas:<\/strong><\/p>\n<p data-start=\"913\" data-end=\"1238\"><strong data-start=\"913\" data-end=\"930\">Salicilsk\u0101be:<\/strong> pal\u012bdz att\u012br\u012bt poras, uztur\u0113t vienm\u0113r\u012bg\u0101ku \u0101das izskatu un samazin\u0101t nepiln\u012bbu ra\u0161an\u0101s risku.<br data-start=\"1024\" data-end=\"1027\" \/><strong data-start=\"1027\" data-end=\"1043\">Niacinam\u012bds:<\/strong> pal\u012bdz uzlabot \u0101das kop\u0113jo st\u0101vokli, veicina vienm\u0113r\u012bg\u0101ku toni un pal\u012bdz uztur\u0113t sebuma l\u012bdzsvaru.<br data-start=\"1142\" data-end=\"1145\" \/><strong data-start=\"1145\" data-end=\"1159\">Cinks PCA:<\/strong> pal\u012bdz regul\u0113t sebuma izdal\u012b\u0161anos un saglab\u0101t svaig\u0101ku, mat\u0113t\u0101ku \u0101das izskatu.<\/p>\n<p data-start=\"1240\" data-end=\"1414\">Produkts tiek izmantots ikdienas sejas kop\u0161an\u0101, ja \u0101da ir pak\u013cauta taukainam sp\u012bdumam, nepiln\u012bb\u0101m un nevienm\u0113r\u012bgai tekst\u016brai, un ja ir svar\u012bgi mitrin\u0101t \u0101du, to nep\u0101rslogojot.<\/p>\n<p data-start=\"1416\" data-end=\"1434\"><strong data-start=\"1416\" data-end=\"1428\">Tilpums:<\/strong> 50 ml<\/p>\n","protected":false},"excerpt":{"rendered":"<p data-start=\"1533\" data-end=\"1584\">Mitrino\u0161s g\u0113lkr\u0113ms taukainai un problem\u0101tiskai \u0101dai<\/p>\n<h2 data-start=\"1586\" data-end=\"1640\"><strong data-start=\"1586\" data-end=\"1640\">\u012apa\u0161\u012bbas Sesderma &#8211; SALISES Moisturising Gel Cream<\/strong><\/h2>\n<p data-start=\"1642\" data-end=\"1854\">\u2714\ufe0f Mitrina \u0101du bez smaguma un taukaina sp\u012bduma<br data-start=\"1688\" data-end=\"1691\" \/>\u2714\ufe0f Pal\u012bdz uztur\u0113t sebuma l\u012bdzsvaru<br data-start=\"1725\" data-end=\"1728\" \/>\u2714\ufe0f Veicina t\u012br\u0101ku un kopt\u0101ku \u0101das izskatu<br data-start=\"1769\" data-end=\"1772\" \/>\u2714\ufe0f Atbalsta \u0101das komfortu visas dienas garum\u0101<br data-start=\"1817\" data-end=\"1820\" \/>\u2714\ufe0f Piem\u0113rots ikdienas lieto\u0161anai<\/p>\n","protected":false},"featured_media":74797,"template":"","meta":[],"pwb-brand":[1262],"product_brand":[],"product_cat":[741,737,747],"product_tag":[],"giftcard-category":[],"class_list":{"0":"post-74805","1":"product","2":"type-product","3":"status-publish","4":"has-post-thumbnail","6":"pwb-brand-sesderma-lv","7":"product_cat-izsitumi","8":"product_cat-mitrinasana","9":"product_cat-taukainai-adai","11":"first","12":"instock","13":"taxable","14":"shipping-taxable","15":"purchasable","16":"product-type-simple"},"acf":[],"brands":[{"id":1262,"name":"Sesderma","slug":"sesderma-lv"}],"_links":{"self":[{"href":"https:\/\/skinstudio.ee\/lv\/wp-json\/wp\/v2\/product\/74805","targetHints":{"allow":["GET"]}}],"collection":[{"href":"https:\/\/skinstudio.ee\/lv\/wp-json\/wp\/v2\/product"}],"about":[{"href":"https:\/\/skinstudio.ee\/lv\/wp-json\/wp\/v2\/types\/product"}],"version-history":[{"count":1,"href":"https:\/\/skinstudio.ee\/lv\/wp-json\/wp\/v2\/product\/74805\/revisions"}],"predecessor-version":[{"id":74806,"href":"https:\/\/skinstudio.ee\/lv\/wp-json\/wp\/v2\/product\/74805\/revisions\/74806"}],"wp:featuredmedia":[{"embeddable":true,"href":"https:\/\/skinstudio.ee\/lv\/wp-json\/wp\/v2\/media\/74797"}],"wp:attachment":[{"href":"https:\/\/skinstudio.ee\/lv\/wp-json\/wp\/v2\/media?parent=74805"}],"wp:term":[{"taxonomy":"pwb-brand","embeddable":true,"href":"https:\/\/skinstudio.ee\/lv\/wp-json\/wp\/v2\/pwb-brand?post=74805"},{"taxonomy":"product_brand","embeddable":true,"href":"https:\/\/skinstudio.ee\/lv\/wp-json\/wp\/v2\/product_brand?post=74805"},{"taxonomy":"product_cat","embeddable":true,"href":"https:\/\/skinstudio.ee\/lv\/wp-json\/wp\/v2\/product_cat?post=74805"},{"taxonomy":"product_tag","embeddable":true,"href":"https:\/\/skinstudio.ee\/lv\/wp-json\/wp\/v2\/product_tag?post=74805"},{"taxonomy":"giftcard-category","embeddable":true,"href":"https:\/\/skinstudio.ee\/lv\/wp-json\/wp\/v2\/giftcard-category?post=74805"}],"curies":[{"name":"wp","href":"https:\/\/api.w.org\/{rel}","templated":true}]}}