{"id":74820,"date":"2026-01-16T11:00:46","date_gmt":"2026-01-16T11:00:46","guid":{"rendered":"https:\/\/skinstudio.ee\/?post_type=product&#038;p=74820"},"modified":"2026-01-21T13:57:26","modified_gmt":"2026-01-21T13:57:26","slug":"samay-anti-aging-cream","status":"publish","type":"product","link":"https:\/\/skinstudio.ee\/lv\/catalog\/sesderma-lv\/samay-anti-aging-cream\/","title":{"rendered":"SAMAY Anti-Aging Cream"},"content":{"rendered":"<p data-start=\"137\" data-end=\"484\"><strong data-start=\"137\" data-end=\"175\">SAMAY Anti-Aging Cream no Sesderma<\/strong> ir pretnoveco\u0161an\u0101s kr\u0113ms jut\u012bgai un sausai \u0101dai, kas izstr\u0101d\u0101ts, lai atjaunotu komfortu, stiprin\u0101tu \u0101das aizsargbarjeru un atbalst\u012btu jaunekl\u012bg\u0101ku, kopt\u0101ku izskatu. Formula apvieno barojo\u0161u, mitrino\u0161u un nomierino\u0161u iedarb\u012bbu, pal\u012bdzot \u0101dai lab\u0101k pretoties ikdienas stresa faktoriem un \u0101r\u0113j\u0101s vides ietekmei.<\/p>\n<p data-start=\"486\" data-end=\"761\">Kr\u0113ms pal\u012bdz uzlabot \u0101das elast\u012bbu un bl\u012bvumu, mazina sausuma un savilkuma saj\u016btu, padara \u0101du maig\u0101ku, glud\u0101ku un vizu\u0101li vienm\u0113r\u012bg\u0101ku. Pateicoties sensisomu akt\u012bvo vielu pieg\u0101des sist\u0113mai, sast\u0101vda\u013cas labi uzs\u016bcas un nodro\u0161ina efekt\u012bvu, bet saudz\u012bgu kop\u0161anu bez kairin\u0101juma.<\/p>\n<p data-start=\"763\" data-end=\"800\"><strong data-start=\"763\" data-end=\"800\">K\u0101 darbojas galven\u0101s sast\u0101vda\u013cas:<\/strong><\/p>\n<p data-start=\"802\" data-end=\"1268\"><strong data-start=\"802\" data-end=\"832\">Bakuchiols (bio-retinols):<\/strong> pal\u012bdz atbalst\u012bt \u0101das atjauno\u0161anos un samazin\u0101t noveco\u0161an\u0101s paz\u012bmju redzam\u012bbu, nodro\u0161inot pretnoveco\u0161an\u0101s iedarb\u012bbu bez kairin\u0101juma.<br data-start=\"965\" data-end=\"968\" \/><strong data-start=\"968\" data-end=\"993\">A\u0161vagandas ekstrakts:<\/strong> pal\u012bdz aizsarg\u0101t \u0101du no stresa faktoriem, nomierina \u0101du un uztur t\u0101s l\u012bdzsvaru.<br data-start=\"1073\" data-end=\"1076\" \/><strong data-start=\"1076\" data-end=\"1172\">Barojo\u0161o e\u013c\u013cu un mitrino\u0161o sast\u0101vda\u013cu komplekss (saldo mande\u013cu e\u013c\u013ca, \u0161\u012b sviests, glicer\u012bns):<\/strong> pal\u012bdz stiprin\u0101t \u0101das aizsargbarjeru, mazin\u0101t sausuma saj\u016btu un uztur\u0113t ilgsto\u0161u \u0101das komfortu.<\/p>\n<p data-start=\"1270\" data-end=\"1528\">Produkts tiek izmantots ikdienas \u0101das kop\u0161an\u0101 jut\u012bgai un sausai \u0101dai, ja par\u0101d\u0101s noveco\u0161an\u0101s paz\u012bmes, samazin\u0101s komforts, ir sausums un savilkuma saj\u016bta, k\u0101 ar\u012b gad\u012bjumos, kad nepiecie\u0161ams vienlaikus stiprin\u0101t un nomierin\u0101t \u0101du, uzlabojot t\u0101s kop\u0113jo izskatu.<\/p>\n<p data-start=\"1530\" data-end=\"1548\"><strong data-start=\"1530\" data-end=\"1542\">Tilpums:<\/strong> 50 ml<\/p>\n","protected":false},"excerpt":{"rendered":"<p data-start=\"1644\" data-end=\"1678\">Pretnoveco\u0161an\u0101s kr\u0113ms jut\u012bgai \u0101dai<\/p>\n<h2 data-start=\"1680\" data-end=\"1726\"><strong data-start=\"1680\" data-end=\"1726\">\u012apa\u0161\u012bbas Sesderma &#8211; SAMAY Anti-Aging Cream<\/strong><\/h2>\n<p data-start=\"1728\" data-end=\"1948\">\u2714\ufe0f Stiprina \u0101das aizsargbarjeru<br data-start=\"1759\" data-end=\"1762\" \/>\u2714\ufe0f Intens\u012bvi mitrina un baro \u0101du<br data-start=\"1794\" data-end=\"1797\" \/>\u2714\ufe0f Pal\u012bdz mazin\u0101t sausuma un diskomforta saj\u016btu<br data-start=\"1844\" data-end=\"1847\" \/>\u2714\ufe0f Atbalsta tvirt\u0101ku un kopt\u0101ku \u0101das izskatu<br data-start=\"1891\" data-end=\"1894\" \/>\u2714\ufe0f Nodro\u0161ina pretnoveco\u0161an\u0101s kop\u0161anu bez kairin\u0101juma<\/p>\n","protected":false},"featured_media":74813,"template":"","meta":[],"pwb-brand":[1262],"product_brand":[],"product_cat":[745,737,749,739],"product_tag":[],"giftcard-category":[],"class_list":{"0":"post-74820","1":"product","2":"type-product","3":"status-publish","4":"has-post-thumbnail","6":"pwb-brand-sesderma-lv","7":"product_cat-jutigai-adai","8":"product_cat-mitrinasana","9":"product_cat-novecojosa-ada","10":"product_cat-sausai-adai","12":"first","13":"instock","14":"sale","15":"taxable","16":"shipping-taxable","17":"purchasable","18":"product-type-simple"},"acf":[],"brands":[{"id":1262,"name":"Sesderma","slug":"sesderma-lv"}],"_links":{"self":[{"href":"https:\/\/skinstudio.ee\/lv\/wp-json\/wp\/v2\/product\/74820","targetHints":{"allow":["GET"]}}],"collection":[{"href":"https:\/\/skinstudio.ee\/lv\/wp-json\/wp\/v2\/product"}],"about":[{"href":"https:\/\/skinstudio.ee\/lv\/wp-json\/wp\/v2\/types\/product"}],"version-history":[{"count":1,"href":"https:\/\/skinstudio.ee\/lv\/wp-json\/wp\/v2\/product\/74820\/revisions"}],"predecessor-version":[{"id":74821,"href":"https:\/\/skinstudio.ee\/lv\/wp-json\/wp\/v2\/product\/74820\/revisions\/74821"}],"wp:featuredmedia":[{"embeddable":true,"href":"https:\/\/skinstudio.ee\/lv\/wp-json\/wp\/v2\/media\/74813"}],"wp:attachment":[{"href":"https:\/\/skinstudio.ee\/lv\/wp-json\/wp\/v2\/media?parent=74820"}],"wp:term":[{"taxonomy":"pwb-brand","embeddable":true,"href":"https:\/\/skinstudio.ee\/lv\/wp-json\/wp\/v2\/pwb-brand?post=74820"},{"taxonomy":"product_brand","embeddable":true,"href":"https:\/\/skinstudio.ee\/lv\/wp-json\/wp\/v2\/product_brand?post=74820"},{"taxonomy":"product_cat","embeddable":true,"href":"https:\/\/skinstudio.ee\/lv\/wp-json\/wp\/v2\/product_cat?post=74820"},{"taxonomy":"product_tag","embeddable":true,"href":"https:\/\/skinstudio.ee\/lv\/wp-json\/wp\/v2\/product_tag?post=74820"},{"taxonomy":"giftcard-category","embeddable":true,"href":"https:\/\/skinstudio.ee\/lv\/wp-json\/wp\/v2\/giftcard-category?post=74820"}],"curies":[{"name":"wp","href":"https:\/\/api.w.org\/{rel}","templated":true}]}}