{"id":74835,"date":"2026-01-16T11:09:12","date_gmt":"2026-01-16T11:09:12","guid":{"rendered":"https:\/\/skinstudio.ee\/?post_type=product&#038;p=74835"},"modified":"2026-01-21T13:57:26","modified_gmt":"2026-01-21T13:57:26","slug":"samay-anti-aging-serum","status":"publish","type":"product","link":"https:\/\/skinstudio.ee\/lv\/catalog\/sesderma-lv\/samay-anti-aging-serum\/","title":{"rendered":"SAMAY Anti-Aging Serum"},"content":{"rendered":"<p data-start=\"139\" data-end=\"412\"><strong data-start=\"139\" data-end=\"177\">SAMAY Anti-Aging Serum no Sesderma<\/strong> ir maigs pretnoveco\u0161an\u0101s serums, kas \u012bpa\u0161i izstr\u0101d\u0101ts jut\u012bgai un reakt\u012bvai \u0101dai. Formula paredz\u0113ta \u0101das mitrin\u0101\u0161anai, nomierin\u0101\u0161anai un jaunekl\u012bg\u0101ka izskata atbalstam, pal\u012bdzot mazin\u0101t grumbu redzam\u012bbu bez diskomforta vai kairin\u0101juma.<\/p>\n<p data-start=\"414\" data-end=\"699\">Serums pal\u012bdz uzlabot kop\u0113jo \u0101das st\u0101vokli, padarot to maig\u0101ku, glud\u0101ku un kopt\u0101ku, vienlaikus atbalstot \u0101das elast\u012bbu un komfortu. Pateicoties sensisomu akt\u012bvo vielu pieg\u0101des sist\u0113mai, sast\u0101vda\u013cas labi uzs\u016bcas un darbojas efekt\u012bvi, vienlaikus saglab\u0101jot \u012bpa\u0161u saudz\u012bgumu jut\u012bgai \u0101dai.<\/p>\n<p data-start=\"701\" data-end=\"738\"><strong data-start=\"701\" data-end=\"738\">K\u0101 darbojas galven\u0101s sast\u0101vda\u013cas:<\/strong><\/p>\n<p data-start=\"740\" data-end=\"1200\"><strong data-start=\"740\" data-end=\"770\">Bakuchiols (bio-retinols):<\/strong> pal\u012bdz atbalst\u012bt \u0101das atjauno\u0161anos un samazin\u0101t noveco\u0161an\u0101s paz\u012bmju redzam\u012bbu, nodro\u0161inot pretnoveco\u0161an\u0101s iedarb\u012bbu bez kairin\u0101juma.<br data-start=\"903\" data-end=\"906\" \/><strong data-start=\"906\" data-end=\"931\">A\u0161vagandas ekstrakts:<\/strong> pal\u012bdz aizsarg\u0101t \u0101du no stresa faktoriem, nomierina \u0101du un uztur t\u0101s l\u012bdzsvaru.<br data-start=\"1011\" data-end=\"1014\" \/><strong data-start=\"1014\" data-end=\"1109\">Mitrino\u0161o un barjeru stiprino\u0161o sast\u0101vda\u013cu komplekss (glicer\u012bns, alanto\u012bns, oligosahar\u012bdi):<\/strong> pal\u012bdz stiprin\u0101t \u0101das aizsargbarjeru, mazin\u0101t sausuma saj\u016btu un uztur\u0113t ilgsto\u0161u komfortu.<\/p>\n<p data-start=\"1202\" data-end=\"1417\">Produkts tiek lietots ikdienas \u0101das kop\u0161an\u0101 jut\u012bgai \u0101dai, kad par\u0101d\u0101s grumbas, samazin\u0101s komforts, ir sausums un \u0101das reaktivit\u0101te, un kad nepiecie\u0161ams vienlaikus nomierin\u0101t, mitrin\u0101t un uzlabot \u0101das kop\u0113jo izskatu.<\/p>\n<p data-start=\"1419\" data-end=\"1437\"><strong data-start=\"1419\" data-end=\"1431\">Tilpums:<\/strong> 30 ml<\/p>\n","protected":false},"excerpt":{"rendered":"<p data-start=\"1569\" data-end=\"1604\">Pretnoveco\u0161an\u0101s serums jut\u012bgai \u0101dai<\/p>\n<h2 data-start=\"1606\" data-end=\"1652\"><strong data-start=\"1606\" data-end=\"1652\">\u012apa\u0161\u012bbas Sesderma &#8211; SAMAY Anti-Aging Serum<\/strong><\/h2>\n<p data-start=\"1654\" data-end=\"1888\">\u2714\ufe0f Pal\u012bdz mazin\u0101t grumbu redzam\u012bbu bez kairin\u0101juma<br data-start=\"1704\" data-end=\"1707\" \/>\u2714\ufe0f Nomierina un samazina \u0101das jut\u012bgumu<br data-start=\"1745\" data-end=\"1748\" \/>\u2714\ufe0f Pal\u012bdz stiprin\u0101t \u0101das aizsargbarjeru<br data-start=\"1787\" data-end=\"1790\" \/>\u2714\ufe0f Intens\u012bvi mitrina un uzlabo \u0101das komfortu<br data-start=\"1834\" data-end=\"1837\" \/>\u2714\ufe0f Piem\u0113rots ikdienas lieto\u0161anai ar\u012b jut\u012bgai \u0101dai<\/p>\n","protected":false},"featured_media":74828,"template":"","meta":[],"pwb-brand":[1262],"product_brand":[],"product_cat":[745,749,739,723],"product_tag":[],"giftcard-category":[],"class_list":{"0":"post-74835","1":"product","2":"type-product","3":"status-publish","4":"has-post-thumbnail","6":"pwb-brand-sesderma-lv","7":"product_cat-jutigai-adai","8":"product_cat-novecojosa-ada","9":"product_cat-sausai-adai","10":"product_cat-serumi","12":"first","13":"instock","14":"sale","15":"taxable","16":"shipping-taxable","17":"purchasable","18":"product-type-simple"},"acf":[],"brands":[{"id":1262,"name":"Sesderma","slug":"sesderma-lv"}],"_links":{"self":[{"href":"https:\/\/skinstudio.ee\/lv\/wp-json\/wp\/v2\/product\/74835","targetHints":{"allow":["GET"]}}],"collection":[{"href":"https:\/\/skinstudio.ee\/lv\/wp-json\/wp\/v2\/product"}],"about":[{"href":"https:\/\/skinstudio.ee\/lv\/wp-json\/wp\/v2\/types\/product"}],"version-history":[{"count":1,"href":"https:\/\/skinstudio.ee\/lv\/wp-json\/wp\/v2\/product\/74835\/revisions"}],"predecessor-version":[{"id":74836,"href":"https:\/\/skinstudio.ee\/lv\/wp-json\/wp\/v2\/product\/74835\/revisions\/74836"}],"wp:featuredmedia":[{"embeddable":true,"href":"https:\/\/skinstudio.ee\/lv\/wp-json\/wp\/v2\/media\/74828"}],"wp:attachment":[{"href":"https:\/\/skinstudio.ee\/lv\/wp-json\/wp\/v2\/media?parent=74835"}],"wp:term":[{"taxonomy":"pwb-brand","embeddable":true,"href":"https:\/\/skinstudio.ee\/lv\/wp-json\/wp\/v2\/pwb-brand?post=74835"},{"taxonomy":"product_brand","embeddable":true,"href":"https:\/\/skinstudio.ee\/lv\/wp-json\/wp\/v2\/product_brand?post=74835"},{"taxonomy":"product_cat","embeddable":true,"href":"https:\/\/skinstudio.ee\/lv\/wp-json\/wp\/v2\/product_cat?post=74835"},{"taxonomy":"product_tag","embeddable":true,"href":"https:\/\/skinstudio.ee\/lv\/wp-json\/wp\/v2\/product_tag?post=74835"},{"taxonomy":"giftcard-category","embeddable":true,"href":"https:\/\/skinstudio.ee\/lv\/wp-json\/wp\/v2\/giftcard-category?post=74835"}],"curies":[{"name":"wp","href":"https:\/\/api.w.org\/{rel}","templated":true}]}}