{"id":74845,"date":"2026-01-16T11:15:41","date_gmt":"2026-01-16T11:15:41","guid":{"rendered":"https:\/\/skinstudio.ee\/?post_type=product&#038;p=74845"},"modified":"2026-01-21T13:57:26","modified_gmt":"2026-01-21T13:57:26","slug":"sebovalis-shampoo","status":"publish","type":"product","link":"https:\/\/skinstudio.ee\/lv\/catalog\/sesderma-lv\/sebovalis-shampoo\/","title":{"rendered":"SEBOVALIS Shampoo"},"content":{"rendered":"<p data-start=\"120\" data-end=\"428\"><strong data-start=\"120\" data-end=\"153\">SEBOVALIS Shampoo no Sesderma<\/strong> ir maigs, bet efekt\u012bvs pretblaugznu \u0161amp\u016bns, kas izstr\u0101d\u0101ts galvas \u0101das att\u012br\u012b\u0161anai un seborejisk\u0101 dermat\u012bta izpausmju mazin\u0101\u0161anai. Formula pal\u012bdz samazin\u0101t lob\u012b\u0161anos, mazina niezes un diskomforta saj\u016btu, k\u0101 ar\u012b pal\u012bdz uztur\u0113t galvas \u0101du t\u012br\u0101ku un svaig\u0101ku, to nep\u0101rsusinot.<\/p>\n<p data-start=\"430\" data-end=\"725\">\u0160amp\u016bns nodro\u0161ina saudz\u012bgu, bet r\u016bp\u012bgu att\u012br\u012b\u0161anu, pal\u012bdz normaliz\u0113t galvas \u0101das st\u0101vokli un vienlaikus kopj matus, padarot tos m\u012bkst\u0101kus, glud\u0101kus un sp\u012bd\u012bg\u0101kus, atvieglojot \u0137emm\u0113\u0161anu un pie\u0161\u0137irot apjomu. Produkts ir piem\u0113rots regul\u0101rai lieto\u0161anai un pal\u012bdz uztur\u0113t \u0101das fiziolo\u0123isko pH l\u012bmeni.<\/p>\n<p data-start=\"727\" data-end=\"764\"><strong data-start=\"727\" data-end=\"764\">K\u0101 darbojas galven\u0101s sast\u0101vda\u013cas:<\/strong><\/p>\n<p data-start=\"766\" data-end=\"1210\"><strong data-start=\"766\" data-end=\"788\">Piroktona olam\u012bns:<\/strong> pal\u012bdz c\u012bn\u012bties ar blaugznu ra\u0161an\u0101s c\u0113lo\u0146iem, atbalsta vesel\u012bg\u0101ku galvas \u0101das mikrofloru un samazina atk\u0101rtotas lob\u012b\u0161an\u0101s risku.<br data-start=\"917\" data-end=\"920\" \/><strong data-start=\"920\" data-end=\"937\">Salicilsk\u0101be:<\/strong> pal\u012bdz maigi nolob\u012bt atmiru\u0161\u0101s \u0101das \u0161\u016bnas, att\u012bra galvas \u0101du un uzlabo t\u0101s visp\u0101r\u0113jo st\u0101vokli.<br data-start=\"1032\" data-end=\"1035\" \/><strong data-start=\"1035\" data-end=\"1112\">Mitrino\u0161s un atjaunojo\u0161s komplekss (pantenols, aminosk\u0101bes, n\u0101trija PCA):<\/strong> pal\u012bdz uztur\u0113t galvas \u0101das un matu mitruma l\u012bdzsvaru, samazina sausuma saj\u016btu un uzlabo komfortu.<\/p>\n<p data-start=\"1212\" data-end=\"1446\">Produktu izmanto galvas \u0101das kop\u0161anai, un to var lietot ar\u012b sejas un \u0137erme\u0146a \u0101dai seborejiskas noslieces, blaugznu, lob\u012b\u0161an\u0101s un niezes gad\u012bjum\u0101, kad nepiecie\u0161ama saudz\u012bga, bet efekt\u012bva att\u012br\u012b\u0161ana un vesel\u012bga \u0101das st\u0101vok\u013ca uztur\u0113\u0161ana.<\/p>\n<p data-start=\"1448\" data-end=\"1467\"><strong data-start=\"1448\" data-end=\"1460\">Tilpums:<\/strong> 200 ml<\/p>\n","protected":false},"excerpt":{"rendered":"<p data-start=\"1681\" data-end=\"1733\">Pretblaugznu \u0161amp\u016bns seborejai pak\u013cautai galvas \u0101dai<\/p>\n<h2 data-start=\"1735\" data-end=\"1776\"><strong data-start=\"1735\" data-end=\"1776\">\u012apa\u0161\u012bbas Sesderma &#8211; SEBOVALIS Shampoo<\/strong><\/h2>\n<p data-start=\"1778\" data-end=\"2021\">\u2714\ufe0f Pal\u012bdz samazin\u0101t blaugznas un lob\u012b\u0161anos<br data-start=\"1820\" data-end=\"1823\" \/>\u2714\ufe0f Mazina niezes un diskomforta saj\u016btu galvas \u0101d\u0101<br data-start=\"1872\" data-end=\"1875\" \/>\u2714\ufe0f Atbalsta t\u012br\u0101ku un l\u012bdzsvarot\u0101ku galvas \u0101das st\u0101vokli<br data-start=\"1931\" data-end=\"1934\" \/>\u2714\ufe0f Padara matus m\u012bkst\u0101kus, glud\u0101kus un sp\u012bd\u012bg\u0101kus<br data-start=\"1983\" data-end=\"1986\" \/>\u2714\ufe0f Piem\u0113rots regul\u0101rai lieto\u0161anai<\/p>\n","protected":false},"featured_media":74852,"template":"","meta":[],"pwb-brand":[1262],"product_brand":[],"product_cat":[762],"product_tag":[],"giftcard-category":[],"class_list":{"0":"post-74845","1":"product","2":"type-product","3":"status-publish","4":"has-post-thumbnail","6":"pwb-brand-sesderma-lv","7":"product_cat-matu-kopsana","9":"first","10":"instock","11":"sale","12":"taxable","13":"shipping-taxable","14":"purchasable","15":"product-type-simple"},"acf":[],"brands":[{"id":1262,"name":"Sesderma","slug":"sesderma-lv"}],"_links":{"self":[{"href":"https:\/\/skinstudio.ee\/lv\/wp-json\/wp\/v2\/product\/74845","targetHints":{"allow":["GET"]}}],"collection":[{"href":"https:\/\/skinstudio.ee\/lv\/wp-json\/wp\/v2\/product"}],"about":[{"href":"https:\/\/skinstudio.ee\/lv\/wp-json\/wp\/v2\/types\/product"}],"version-history":[{"count":1,"href":"https:\/\/skinstudio.ee\/lv\/wp-json\/wp\/v2\/product\/74845\/revisions"}],"predecessor-version":[{"id":74846,"href":"https:\/\/skinstudio.ee\/lv\/wp-json\/wp\/v2\/product\/74845\/revisions\/74846"}],"wp:featuredmedia":[{"embeddable":true,"href":"https:\/\/skinstudio.ee\/lv\/wp-json\/wp\/v2\/media\/74852"}],"wp:attachment":[{"href":"https:\/\/skinstudio.ee\/lv\/wp-json\/wp\/v2\/media?parent=74845"}],"wp:term":[{"taxonomy":"pwb-brand","embeddable":true,"href":"https:\/\/skinstudio.ee\/lv\/wp-json\/wp\/v2\/pwb-brand?post=74845"},{"taxonomy":"product_brand","embeddable":true,"href":"https:\/\/skinstudio.ee\/lv\/wp-json\/wp\/v2\/product_brand?post=74845"},{"taxonomy":"product_cat","embeddable":true,"href":"https:\/\/skinstudio.ee\/lv\/wp-json\/wp\/v2\/product_cat?post=74845"},{"taxonomy":"product_tag","embeddable":true,"href":"https:\/\/skinstudio.ee\/lv\/wp-json\/wp\/v2\/product_tag?post=74845"},{"taxonomy":"giftcard-category","embeddable":true,"href":"https:\/\/skinstudio.ee\/lv\/wp-json\/wp\/v2\/giftcard-category?post=74845"}],"curies":[{"name":"wp","href":"https:\/\/api.w.org\/{rel}","templated":true}]}}