{"id":74867,"date":"2026-01-16T11:23:28","date_gmt":"2026-01-16T11:23:28","guid":{"rendered":"https:\/\/skinstudio.ee\/?post_type=product&#038;p=74867"},"modified":"2026-01-21T13:57:26","modified_gmt":"2026-01-21T13:57:26","slug":"sensyses-cleanser-classic","status":"publish","type":"product","link":"https:\/\/skinstudio.ee\/lv\/catalog\/sesderma-lv\/sensyses-cleanser-classic\/","title":{"rendered":"SENSYSES Cleanser Classic"},"content":{"rendered":"<p data-start=\"135\" data-end=\"475\"><strong data-start=\"135\" data-end=\"176\">SENSYSES Cleanser Classic no Sesderma<\/strong> ir maigs, bet efekt\u012bvs ikdienas sejas att\u012br\u012b\u0161anas un kosm\u0113tikas no\u0146em\u0161anas l\u012bdzeklis, piem\u0113rots visiem \u0101das tipiem, tostarp jut\u012bgai \u0101dai. Pateicoties liposomu tehnolo\u0123ijai, tas saudz\u012bgi saista un no\u0146em kosm\u0113tiku, lieko sebumu un net\u012brumus, netrauc\u0113jot \u0101das dabisko l\u012bdzsvaru un neradot kairin\u0101jumu.<\/p>\n<p data-start=\"477\" data-end=\"721\">Formula darbojas saska\u0146\u0101 ar \u0101das fiziolo\u0123iju, pal\u012bdzot saglab\u0101t t\u012bru, svaigu un komfortablu saj\u016btu. L\u012bdzekli var lietot gan no r\u012bta, gan vakar\u0101, k\u0101 ar\u012b jebkur\u0101 br\u012bd\u012b, kad \u0101dai nepiecie\u0161ama \u012bpa\u0161i maiga, bet r\u016bp\u012bga att\u012br\u012b\u0161ana bez sausuma saj\u016btas.<\/p>\n<p data-start=\"723\" data-end=\"760\"><strong data-start=\"723\" data-end=\"760\">K\u0101 darbojas galven\u0101s sast\u0101vda\u013cas:<\/strong><\/p>\n<p data-start=\"762\" data-end=\"1185\"><strong data-start=\"762\" data-end=\"814\">Burvjulazdas ekstrakts, alvejas sula, pantenols:<\/strong> pal\u012bdz nomierin\u0101t \u0101du, mazin\u0101t diskomfortu un atbalsta \u0101das atjauno\u0161anos p\u0113c att\u012br\u012b\u0161anas.<br data-start=\"904\" data-end=\"907\" \/><strong data-start=\"907\" data-end=\"974\">Auzu ekstrakts, organiskais sil\u012bcijs, neaizst\u0101jam\u0101s tauksk\u0101bes:<\/strong> pal\u012bdz stiprin\u0101t \u0101das aizsargbarjeru un uzlabot t\u0101s notur\u012bbu pret \u0101r\u0113jiem faktoriem.<br data-start=\"1059\" data-end=\"1062\" \/><strong data-start=\"1062\" data-end=\"1118\">Fitospingoz\u012bns, glicirret\u012bnsk\u0101be, bosv\u0113lijas sk\u0101bes:<\/strong> pal\u012bdz aizsarg\u0101t \u0101du no kairin\u0101juma un samazin\u0101t t\u0101s reaktivit\u0101ti.<\/p>\n<p data-start=\"1187\" data-end=\"1371\">L\u012bdzeklis paredz\u0113ts ikdienas sejas \u0101das att\u012br\u012b\u0161anai un kosm\u0113tikas no\u0146em\u0161anai, \u012bpa\u0161i gad\u012bjumos, kad nepiecie\u0161ama maksim\u0101li saudz\u012bga, bet efekt\u012bva att\u012br\u012b\u0161ana bez \u0101das barjeras boj\u0101\u0161anas.<\/p>\n<p data-start=\"1373\" data-end=\"1392\"><strong data-start=\"1373\" data-end=\"1385\">Tilpums:<\/strong> 200 ml<\/p>\n","protected":false},"excerpt":{"rendered":"<p data-start=\"1708\" data-end=\"1764\">Maigs sejas att\u012br\u012b\u0161anas l\u012bdzeklis un kosm\u0113tikas no\u0146\u0113m\u0113js<\/p>\n<h2 data-start=\"1766\" data-end=\"1815\"><strong data-start=\"1766\" data-end=\"1815\">\u012bpa\u0161\u012bbas Sesderma &#8211; SENSYSES Cleanser Classic<\/strong><\/h2>\n<p data-start=\"1817\" data-end=\"2019\">\u2714\ufe0f Maigi att\u012bra \u0101du bez kairin\u0101juma<br data-start=\"1852\" data-end=\"1855\" \/>\u2714\ufe0f Efekt\u012bvi no\u0146em kosm\u0113tiku un net\u012brumus<br data-start=\"1895\" data-end=\"1898\" \/>\u2714\ufe0f Pal\u012bdz saglab\u0101t svaigas un komfortablas \u0101das saj\u016btu<br data-start=\"1952\" data-end=\"1955\" \/>\u2714\ufe0f Nomierina un m\u012bkstina \u0101du<br data-start=\"1983\" data-end=\"1986\" \/>\u2714\ufe0f Atbalsta \u0101das aizsargbarjeru<\/p>\n","protected":false},"featured_media":74858,"template":"","meta":[],"pwb-brand":[1262],"product_brand":[],"product_cat":[715,745],"product_tag":[],"giftcard-category":[],"class_list":{"0":"post-74867","1":"product","2":"type-product","3":"status-publish","4":"has-post-thumbnail","6":"pwb-brand-sesderma-lv","7":"product_cat-attirisana","8":"product_cat-jutigai-adai","10":"first","11":"instock","12":"sale","13":"taxable","14":"shipping-taxable","15":"purchasable","16":"product-type-simple"},"acf":[],"brands":[{"id":1262,"name":"Sesderma","slug":"sesderma-lv"}],"_links":{"self":[{"href":"https:\/\/skinstudio.ee\/lv\/wp-json\/wp\/v2\/product\/74867","targetHints":{"allow":["GET"]}}],"collection":[{"href":"https:\/\/skinstudio.ee\/lv\/wp-json\/wp\/v2\/product"}],"about":[{"href":"https:\/\/skinstudio.ee\/lv\/wp-json\/wp\/v2\/types\/product"}],"version-history":[{"count":1,"href":"https:\/\/skinstudio.ee\/lv\/wp-json\/wp\/v2\/product\/74867\/revisions"}],"predecessor-version":[{"id":74868,"href":"https:\/\/skinstudio.ee\/lv\/wp-json\/wp\/v2\/product\/74867\/revisions\/74868"}],"wp:featuredmedia":[{"embeddable":true,"href":"https:\/\/skinstudio.ee\/lv\/wp-json\/wp\/v2\/media\/74858"}],"wp:attachment":[{"href":"https:\/\/skinstudio.ee\/lv\/wp-json\/wp\/v2\/media?parent=74867"}],"wp:term":[{"taxonomy":"pwb-brand","embeddable":true,"href":"https:\/\/skinstudio.ee\/lv\/wp-json\/wp\/v2\/pwb-brand?post=74867"},{"taxonomy":"product_brand","embeddable":true,"href":"https:\/\/skinstudio.ee\/lv\/wp-json\/wp\/v2\/product_brand?post=74867"},{"taxonomy":"product_cat","embeddable":true,"href":"https:\/\/skinstudio.ee\/lv\/wp-json\/wp\/v2\/product_cat?post=74867"},{"taxonomy":"product_tag","embeddable":true,"href":"https:\/\/skinstudio.ee\/lv\/wp-json\/wp\/v2\/product_tag?post=74867"},{"taxonomy":"giftcard-category","embeddable":true,"href":"https:\/\/skinstudio.ee\/lv\/wp-json\/wp\/v2\/giftcard-category?post=74867"}],"curies":[{"name":"wp","href":"https:\/\/api.w.org\/{rel}","templated":true}]}}