{"id":74898,"date":"2026-01-16T11:45:07","date_gmt":"2026-01-16T11:45:07","guid":{"rendered":"https:\/\/skinstudio.ee\/?post_type=product&#038;p=74898"},"modified":"2026-01-21T13:57:26","modified_gmt":"2026-01-21T13:57:26","slug":"sesbalance-mattifying-gel-cream","status":"publish","type":"product","link":"https:\/\/skinstudio.ee\/lv\/catalog\/sesderma-lv\/sesbalance-mattifying-gel-cream\/","title":{"rendered":"SESBALANCE Mattifying Gel Cream"},"content":{"rendered":"<p data-start=\"168\" data-end=\"487\"><strong data-start=\"168\" data-end=\"215\">SESBALANCE Mattifying Gel Cream no Sesderma<\/strong> ir viegls mat\u0113jo\u0161s g\u0113la kr\u0113ms, kas paredz\u0113ts kombin\u0113tas un taukainas \u0101das ikdienas kop\u0161anai, ja \u0101dai ir tendence sp\u012bd\u0113t un par\u0101d\u0101s nepiln\u012bbas. Formula ir v\u0113rsta uz sebuma l\u012bdzsvaro\u0161anu, \u0101das tekst\u016bras uzlabo\u0161anu un t\u012br\u0101ka, kopt\u0101ka izskata saglab\u0101\u0161anu bez smaguma saj\u016btas.<\/p>\n<p data-start=\"489\" data-end=\"752\">G\u0113lveida tekst\u016bra \u0101tri ies\u016bcas un ir pat\u012bkama \u0101dai. P\u0113c uzkl\u0101\u0161anas \u0101da izskat\u0101s mat\u0113t\u0101ka un glud\u0101ka, bet regul\u0101ri lietojot k\u013c\u016bst vienm\u0113r\u012bg\u0101ka, sakopt\u0101ka un vizu\u0101li t\u012br\u0101ka. L\u012bdzeklis pal\u012bdz saglab\u0101t l\u012bdzsvaru starp mat\u0113jo\u0161u efektu un \u0101das komfortu, to neiz\u017e\u0101v\u0113jot.<\/p>\n<p data-start=\"754\" data-end=\"884\">SESBALANCE Mattifying Gel Cream no Sesderma ar\u012b atbalsta \u0101das atjauno\u0161anos un pal\u012bdz ikdien\u0101 saglab\u0101t svaig\u0101ku un kopt\u0101ku izskatu.<\/p>\n<p data-start=\"886\" data-end=\"923\"><strong data-start=\"886\" data-end=\"923\">K\u0101 darbojas galven\u0101s sast\u0101vda\u013cas:<\/strong><\/p>\n<p data-start=\"925\" data-end=\"1243\"><strong data-start=\"925\" data-end=\"951\">Retinols un retinalis:<\/strong> atbalsta \u0101das atjauno\u0161anos, pal\u012bdz izl\u012bdzin\u0101t \u0101das virsmu un saglab\u0101t vienm\u0113r\u012bg\u0101ku un kopt\u0101ku izskatu.<br data-start=\"1054\" data-end=\"1057\" \/><strong data-start=\"1057\" data-end=\"1073\">Niacinam\u012bds:<\/strong> pal\u012bdz samazin\u0101t lieko sp\u012bdumu un uztur\u0113t vienm\u0113r\u012bg\u0101ku toni un \u0101das komfortu.<br data-start=\"1151\" data-end=\"1154\" \/><strong data-start=\"1154\" data-end=\"1171\">Salicilsk\u0101be:<\/strong> pal\u012bdz uztur\u0113t poras t\u012bras un veicina t\u012br\u0101ku un sakopt\u0101ku \u0101das izskatu.<\/p>\n<p data-start=\"1245\" data-end=\"1449\">L\u012bdzeklis ir piem\u0113rots kombin\u0113tas, taukainas un uz nepiln\u012bb\u0101m tend\u0113tas \u0101das ikdienas kop\u0161anai, \u012bpa\u0161i gad\u012bjumos, kad nepiecie\u0161ams mazin\u0101t sp\u012bdumu, uzlabot \u0101das tekst\u016bru un saglab\u0101t mat\u0113tu un koptu izskatu.<\/p>\n<p data-start=\"1451\" data-end=\"1469\"><strong data-start=\"1451\" data-end=\"1469\">Tilpums: 50 ml<\/strong><\/p>\n","protected":false},"excerpt":{"rendered":"<p data-start=\"1547\" data-end=\"1566\">Mat\u0113jo\u0161s g\u0113la kr\u0113ms<\/p>\n<h2 data-start=\"1568\" data-end=\"1623\"><strong data-start=\"1568\" data-end=\"1623\">\u012apa\u0161\u012bbas Sesderma &#8211; SESBALANCE Mattifying Gel Cream<\/strong><\/h2>\n<p data-start=\"1625\" data-end=\"1805\">\u2714\ufe0f Pal\u012bdz kontrol\u0113t lieko sp\u012bdumu<br data-start=\"1658\" data-end=\"1661\" \/>\u2714\ufe0f Uzlabo \u0101das tekst\u016bru<br data-start=\"1684\" data-end=\"1687\" \/>\u2714\ufe0f Veicina t\u012br\u0101ku un kopt\u0101ku izskatu<br data-start=\"1723\" data-end=\"1726\" \/>\u2714\ufe0f \u0100tri ies\u016bcas un neatst\u0101j smaguma saj\u016btu<br data-start=\"1768\" data-end=\"1771\" \/>\u2714\ufe0f Piem\u0113rots ikdienas lieto\u0161anai<\/p>\n","protected":false},"featured_media":74922,"template":"","meta":[],"pwb-brand":[1262],"product_brand":[],"product_cat":[737,747],"product_tag":[],"giftcard-category":[],"class_list":{"0":"post-74898","1":"product","2":"type-product","3":"status-publish","4":"has-post-thumbnail","6":"pwb-brand-sesderma-lv","7":"product_cat-mitrinasana","8":"product_cat-taukainai-adai","10":"first","11":"instock","12":"taxable","13":"shipping-taxable","14":"purchasable","15":"product-type-simple"},"acf":[],"brands":[{"id":1262,"name":"Sesderma","slug":"sesderma-lv"}],"_links":{"self":[{"href":"https:\/\/skinstudio.ee\/lv\/wp-json\/wp\/v2\/product\/74898","targetHints":{"allow":["GET"]}}],"collection":[{"href":"https:\/\/skinstudio.ee\/lv\/wp-json\/wp\/v2\/product"}],"about":[{"href":"https:\/\/skinstudio.ee\/lv\/wp-json\/wp\/v2\/types\/product"}],"version-history":[{"count":1,"href":"https:\/\/skinstudio.ee\/lv\/wp-json\/wp\/v2\/product\/74898\/revisions"}],"predecessor-version":[{"id":74899,"href":"https:\/\/skinstudio.ee\/lv\/wp-json\/wp\/v2\/product\/74898\/revisions\/74899"}],"wp:featuredmedia":[{"embeddable":true,"href":"https:\/\/skinstudio.ee\/lv\/wp-json\/wp\/v2\/media\/74922"}],"wp:attachment":[{"href":"https:\/\/skinstudio.ee\/lv\/wp-json\/wp\/v2\/media?parent=74898"}],"wp:term":[{"taxonomy":"pwb-brand","embeddable":true,"href":"https:\/\/skinstudio.ee\/lv\/wp-json\/wp\/v2\/pwb-brand?post=74898"},{"taxonomy":"product_brand","embeddable":true,"href":"https:\/\/skinstudio.ee\/lv\/wp-json\/wp\/v2\/product_brand?post=74898"},{"taxonomy":"product_cat","embeddable":true,"href":"https:\/\/skinstudio.ee\/lv\/wp-json\/wp\/v2\/product_cat?post=74898"},{"taxonomy":"product_tag","embeddable":true,"href":"https:\/\/skinstudio.ee\/lv\/wp-json\/wp\/v2\/product_tag?post=74898"},{"taxonomy":"giftcard-category","embeddable":true,"href":"https:\/\/skinstudio.ee\/lv\/wp-json\/wp\/v2\/giftcard-category?post=74898"}],"curies":[{"name":"wp","href":"https:\/\/api.w.org\/{rel}","templated":true}]}}